{"id":2359,"date":"2022-01-05T00:13:38","date_gmt":"2022-01-04T23:13:38","guid":{"rendered":"https:\/\/vsl3.eu\/sk\/?post_type=product&#038;p=2359"},"modified":"2026-03-05T22:32:12","modified_gmt":"2026-03-05T21:32:12","slug":"vsl3-vrecusko","status":"publish","type":"product","link":"https:\/\/vsl3.eu\/sk\/shop\/vsl3-vrecusko\/","title":{"rendered":"VSL#3 V\u00fd\u017eivov\u00fd doplnok"},"content":{"rendered":"<h3>Ako sa u\u017e\u00edva?<\/h3>\n<p>Obsah vrec\u00fa\u0161ka rozpus\u0165te vo vode, jogurte, jabl\u010dnej \u0161\u0165ave alebo inej studenej, nes\u00fdtenej tekutine a ihne\u010f vypite. S\u00a0vrec\u00fa\u0161kom VSL # 3 sa \u013eahko manipuluje a\u00a0\u013eahko sa pren\u00e1\u0161a. \u00daprava \u010drevnej fl\u00f3ry m\u00f4\u017ee trva\u0165 nieko\u013eko dn\u00ed alebo t\u00fd\u017ed\u0148ov; m\u00f4\u017ee trva\u0165 aj 1 mesiac, k\u00fdm bude koloniz\u00e1cia \u010driev optim\u00e1lne stabiln\u00e1.<\/p>\n<p>Doporu\u010den\u00e1 denn\u00e1 d\u00e1vka je 1\u20132 vrec\u00fa\u0161ka (4,4\u20138,8 g). Neprekra\u010dujte doporu\u010den\u00fa denn\u00fa d\u00e1vku.<\/p>\n<p>VSL#3\u00ae mo\u017eno pou\u017ei\u0165 do konce d\u00e1tumu pou\u017eite\u013enosti.<\/p>\n<p>Uchov\u00e1vajte mimo dosahu det\u00ed. Nie je ur\u010den\u00e9 de\u0165om do 3 rokov!<\/p>\n<h3>Ako sa skladuje?<\/h3>\n<p>V chladni\u010dke pri teplote 2-8 \u00b0C. VSL#3\u00ae mo\u017eno ponecha\u0165 mimo chladni\u010dky a\u017e 7 dn\u00ed, \u010do nem\u00e1 vplyv na jeho kvalitu. Nemo\u017eno ho v\u0161ak skladova\u0165 pri teplote vy\u0161\u0161ej ako 25 \u00b0 C. Doplnok stravy nenahradzuje vyv\u00e1\u017een\u00fa, zmie\u0161an\u00fa stravu a zdrav\u00fd \u017eivotn\u00ed \u0161t\u00fdl!<\/p>\n","protected":false},"excerpt":{"rendered":"<p>VSL#3\u00ae je vysoko koncentrovan\u00fd probiotick\u00fd doplnok stravy, ktor\u00fd obsahuje\u00a0<strong>450 mili\u00e1rd bakt\u00e9ri\u00ed z 8 ve\u013emi prospe\u0161n\u00fdch, \u017eiv\u00fdch kme\u0148ov v ka\u017edom vrec\u00fa\u0161ku<\/strong>. Ka\u017ed\u00fd z t\u00fdchto kme\u0148ov bol \u0161peci\u00e1lne vybrat\u00fd a potom lyofilizovn\u00fd tak, aby pre\u017eil drsn\u00e9 podmienky v \u017eal\u00fadku. To umo\u017e\u0148uje bakt\u00e9ri\u00e1m dosiahnu\u0165 \u010drevo a kolonizova\u0165 ho, \u010do pom\u00e1ha udr\u017eova\u0165 tr\u00e1viaci trakt v dobrom stave.<\/p>\n<p><strong>V\u00fd\u017eivov\u00fd doplnok VSL#3\u00ae obsahuje lyofilizovan\u00e9 \u017eiv\u00e9 bakt\u00e9rie, ktor\u00e9 m\u00f4\u017eu pom\u00e1ha\u0165 vytv\u00e1ra\u0165 bakteri\u00e1lnu rovnov\u00e1hu v \u010dreve.<\/strong>\u00a0\u013dudsk\u00e9 telo obsahuje miliardy bakt\u00e9ri\u00ed, prospe\u0161n\u00fdch, ale napr\u00edklad aj patog\u00e9nnych, ktor\u00e9 tie\u017e \u017eij\u00fa v tr\u00e1viacom syst\u00e9me. Tr\u00e1venie je zlo\u017eit\u00fd proces, ktor\u00fd Va\u0161e telo vykon\u00e1va aby zmenilo jedlo, ktor\u00e9 jete, na \u017eiviny, ktor\u00e9 sa potom vstreb\u00e1vaj\u00fa do V\u00e1\u0161ho krvn\u00e9ho obehu a pren\u00e1\u0161aj\u00fa sa do v\u0161etk\u00fdch buniek V\u00e1\u0161ho tela.<\/p>\n[pharmacylogoblock2]\n","protected":false},"featured_media":2296,"comment_status":"open","ping_status":"closed","template":"","meta":{"_acf_changed":false},"product_brand":[],"product_cat":[65],"product_tag":[],"class_list":{"0":"post-2359","1":"product","2":"type-product","3":"status-publish","4":"has-post-thumbnail","6":"product_cat-vyzivovy-doplnok","8":"first","9":"instock","10":"taxable","11":"shipping-taxable","12":"product-type-external"},"acf":[],"_links":{"self":[{"href":"https:\/\/vsl3.eu\/sk\/wp-json\/wp\/v2\/product\/2359","targetHints":{"allow":["GET"]}}],"collection":[{"href":"https:\/\/vsl3.eu\/sk\/wp-json\/wp\/v2\/product"}],"about":[{"href":"https:\/\/vsl3.eu\/sk\/wp-json\/wp\/v2\/types\/product"}],"replies":[{"embeddable":true,"href":"https:\/\/vsl3.eu\/sk\/wp-json\/wp\/v2\/comments?post=2359"}],"wp:featuredmedia":[{"embeddable":true,"href":"https:\/\/vsl3.eu\/sk\/wp-json\/wp\/v2\/media\/2296"}],"wp:attachment":[{"href":"https:\/\/vsl3.eu\/sk\/wp-json\/wp\/v2\/media?parent=2359"}],"wp:term":[{"taxonomy":"product_brand","embeddable":true,"href":"https:\/\/vsl3.eu\/sk\/wp-json\/wp\/v2\/product_brand?post=2359"},{"taxonomy":"product_cat","embeddable":true,"href":"https:\/\/vsl3.eu\/sk\/wp-json\/wp\/v2\/product_cat?post=2359"},{"taxonomy":"product_tag","embeddable":true,"href":"https:\/\/vsl3.eu\/sk\/wp-json\/wp\/v2\/product_tag?post=2359"}],"curies":[{"name":"wp","href":"https:\/\/api.w.org\/{rel}","templated":true}]}}