{"id":2031,"date":"2021-07-05T20:47:56","date_gmt":"2021-07-05T20:47:56","guid":{"rendered":"http:\/\/vsl3.eu\/sk\/?page_id=2031"},"modified":"2022-01-12T22:30:22","modified_gmt":"2022-01-12T21:30:22","slug":"ochrana-sukromia","status":"publish","type":"page","link":"https:\/\/vsl3.eu\/sk\/ochrana-sukromia\/","title":{"rendered":"Ochrana S\u00fakromia"},"content":{"rendered":"\n<p>Tieto z\u00e1sady ochrany osobn\u00fdch \u00fadajov opisuj\u00fa na\u0161e z\u00e1sady a postupy t\u00fdkaj\u00face sa zhroma\u017e\u010fovania, pou\u017e\u00edvania a zverej\u0148ovania va\u0161ich inform\u00e1ci\u00ed pri pou\u017e\u00edvan\u00ed slu\u017eby a opisuj\u00fa va\u0161e pr\u00e1va na ochranu osobn\u00fdch \u00fadajov a sp\u00f4sob, ak\u00fdm v\u00e1s z\u00e1kon chr\u00e1ni.<\/p>\n\n\n\n<p>Va\u0161e osobn\u00e9 \u00fadaje pou\u017e\u00edvame na poskytovanie a zlep\u0161ovanie slu\u017eby. Pou\u017e\u00edvan\u00edm slu\u017eby s\u00fahlas\u00edte so zhroma\u017e\u010fovan\u00edm a pou\u017e\u00edvan\u00edm inform\u00e1ci\u00ed v s\u00falade s t\u00fdmtoi z\u00e1sadami ochrany osobn\u00fdch \u00fadajov.<\/p>\n\n\n\n<h3 class=\"wp-block-heading\"><strong>I<\/strong>nterpret\u00e1cia a defin\u00edcia<\/h3>\n\n\n\n<p><strong>Interpret\u00e1cia<\/strong><\/p>\n\n\n\n<p>Slov\u00e1, ktor\u00fdch po\u010diato\u010dn\u00e9 p\u00edsmeno je ve\u013ek\u00e9, maj\u00fa v\u00fdznam definovan\u00fd za nasleduj\u00facich podmienok. Nasleduj\u00face defin\u00edcie maj\u00fa rovnak\u00fd v\u00fdznam bez oh\u013eadu na to, \u010di sa vyskytuj\u00fa v jednotnom alebo mno\u017enom \u010d\u00edsle.<\/p>\n\n\n\n<p><strong>Defin\u00edcia<\/strong><\/p>\n\n\n\n<p>Na \u00fa\u010dely t\u00fdchto z\u00e1sad ochrany osobn\u00fdch \u00fadajov:<\/p>\n\n\n\n<ul class=\"wp-block-list\"><li>\u00da\u010det znamen\u00e1 jedine\u010dn\u00fd \u00fa\u010det vytvoren\u00fd na pr\u00edstup k na\u0161ej slu\u017ebe alebo \u010dastiam na\u0161ej slu\u017eby.<\/li><li>Spolo\u010dnos\u0165 (\u010falej len &#8222;Spolo\u010dnos\u0165&#8220;, &#8222;my&#8220;, &#8222;my&#8220; alebo &#8222;n\u00e1\u0161&#8220; v tejto zmluve) znamen\u00e1 ADEXILIS Czech Republic\/Slovakia, s. r. o., so s\u00eddlom Kr\u010dm\u00e9ryho 19, 811 04 Bratislava, Slovensko.<\/li><li>Cookies s\u00fa mal\u00e9 s\u00fabory, ktor\u00e9 s\u00fa ulo\u017een\u00e9 vo va\u0161om po\u010d\u00edta\u010di, mobilnom zariaden\u00ed alebo akomko\u013evek inom zariaden\u00ed webovou str\u00e1nkou obsahuj\u00facou okrem in\u00e9ho \u00fadaje o va\u0161ej hist\u00f3rii prehliadania na tejto webovej str\u00e1nke.<\/li><li>Krajina znamen\u00e1: Ma\u010farsko, \u0160vaj\u010diarsko, Rak\u00fasko, \u010cesk\u00e1 republika, Slovensko, Po\u013esko, Rumunsko, Chorv\u00e1tsko, Slovinsko, Srbsko, Bosna a Hercegovina, \u010cierna Hora.<\/li><li>Zariadenie znamen\u00e1 ak\u00e9ko\u013evek zariadenie, ktor\u00e9 m\u00e1 pr\u00edstup k slu\u017ebe, ako je po\u010d\u00edta\u010d, mobiln\u00fd telef\u00f3n alebo digit\u00e1lny tablet.<\/li><li>Osobn\u00e9 \u00fadaje s\u00fa ak\u00e9ko\u013evek inform\u00e1cie, ktor\u00e9 sa t\u00fdkaj\u00fa identifikovanej alebo identifikovate\u013enej osoby.<\/li><li>Slu\u017eba odkazuje na webov\u00fa str\u00e1nku.<\/li><li>Poskytovate\u013e slu\u017eieb je fyzick\u00e1 alebo pr\u00e1vnick\u00e1 osoba, ktor\u00e1 sprac\u00fava \u00fadaje v mene spolo\u010dnosti. Vz\u0165ahuje sa na spolo\u010dnosti tret\u00edch str\u00e1n alebo jednotlivcov, ktor\u00fdch spolo\u010dnos\u0165 zamestn\u00e1va na poskytovanie slu\u017eby, poskytovanie slu\u017eby v mene spolo\u010dnosti, poskytovanie slu\u017eieb s\u00favisiacich so slu\u017ebou alebo na pomoc spolo\u010dnosti pri anal\u00fdze sp\u00f4sobu pou\u017e\u00edvania slu\u017eby.<\/li><li>Soci\u00e1lne m\u00e9di\u00e1 tret\u00edch str\u00e1n sa vz\u0165ahuj\u00fa na ak\u00fako\u013evek webov\u00fa str\u00e1nku alebo webov\u00fa str\u00e1nku soci\u00e1lnych siet\u00ed, prostredn\u00edctvom ktorej sa pou\u017e\u00edvate\u013e m\u00f4\u017ee prihl\u00e1si\u0165 alebo vytvori\u0165 \u00fa\u010det;&nbsp; pou\u017e\u00edva\u0165 slu\u017ebu.<\/li><li>\u00dadaje o pou\u017e\u00edvan\u00ed sa vz\u0165ahuj\u00fa na \u00fadaje zhroma\u017eden\u00e9 automaticky, bu\u010f generovan\u00e9 pou\u017e\u00edvan\u00edm slu\u017eby, alebo z infra\u0161trukt\u00fary samotnej slu\u017eby (napr\u00edklad \u010das n\u00e1v\u0161tevy str\u00e1nky).<\/li><li>Webov\u00e1 str\u00e1nka odkazuje na Adexilis.com pr\u00edstupn\u00fdch od https:\/\/www.vsl3.eu<\/li><li>Znamen\u00e1 to osobu, ktor\u00e1 pristupuje k slu\u017ebe alebo pou\u017e\u00edva slu\u017ebu, alebo spolo\u010dnos\u0165 alebo in\u00fa pr\u00e1vnick\u00fa osobu, v mene ktorej t\u00e1to osoba pristupuje alebo pou\u017e\u00edva slu\u017ebu, pod\u013ea toho, o ak\u00fd pr\u00edpad ide.<\/li><\/ul>\n\n\n\n<h2 class=\"wp-block-heading\">Zhroma\u017e\u010fovanie a pou\u017e\u00edvanie va\u0161ich osobn\u00fdch \u00fadajov<\/h2>\n\n\n\n<p><strong>Typy zhroma\u017eden\u00fdch \u00fadajov<\/strong><\/p>\n\n\n\n<p><strong>Osobn\u00e9 \u00fadaje<\/strong><\/p>\n\n\n\n<p>Pri pou\u017e\u00edvan\u00ed na\u0161ej slu\u017eby v\u00e1s m\u00f4\u017eeme po\u017eiada\u0165, aby ste n\u00e1m poskytli ur\u010dit\u00e9 osobne identifikovate\u013en\u00e9 inform\u00e1cie, ktor\u00e9 m\u00f4\u017eu by\u0165 pou\u017eit\u00e9 na va\u0161e kontaktovanie alebo identifik\u00e1ciu. Osobne identifikovate\u013en\u00e9 inform\u00e1cie m\u00f4\u017eu zah\u0155\u0148a\u0165, ale nie s\u00fa obmedzen\u00e9 na:<\/p>\n\n\n\n<ul class=\"wp-block-list\"><li>E-mailov\u00e1 adresa<\/li><li>Meno a priezvisko<\/li><li>\u00dadaje o pou\u017e\u00edvan\u00ed<\/li><\/ul>\n\n\n\n<p><strong>\u00dadaje o pou\u017e\u00edvan\u00ed<\/strong><\/p>\n\n\n\n<p>\u00dadaje o pou\u017e\u00edvan\u00ed sa zhroma\u017e\u010fuj\u00fa automaticky pri pou\u017e\u00edvan\u00ed slu\u017eby.<\/p>\n\n\n\n<p>\u00dadaje o pou\u017e\u00edvan\u00ed m\u00f4\u017eu zah\u0155\u0148a\u0165 inform\u00e1cie, ako je adresa internetov\u00e9ho protokolu v\u00e1\u0161ho zariadenia (napr. IP adresa), typ prehliada\u010da, verzia prehliada\u010da, str\u00e1nky na\u0161ej slu\u017eby, ktor\u00e9 nav\u0161t\u00edvite, \u010das a d\u00e1tum va\u0161ej n\u00e1v\u0161tevy, \u010das str\u00e1ven\u00fd na tejto str\u00e1nke, jedine\u010dn\u00e9 identifik\u00e1tory zariadenia a \u010fal\u0161ie diagnostick\u00e9 \u00fadaje.<\/p>\n\n\n\n<p>Ke\u010f pristupujete k slu\u017ebe prostredn\u00edctvom mobiln\u00e9ho zariadenia, m\u00f4\u017eeme automaticky zhroma\u017e\u010fova\u0165 ur\u010dit\u00e9 inform\u00e1cie vr\u00e1tane, ale nielen, typu mobiln\u00e9ho zariadenia, ktor\u00e9 pou\u017e\u00edvate, jedine\u010dn\u00e9ho identifik\u00e1tora v\u00e1\u0161ho mobiln\u00e9ho zariadenia, IP adresy v\u00e1\u0161ho mobiln\u00e9ho zariadenia, opera\u010dn\u00e9ho syst\u00e9mu v\u00e1\u0161ho mobiln\u00e9ho zariadenia, typu mobiln\u00e9ho internetov\u00e9ho prehliada\u010da, ktor\u00fd pou\u017e\u00edvate, jedine\u010dn\u00fdch identifik\u00e1torov zariaden\u00ed a \u010fal\u0161\u00edch diagnostick\u00fdch \u00fadajov.<\/p>\n\n\n\n<p>M\u00f4\u017eeme tie\u017e zhroma\u017e\u010fova\u0165 inform\u00e1cie, ktor\u00e9 v\u00e1\u0161 prehliada\u010d odo\u0161le zaka\u017ed\u00fdm, ke\u010f nav\u0161t\u00edvite na\u0161u slu\u017ebu alebo pristupujete k slu\u017ebe prostredn\u00edctvom mobiln\u00e9ho zariadenia alebo prostredn\u00edctvom nich.<\/p>\n\n\n\n<h2 class=\"wp-block-heading\">Sledovacie technol\u00f3gie a s\u00fabory cookie<\/h2>\n\n\n\n<p>S\u00fabory cookie a podobn\u00e9 sledovacie technol\u00f3gie pou\u017e\u00edvame na sledovanie aktivity v na\u0161ej slu\u017ebe a ukladanie ur\u010dit\u00fdch inform\u00e1ci\u00ed. Pou\u017eit\u00e9 sledovacie technol\u00f3gie s\u00fa maj\u00e1ky, zna\u010dky a skripty na zhroma\u017e\u010fovanie a sledovanie inform\u00e1ci\u00ed a na zlep\u0161enie a anal\u00fdzu na\u0161ej slu\u017eby. Technol\u00f3gie, ktor\u00e9 pou\u017e\u00edvame, m\u00f4\u017eu zah\u0155\u0148a\u0165:<\/p>\n\n\n\n<ul class=\"wp-block-list\"><li><strong>S\u00fabory cookie<\/strong> alebo s\u00fabory cookie prehliada\u010da. S\u00fabor cookie je mal\u00fd s\u00fabor umiestnen\u00fd vo va\u0161om zariaden\u00ed. M\u00f4\u017eete da\u0165 pokyn svojmu prehliada\u010du, aby odmietol v\u0161etky s\u00fabory cookie alebo uviedol, kedy sa s\u00fabory cookie odosielaj\u00fa. Ak v\u0161ak cookies neprijmete, mo\u017eno nebudete m\u00f4c\u0165 pou\u017e\u00edva\u0165 ur\u010dit\u00e9 \u010dasti na\u0161ej slu\u017eby. Ak ste nezmenili nastavenia prehliada\u010da tak, aby ste odmietli s\u00fabory cookie, na\u0161a slu\u017eba m\u00f4\u017ee pou\u017e\u00edva\u0165 s\u00fabory cookie.<\/li><li><strong>Flash cookies. <\/strong>Niektor\u00e9 funkcie na\u0161ej slu\u017eby m\u00f4\u017eu pou\u017e\u00edva\u0165 lok\u00e1lne ulo\u017een\u00e9 objekty (alebo s\u00fabory flash cookies) na zhroma\u017e\u010fovanie a ukladanie inform\u00e1ci\u00ed o va\u0161ich preferenci\u00e1ch alebo va\u0161ej aktivite v na\u0161ej slu\u017ebe. Flash cookies nie s\u00fa spravovan\u00e9 rovnak\u00fdmi nastaveniami prehliada\u010da, ktor\u00e9 sa pou\u017e\u00edvaj\u00fa pre s\u00fabory cookie prehliada\u010da. \u010eal\u0161ie inform\u00e1cie o tom, ako m\u00f4\u017eete odstr\u00e1ni\u0165 s\u00fabory flash cookie, n\u00e1jdete v \u010dasti &#8222;Kde m\u00f4\u017eem zmeni\u0165 nastavenia na vypnutie alebo odstr\u00e1nenie lok\u00e1lnych zdie\u013ean\u00fdch objektov?&#8220; dostupn\u00fdch na <a href=\"https:\/\/helpx.adobe.com\/flash-player\/kb\/disable-local-shared-objects-flash.html\">https:\/\/helpx.adobe.com\/flash-player\/kb\/disable-local-shared-objects-flash.html<\/a><\/li><li><strong>Webov\u00e9 <\/strong>maj\u00e1ky. Niektor\u00e9 \u010dasti na\u0161ej slu\u017eby a na\u0161e e-maily m\u00f4\u017eu obsahova\u0165 mal\u00e9 elektronick\u00e9 s\u00fabory zn\u00e1me ako webov\u00e9 maj\u00e1ky (zn\u00e1me aj ako jasn\u00e9 gify, pixelov\u00e9 zna\u010dky a jednopixelov\u00e9 gify), ktor\u00e9 spolo\u010dnosti umo\u017e\u0148uj\u00fa napr\u00edklad po\u010d\u00edta\u0165 pou\u017e\u00edvate\u013eov, ktor\u00ed nav\u0161t\u00edvili alebo otvorili str\u00e1nku, a \u010fal\u0161ie s\u00favisiace \u0161tatistiky webov\u00fdch str\u00e1nok (napr\u00edklad zaznamen\u00e1vanie popularity konkr\u00e9tnej sekcie a overenie integrity syst\u00e9mu a servera).<\/li><\/ul>\n\n\n\n<p>Cookies m\u00f4\u017eu by\u0165 &#8222;trval\u00e9&#8220; alebo &#8222;session&#8220; cookies. Trval\u00e9 s\u00fabory cookie zost\u00e1vaj\u00fa vo va\u0161om osobnom po\u010d\u00edta\u010di alebo mobilnom zariaden\u00ed, ke\u010f prejdete do re\u017eimu offline, zatia\u013e \u010do s\u00fabory cookie rel\u00e1cie sa vyma\u017e\u00fa hne\u010f po zatvoren\u00ed webov\u00e9ho prehliada\u010da. Pre\u010d\u00edtajte si viac o cookies: <a href=\"https:\/\/www.privacypolicies.com\/blog\/cookies\/\">\u010co s\u00fa cookies?<\/a><\/p>\n\n\n\n<p>Na nasleduj\u00face \u00fa\u010dely pou\u017e\u00edvame rela\u010dn\u00e9 aj trval\u00e9 s\u00fabory cookie:<\/p>\n\n\n\n<p><strong>Potrebn\u00e9 \/ z\u00e1kladn\u00e9 cookies<\/strong><\/p>\n\n\n\n<ul class=\"wp-block-list\"><li>Typ: S\u00fabory cookie rel\u00e1cie<\/li><li>Spravuje: m\u00f4j<\/li><li>\u00da\u010del: Tieto s\u00fabory cookie s\u00fa potrebn\u00e9 na to, aby sme v\u00e1m mohli poskytova\u0165 slu\u017eby dostupn\u00e9 prostredn\u00edctvom webovej str\u00e1nky a aby ste mohli pou\u017e\u00edva\u0165 niektor\u00e9 z jej funkci\u00ed. Pom\u00e1haj\u00fa overova\u0165 pou\u017e\u00edvate\u013eov a predch\u00e1dza\u0165 podvodn\u00e9mu pou\u017e\u00edvaniu pou\u017e\u00edvate\u013esk\u00fdch \u00fa\u010dtov. Bez t\u00fdchto s\u00faborov cookie nie je mo\u017en\u00e9 poskytova\u0165 slu\u017eby, o ktor\u00e9 ste po\u017eiadali, a tieto s\u00fabory cookie pou\u017e\u00edvame len na to, aby sme v\u00e1m tieto slu\u017eby poskytli.<\/li><\/ul>\n\n\n\n<p><strong>Z\u00e1sady pou\u017e\u00edvania s\u00faborov cookie \/ Oznamovacie s\u00fabory cookie<\/strong><\/p>\n\n\n\n<ul class=\"wp-block-list\"><li>Typ: Trval\u00e9 s\u00fabory cookie<\/li><li>Spravuje: m\u00f4j<\/li><li>\u00da\u010del: Tieto s\u00fabory cookie identifikuj\u00fa, \u010di pou\u017e\u00edvatelia s\u00fahlasili s pou\u017e\u00edvan\u00edm s\u00faborov cookie na webov\u00fdch str\u00e1nkach.<\/li><\/ul>\n\n\n\n<p><strong>Funk\u010dn\u00e9 cookies<\/strong><\/p>\n\n\n\n<ul class=\"wp-block-list\"><li>Typ: Trval\u00e9 s\u00fabory cookie<\/li><li>Spravuje: m\u00f4j<\/li><li>\u00da\u010del: Tieto s\u00fabory cookie n\u00e1m umo\u017e\u0148uj\u00fa zapam\u00e4ta\u0165 si vo\u013eby, ktor\u00e9 urob\u00edte pri pou\u017e\u00edvan\u00ed webovej str\u00e1nky, ako je napr\u00edklad zapam\u00e4tanie si va\u0161ich prihlasovac\u00edch \u00fadajov alebo jazykov\u00fdch preferenci\u00ed. \u00da\u010delom t\u00fdchto s\u00faborov cookie je poskytn\u00fa\u0165 v\u00e1m osobnej\u0161iu sk\u00fasenos\u0165 a zabr\u00e1ni\u0165 tomu, aby ste museli znova zad\u00e1va\u0165 svoje preferencie pri ka\u017edom pou\u017e\u00edvan\u00ed webovej str\u00e1nky.<\/li><\/ul>\n\n\n\n<p><strong>Google Analytics a sledovacie s\u00fabory cookie<\/strong><\/p>\n\n\n\n<ul class=\"wp-block-list\"><li>Typ: Trval\u00e9 s\u00fabory cookie<\/li><li>Spravuje: Google \u2013 Alphabet Company USA<\/li><li>\u00da\u010del: Tieto s\u00fabory cookie n\u00e1m umo\u017e\u0148uj\u00fa zapam\u00e4ta\u0165 si va\u0161e vo\u013eby a va\u0161e interakcie, polohu, \u010das str\u00e1ven\u00fd pou\u017e\u00edvan\u00edm webovej str\u00e1nky, ako je napr\u00edklad zapam\u00e4tanie si prihlasovac\u00edch \u00fadajov alebo jazykov\u00fdch preferenci\u00ed. \u00da\u010delom t\u00fdchto s\u00faborov cookie je poskytn\u00fa\u0165 v\u00e1m osobnej\u0161\u00ed z\u00e1\u017eitok a zabr\u00e1ni\u0165 v\u00e1m v tom, aby ste museli znova zad\u00e1va\u0165 svoje preferencie pri ka\u017edom pou\u017eit\u00ed webovej str\u00e1nky. \u00dadaje s\u00fa ulo\u017een\u00e9 anonymne. \u010eal\u0161ie inform\u00e1cie o s\u00faboroch cookie, ktor\u00e9 pou\u017e\u00edvame, a o va\u0161ich mo\u017enostiach t\u00fdkaj\u00facich sa s\u00faborov cookie n\u00e1jdete v na\u0161ich Z\u00e1sad\u00e1ch pou\u017e\u00edvania s\u00faborov cookie alebo v \u010dasti S\u00faborov cookie na\u0161ich Z\u00e1sad ochrany osobn\u00fdch \u00fadajov.<\/li><\/ul>\n\n\n\n<p><strong>Polylang sledovacie s\u00fabory cookie<\/strong><\/p>\n\n\n\n<ul class=\"wp-block-list\"><li>Typ: Trval\u00e9 s\u00fabory cookie<\/li><li>Spravuje: Polylang Company<\/li><li>\u00da\u010del: Okrem toho pou\u017e\u00edvame Polylang ako n\u00e1\u0161ho viacjazy\u010dn\u00e9ho spr\u00e1vcu str\u00e1nok. Aby si spolo\u010dnos\u0165 Polylang pam\u00e4tala v\u00e1\u0161 v\u00fdber jazyka pri n\u00e1v\u0161teve webovej str\u00e1nky, pou\u017e\u00edva s\u00fabor cookie na zapam\u00e4tanie si jazyka, ktor\u00fd ste si vybrali pri n\u00e1v\u0161teve. Nie v\u017edy mus\u00edte nastavi\u0165 jazyk.<\/li><\/ul>\n\n\n\n<figure class=\"wp-block-table\"><table><thead><tr><th>Cookie name<\/th><th>Provider<\/th><th>Content<\/th><th>Expiration<\/th><\/tr><\/thead><tbody><tr><td>gdlr-core-privacy-box<\/td><td>VSL3.eu (f)<\/td><td>Cookies acceptance status<\/td><td>30 days<\/td><\/tr><tr><td>gdlr-core-privacy-settings<\/td><td>VSL3.eu (f)<\/td><td>Cookie settings status<\/td><td>30 days<\/td><\/tr><tr><td>_GRECAPTCHA<\/td><td>Google (f)<\/td><td>Recaptcha robot check<\/td><td>6 months<\/td><\/tr><tr><td>pll_language<\/td><td>PolyLang (f)<\/td><td>Language preference<\/td><td>12 months<\/td><\/tr><tr><td>_gid<\/td><td>Google (s)<\/td><td>Used to distinguish users<\/td><td>24 hours<\/td><\/tr><tr><td>_ga<\/td><td>Google (s)<\/td><td>Used to distinguish users<\/td><td>24 months<\/td><\/tr><tr><td>_gat_gtag_[UA-ID]<\/td><td>Google (s)<\/td><td>Throttle request rate<\/td><td>1 minute<\/td><\/tr><\/tbody><\/table><figcaption>(f) functional \/ (s) statistics<\/figcaption><\/figure>\n\n\n\n<h2 class=\"wp-block-heading\">Kontaktujte n\u00e1s<\/h2>\n\n\n\n<p>Pokud m\u00e1te n\u011bjak\u00e9 dotazy k t\u011bmto z\u00e1sad\u00e1m ochrany osobn\u00edch \u00fadaj\u016f, m\u016f\u017eete n\u00e1s kontaktovat:<\/p>\n\n\n\n<p>E-mailem: <a href=\"mailto:info@adexilis.com\">info@adexilis.com<\/a><\/p>\n\n\n\n<p>Pot\u00e9 v\u00e1s odk\u00e1\u017eeme na p\u0159\u00edslu\u0161n\u00e9ho kolegu z m\u00edstn\u00ed jazykov\u00e9 podpory.<\/p>\n\n\n\n<p><strong>Posledn\u00ed aktualizace:<\/strong> 5. janu\u00e1ra 2022.<\/p>\n","protected":false},"excerpt":{"rendered":"<p>Tieto z\u00e1sady ochrany osobn\u00fdch \u00fadajov opisuj\u00fa na\u0161e z\u00e1sady a postupy t\u00fdkaj\u00face sa zhroma\u017e\u010fovania, pou\u017e\u00edvania a zverej\u0148ovania va\u0161ich inform\u00e1ci\u00ed pri pou\u017e\u00edvan\u00ed slu\u017eby a opisuj\u00fa va\u0161e pr\u00e1va na ochranu osobn\u00fdch \u00fadajov a sp\u00f4sob, ak\u00fdm v\u00e1s z\u00e1kon chr\u00e1ni. Va\u0161e osobn\u00e9 \u00fadaje pou\u017e\u00edvame na poskytovanie a zlep\u0161ovanie slu\u017eby. Pou\u017e\u00edvan\u00edm slu\u017eby s\u00fahlas\u00edte so zhroma\u017e\u010fovan\u00edm a pou\u017e\u00edvan\u00edm inform\u00e1ci\u00ed v s\u00falade s [&hellip;]<\/p>\n","protected":false},"author":1,"featured_media":0,"parent":0,"menu_order":0,"comment_status":"closed","ping_status":"closed","template":"","meta":{"_acf_changed":false,"footnotes":""},"class_list":["post-2031","page","type-page","status-publish","hentry"],"acf":[],"_links":{"self":[{"href":"https:\/\/vsl3.eu\/sk\/wp-json\/wp\/v2\/pages\/2031","targetHints":{"allow":["GET"]}}],"collection":[{"href":"https:\/\/vsl3.eu\/sk\/wp-json\/wp\/v2\/pages"}],"about":[{"href":"https:\/\/vsl3.eu\/sk\/wp-json\/wp\/v2\/types\/page"}],"author":[{"embeddable":true,"href":"https:\/\/vsl3.eu\/sk\/wp-json\/wp\/v2\/users\/1"}],"replies":[{"embeddable":true,"href":"https:\/\/vsl3.eu\/sk\/wp-json\/wp\/v2\/comments?post=2031"}],"version-history":[{"count":5,"href":"https:\/\/vsl3.eu\/sk\/wp-json\/wp\/v2\/pages\/2031\/revisions"}],"predecessor-version":[{"id":2369,"href":"https:\/\/vsl3.eu\/sk\/wp-json\/wp\/v2\/pages\/2031\/revisions\/2369"}],"wp:attachment":[{"href":"https:\/\/vsl3.eu\/sk\/wp-json\/wp\/v2\/media?parent=2031"}],"curies":[{"name":"wp","href":"https:\/\/api.w.org\/{rel}","templated":true}]}}