{"id":2332,"date":"2022-01-05T01:16:32","date_gmt":"2022-01-05T00:16:32","guid":{"rendered":"https:\/\/vsl3.eu\/rs\/?post_type=product&#038;p=2332"},"modified":"2025-08-18T22:27:44","modified_gmt":"2025-08-18T20:27:44","slug":"vsl3-dodatak-ishrani","status":"publish","type":"product","link":"https:\/\/vsl3.eu\/rs\/shop\/vsl3-dodatak-ishrani\/","title":{"rendered":"VSL#3 Dodatak ishrani"},"content":{"rendered":"<h3>Kako uzimati?<\/h3>\n<p>Rastvorite sadr\u017eaj kesice u vodi, jogurtu, soku od jabuke ili nekom drugom hladnom, negaziranom napitku te popijte odmah nakon rastvaranja. VSL#3\u00ae kesica jednostavna je za rukovanje i dovoljno je mala da je mo\u017eete poneti sa sobom, npr. u torbi ili nov\u010daniku. Verovatno \u0107e biti potrebno nekoliko dana ili nedelja kako bi se va\u0161a crevna flora prilagodila; mogu\u0107e je da \u0107e biti potrebno pro\u0107i i do mesec dana kako bi se postigla optimalno stabilna kolonizacija bakterija u crevima.<\/p>\n<p>Preporu\u010dena dnevna doza je 1-2 kesice (4,4-8,8g). Nemojte uzimati vi\u0161e od preporu\u010dene dnevne doze.<\/p>\n<p>VSL#3\u00ae mo\u017eete koristiti do isteka roka trajanja.<\/p>\n<p>\u010cuvajte van doma\u0161aja dece. Ne sme se davati deci mla\u0111oj od 3 godine.<\/p>\n<h3>Kako \u010duvati?<\/h3>\n<p>VSL#3\u00ae je najbolje dr\u017eati u fri\u017eideru. Van fri\u017eidera mo\u017ee se dr\u017eati do maksimalno 7 dana bez bojazni da \u0107e navedeno uticati na kvalitet samog proizvoda. Me\u0111utim, ne sme se dr\u017eati na temperaturi iznad 25 stepeni C.<\/p>\n<p>Dodatak ishrani nije zamena za uravnote\u017eenu, raznovrsnu ishranu i zdrav na\u010din \u017eivota.<\/p>\n","protected":false},"excerpt":{"rendered":"<p>VSL#3\u00ae je visoko koncentrovani dodatak ishrani koji u svakoj kesici sadr\u017ei <strong>450 milijardi vrednih bakterija iz 8 razli\u010ditih sojeva<\/strong>. Svaki soj pa\u017eljivo je odabran i onda liofilizovan kako bi pre\u017eiveo zahtevne uslove \u017eeluca. Zbog navedenog, bakterije mogu sti\u0107i do creva i tamo se nastaniti te tako mogu pomo\u0107i postizanju i\/ili odr\u017eavanju dobrog stanja probavnog sistema.<\/p>\n<p><strong>VSL#3\u00ae sadr\u017ei liofilizovane \u017eive bakterije koje mogu pomo\u0107i odr\u017eavanju bakterijske ravnote\u017ee u crevima<\/strong>. Ljudski organizam u svom probavnom traktu sadr\u017ei milijarde razli\u010ditih bakterija, kako onih vrednih tako i onih patogenih. Varenje je zahtevan proces kojim se ono \u0161to kao hranu unesemo u organizam pretvara u hranljive materije koje se pak kroz krvotok prenose do svake \u0107elije na\u0161eg organizma.<\/p>\n[pharmacylogoblock2]\n","protected":false},"featured_media":2279,"comment_status":"open","ping_status":"closed","template":"","meta":{"_acf_changed":false},"product_brand":[],"product_cat":[65],"product_tag":[],"class_list":{"0":"post-2332","1":"product","2":"type-product","3":"status-publish","4":"has-post-thumbnail","6":"product_cat-dodatak-ishrani","8":"first","9":"instock","10":"taxable","11":"shipping-taxable","12":"product-type-simple"},"acf":[],"_links":{"self":[{"href":"https:\/\/vsl3.eu\/rs\/wp-json\/wp\/v2\/product\/2332","targetHints":{"allow":["GET"]}}],"collection":[{"href":"https:\/\/vsl3.eu\/rs\/wp-json\/wp\/v2\/product"}],"about":[{"href":"https:\/\/vsl3.eu\/rs\/wp-json\/wp\/v2\/types\/product"}],"replies":[{"embeddable":true,"href":"https:\/\/vsl3.eu\/rs\/wp-json\/wp\/v2\/comments?post=2332"}],"wp:featuredmedia":[{"embeddable":true,"href":"https:\/\/vsl3.eu\/rs\/wp-json\/wp\/v2\/media\/2279"}],"wp:attachment":[{"href":"https:\/\/vsl3.eu\/rs\/wp-json\/wp\/v2\/media?parent=2332"}],"wp:term":[{"taxonomy":"product_brand","embeddable":true,"href":"https:\/\/vsl3.eu\/rs\/wp-json\/wp\/v2\/product_brand?post=2332"},{"taxonomy":"product_cat","embeddable":true,"href":"https:\/\/vsl3.eu\/rs\/wp-json\/wp\/v2\/product_cat?post=2332"},{"taxonomy":"product_tag","embeddable":true,"href":"https:\/\/vsl3.eu\/rs\/wp-json\/wp\/v2\/product_tag?post=2332"}],"curies":[{"name":"wp","href":"https:\/\/api.w.org\/{rel}","templated":true}]}}