{"id":2031,"date":"2021-07-05T20:47:56","date_gmt":"2021-07-05T20:47:56","guid":{"rendered":"http:\/\/vsl3.eu\/rs\/?page_id=2031"},"modified":"2022-01-12T22:31:08","modified_gmt":"2022-01-12T21:31:08","slug":"politika-zastite-privatnosti","status":"publish","type":"page","link":"https:\/\/vsl3.eu\/rs\/politika-zastite-privatnosti\/","title":{"rendered":"Politika za\u0161tite privatnosti"},"content":{"rendered":"\n<p>Ova Politika za\u0161tite privatnosti opisuje na\u0161e politike i postupke prilikom prikupljanja, uporabe i otkrivanja va\u0161ih podataka kad koristite Uslugu i obavje\u0161tava vas o va\u0161im pravima u vezi s privatno\u0161\u0107u i o tome kako vas \u0161titi zakon.<\/p>\n\n\n\n<p>Upotrebljavamo va\u0161e Osobne podatke kako bismo pru\u017eali i pobolj\u0161ali Uslugu. Kori\u0161tenjem Usluge pristajete na prikupljanje i uporabu podataka u skladu s ovom Politikom za\u0161tite privatnosti.<\/p>\n\n\n\n<h2 class=\"wp-block-heading\">Tuma\u010denje i definicije<\/h2>\n\n\n\n<p><strong>Tuma\u010denje<\/strong><strong><\/strong><\/p>\n\n\n\n<p>Izrazi s velikim po\u010detnim slovom imaju zna\u010denja definirana pod sljede\u0107im uvjetima. Definicije u nastavku imat \u0107e isto zna\u010denje bez obzira na to javljaju li se u jednini ili u mno\u017eini.<\/p>\n\n\n\n<p><strong>Definicije<\/strong><strong><\/strong><\/p>\n\n\n\n<p>Za potrebe ove Politike za\u0161tite privatnosti:<\/p>\n\n\n\n<ul class=\"wp-block-list\"><li><strong>Ra\u010dun<\/strong>&nbsp;ozna\u010dava jedinstveni ra\u010dun kreiran za vas kako biste mogli pristupiti na\u0161oj Usluzi ili dijelovima na\u0161e Usluge.<\/li><li><strong>Dru\u0161tvo<\/strong>&nbsp;(u tekstu ovog Ugovora spominje se i kao&nbsp; \u201eDru\u0161tvo\u201c, \u201emi\u201c, \u201enas\u201c ili \u201ena\u0161\u201c) odnosi se na Adexilis Service Kft., 1093, Budimpe\u0161ta, Bor\u00e1ros t\u00e9r 2., Ma\u0111arska.<\/li><li><strong>Kola\u010di\u0107i<\/strong>&nbsp;su male datoteke koje na va\u0161e ra\u010dunalo, mobilni ure\u0111aj ili bilo koji drugi ure\u0111aj pohranjuje mre\u017ena stranica, a sadr\u017ee pojedinosti o va\u0161oj povijesti pregledavanja na toj mre\u017enoj stranici me\u0111u brojnim drugim posjetima.<\/li><li><strong>Dr\u017eava<\/strong>&nbsp;se odnosi na: Ma\u0111arsku, \u0160vicarsku, Austriju, \u010ce\u0161ku, Slova\u010dku, Poljsku, Rumunjsku, Hrvatsku, Sloveniju, Srbiju, Bosnu i Hercegovinu, Crnu Goru.<\/li><li><strong>Ure\u0111aj<\/strong>&nbsp;ozna\u010dava bilo koji ure\u0111aj kojim se mo\u017ee pristupiti Usluzi, kao \u0161to je ra\u010dunalo, mobitel ili tablet.<\/li><li><strong>Osobni podaci<\/strong>&nbsp;ozna\u010davaju bilo koje informacije koje se odnose na pojedinca koji je identificiran ili kojeg je mogu\u0107e identificirati.<\/li><li><strong>Usluga<\/strong>&nbsp;se odnosi na Mre\u017enu stranicu.<\/li><li><strong>Pru\u017eatelj usluge<\/strong>&nbsp;ozna\u010dava bilo koju fizi\u010dku ili pravnu osobu koja obra\u0111uje podatke uime Dru\u0161tva. Odnosi se na dru\u0161tva ili pojedince koji su tre\u0107e strane i koje je Dru\u0161tvo anga\u017eiralo za omogu\u0107avanje pru\u017eanja Usluge, za pru\u017eanje Usluge uime Dru\u0161tva, za pru\u017eanje usluga povezanih s Uslugom ili za pomo\u0107 Dru\u0161tvu pri analiziranju na\u010dina na koji se Usluga koristi.<\/li><li><strong>Dru\u0161tveni medij \u2013 tre\u0107a strana<\/strong>&nbsp;ozna\u010dava bilo koju mre\u017enu stranicu ili dru\u0161tvenu mre\u017eu putem koje se Korisnik mo\u017ee ulogirati ili kreirati ra\u010dun radi kori\u0161tenja Usluge.<\/li><li><strong>Podaci o kori\u0161tenju<\/strong>&nbsp;odnose se na podatke koji se automatski prikupljaju, bez obzira na to generiraju li se kori\u0161tenjem Usluge ili iz same infrastrukture Usluge (npr. trajanje posjeta stranici).<\/li><li><strong>Mre\u017ena stranica <\/strong>odnosi se na Adexilis.com, kojoj se mo\u017ee pristupiti s <a href=\"https:\/\/www.vsl3.eu\">https:\/\/www.vsl3.eu<\/a><\/li><li><strong>Vi<\/strong>&nbsp;ozna\u010dava pojedinca koji pristupa Usluzi ili koristi Uslugu, ili dru\u0161tvo ili drugi pravni subjekt u \u010dije ime takav pojedinac pristupa Usluzi ili koristi Uslugu, gdje je to primjenjivo.<\/li><\/ul>\n\n\n\n<h2 class=\"wp-block-heading\">Prikupljanje i uporaba va\u0161ih Osobnih podataka<\/h2>\n\n\n\n<p><strong>Vrste podataka koji se prikupljaju<\/strong><strong><\/strong><\/p>\n\n\n\n<p><strong>Osobni podaci<\/strong><strong><\/strong><\/p>\n\n\n\n<p>Prilikom kori\u0161tenja na\u0161e Usluge, mo\u017eemo zatra\u017eiti od vas da nam dostavite odre\u0111ene osobne podatke koji se mogu upotrijebiti kako bismo Vas kontaktirali ili identificirali. Osobni podaci uklju\u010duju bez ograni\u010denja:<\/p>\n\n\n\n<ul class=\"wp-block-list\"><li>adresu e-po\u0161te<\/li><li>ime i prezime<\/li><li>podatke o kori\u0161tenju.<\/li><\/ul>\n\n\n\n<p><strong>Podaci o kori\u0161tenju<\/strong><strong><\/strong><\/p>\n\n\n\n<p>Podaci o kori\u0161tenju automatski se prikupljaju prilikom kori\u0161tenja Usluge.<\/p>\n\n\n\n<p>Podaci o kori\u0161tenju mogu uklju\u010divati informacije kao \u0161to su IP adresa va\u0161eg Ure\u0111aja, vrsta preglednika, verzija preglednika, stranice na\u0161e Usluge koje ste vi posjetili, vrijeme i datum va\u0161eg posjeta, vrijeme provedeno na tim stranicama, jedinstveni identifikatori ure\u0111aja i drugi dijagnosti\u010dki podaci.<\/p>\n\n\n\n<p>Kad pristupite Usluzi putem mobilnog ure\u0111aja, mi mo\u017eemo automatski prikupljati odre\u0111ene podatke, uklju\u010duju\u0107i bez ograni\u010denja vrstu mobilnog ure\u0111aja koji koristite, jedinstveni ID br. va\u0161eg mobilnog ure\u0111aja, IP adresu va\u0161eg mobilnog ure\u0111aja, operativni sustav va\u0161eg mobitela, vrstu preglednika koju koristite na mobitelu, jedinstvene identifikatore ure\u0111aja i druge dijagnosti\u010dke podatke.<\/p>\n\n\n\n<p>Tako\u0111er mo\u017eemo prikupljati podatke koje va\u0161 preglednik \u0161alje kad god posjetite na\u0161u Uslugu ili kad pristupite Usluzi putem mobilnog ure\u0111aja.<\/p>\n\n\n\n<p><strong>Tehnologije za pra\u0107enje i Kola\u010di\u0107i<\/strong><strong><\/strong><\/p>\n\n\n\n<p>Koristimo Kola\u010di\u0107e i sli\u010dne tehnologije za pra\u0107enje kako bismo pratili aktivnost na na\u0161oj Usluzi i pohranili odre\u0111ene podatke. Tehnologije za pra\u0107enje koje koristimo uklju\u010duju pratilice (<em>beacons<\/em>), oznake (<em>tags<\/em>) i skripte (<em>scripts<\/em>) za prikupljanje i pra\u0107enje podataka te za pobolj\u0161avanje i analizu na\u0161e Usluge. Tehnologije koje koristimo mogu uklju\u010divati:<\/p>\n\n\n\n<ul class=\"wp-block-list\"><li><strong>ola\u010di\u0107e ili Kola\u010di\u0107e preglednika.<\/strong>&nbsp;Kola\u010di\u0107 je mala datoteka koja se pohranjuje na va\u0161 Ure\u0111aj. Mo\u017eete nalo\u017eiti svojem pregledniku da blokira sve Kola\u010di\u0107e ili da vas obavijesti kad se Kola\u010di\u0107 \u0161alje. Me\u0111utim, ako ne prihvatite Kola\u010di\u0107e, mo\u017eda ne\u0107ete mo\u0107i koristiti odre\u0111ene dijelove na\u0161e Usluge. Ako niste namjestili postavke preglednika tako da blokira Kola\u010di\u0107e, na\u0161a Usluga mo\u017ee koristiti Kola\u010di\u0107e.<\/li><li><strong>Flash kola\u010di\u0107e.<\/strong>&nbsp;Odre\u0111ene zna\u010dajke na\u0161e Usluge mogu koristiti lokalno dijeljene objekte (ili Flash kola\u010di\u0107e) za prikupljanje i pohranu podataka o va\u0161im preferencijama ili va\u0161oj aktivnosti na na\u0161oj Usluzi. Flash kola\u010di\u0107ima ne upravlja se u okviru istih postavki preglednika kao za Kola\u010di\u0107e preglednika. Za vi\u0161e informacija o tome kako mo\u017eete izbrisati Flash kola\u010di\u0107e pro\u010ditajte \u010dlanak \u201eWhere can I change the settings for disabling, or deleting local shared objects?\u201c, dostupan na stranici&nbsp;<a href=\"https:\/\/helpx.adobe.com\/flash-player\/kb\/disable-local-shared-objects-flash.html\" target=\"_blank\" rel=\"noreferrer noopener\">https:\/\/helpx.adobe.com\/flash-player\/kb\/disable-local-shared-objects-flash.html<\/a><\/li><li><strong>Web-pratilice.<\/strong>&nbsp;Odre\u0111eni dijelovi na\u0161e Usluge i na\u0161e poruke e-po\u0161te mogu sadr\u017eavati male elektroni\u010dke datoteke poznate kao web-pratilice (poznate i pod nazivima prozirni GIF-ovi \u2013 <em>clear GIFs<\/em>, pikselske oznake \u2013 <em>pixel tags<\/em> i jednopikselni GIF-ovi \u2013 <em>single-pixel GIFs<\/em>), koje omogu\u0107avaju Dru\u0161tvu da, primjerice, broji korisnike koji su posjetili te stranice ili otvorili poruku e-po\u0161te ili za druge povezane statistike u vezi s mre\u017enom stranicom (npr. evidentiranje popularnosti odre\u0111enog dijela i provjeravanje integriteta sustava i servera).<\/li><\/ul>\n\n\n\n<p>Kola\u010di\u0107i mogu biti \u201etrajni\u201c kola\u010di\u0107i ili kola\u010di\u0107i \u201esesije\u201c. Trajni kola\u010di\u0107i ostaju na va\u0161em osobnom ra\u010dunalu ili mobilnom ure\u0111aju kad odete offline, dok se Kola\u010di\u0107i sesije bri\u0161u \u010dim zatvorite svoj preglednik. Saznajte vi\u0161e o kola\u010di\u0107ima:&nbsp;<a href=\"https:\/\/www.privacypolicies.com\/blog\/cookies\/\" target=\"_blank\" rel=\"noreferrer noopener\">What Are Cookies?<\/a>.<\/p>\n\n\n\n<p><strong>Koristimo i Kola\u010di\u0107e sesije i Trajne kola\u010di\u0107e u svrhe navedene u nastavku:<\/strong><\/p>\n\n\n\n<ul class=\"wp-block-list\"><li><strong>Nu\u017eni kola\u010di\u0107i<\/strong><br>Vrsta: Kola\u010di\u0107i sesije<br>Upravitelj: Mi:<br>Svrha: Ti su Kola\u010di\u0107i nu\u017eni kako bismo vam pru\u017eili usluge dostupne putem Mre\u017ene stranice i kako bismo vam omogu\u0107ili da koristite neke od njihovih zna\u010dajki. Poma\u017eu pri provjeri autenti\u010dnosti korisnika i sprje\u010davaju prijevarnu uporabu korisni\u010dkih ra\u010duna. Bez tih Kola\u010di\u0107a ne bismo mogli pru\u017eiti usluge koje ste zatra\u017eili, a takve Kola\u010di\u0107e koristimo isklju\u010divo kako bismo vam pru\u017eili te usluge.<\/li><\/ul>\n\n\n\n<ul class=\"wp-block-list\"><li><strong>Kola\u010di\u0107i vezani uz prihva\u0107anje Politike uporabe kola\u010di\u0107a \/ obavijesti&nbsp; o uporabi Kola\u010di\u0107a<\/strong><br>Vrsta: Trajni kola\u010di\u0107i<br>Upravitelj: Mi:<br>Svrha: Ti Kola\u010di\u0107i utvr\u0111uju jesu li korisnici prihvatili uporabu kola\u010di\u0107a na Mre\u017enoj stranici.<\/li><\/ul>\n\n\n\n<ul class=\"wp-block-list\"><li><strong>Funkcionalni kola\u010di\u0107i<\/strong><br>Vrsta: Trajni kola\u010di\u0107i<br>Upravitelj: Mi:<br>Svrha: Ti Kola\u010di\u0107i omogu\u0107avaju da zapamtimo odluke koje ste donijeli prilikom kori\u0161tenja Mre\u017ene stranice, kao \u0161to je pam\u0107enje podataka za prijavu ili izabranog jezika. Svrha tih Kola\u010di\u0107a jest pru\u017eiti vam personaliziranije iskustvo i izbje\u0107i potrebu da ponovno unosite svoje preferencije prilikom svakog kori\u0161tenja Mre\u017ene stranice.<\/li><\/ul>\n\n\n\n<ul class=\"wp-block-list\"><li><strong>Kola\u010di\u0107i za Google Analytics i pra\u0107enje<\/strong><br>Vrsta: Trajni kola\u010di\u0107i<br>Upravitelj: Google \u2013 Alphabet, SAD<br>Svrha: Ti Kola\u010di\u0107i omogu\u0107avaju da zapamtimo odluke koje ste donijeli prilikom kori\u0161tenja Mre\u017ene stranice, kao \u0161to je pam\u0107enje podataka za prijavu ili izabranog jezika, kao i va\u0161e interakcije, lokaciju i vrijeme provedeno na Mre\u017enoj stranici. Svrha tih Kola\u010di\u0107a jest pru\u017eiti vam personaliziranije iskustvo i izbje\u0107i potrebu da ponovno unosite svoje preferencije prilikom svakog kori\u0161tenja Mre\u017ene stranice. Podaci se spremaju u anonimnom obliku. Za vi\u0161e informacija o kola\u010di\u0107ima koje koristimo i va\u0161im odlukama u vezi s kola\u010di\u0107ima posjetite na\u0161u Politiku uporabe kola\u010di\u0107a ili dio na\u0161e Politike za\u0161tite privatnosti koji se bavi Kola\u010di\u0107ima.<\/li><\/ul>\n\n\n\n<p><strong>Kola\u010di\u0107i koji se koriste u tom slu\u010daju:<\/strong><\/p>\n\n\n\n<ul class=\"wp-block-list\"><li><strong>Kola\u010di\u0107i za pra\u0107enje Polylang<\/strong><br>Vrsta: Trajni kola\u010di\u0107i<br>Upravitelj: Dru\u0161tvo koje koristi Polylang<br>Svrha: Nadalje, koristimo <strong>Polylang<\/strong> kao vi\u0161ejezi\u010dnog upravitelja za na\u0161u stranicu. Kako bismo zapamtili va\u0161 odabrani jezik prilikom posje\u0107ivanja mre\u017ene stranice, Polylang koristi svoj Kola\u010di\u0107 kako bi zapamtio jezik koji ste odabrali prilikom posjeta. Ne morate svaki put namje\u0161tati jezik.<\/li><\/ul>\n\n\n\n<figure class=\"wp-block-table\"><table><thead><tr><th>Cookie name<\/th><th>Provider<\/th><th>Content<\/th><th>Expiration<\/th><\/tr><\/thead><tbody><tr><td>gdlr-core-privacy-box<\/td><td>VSL3.eu (f)<\/td><td>Cookies acceptance status<\/td><td>30 days<\/td><\/tr><tr><td>gdlr-core-privacy-settings<\/td><td>VSL3.eu (f)<\/td><td>Cookie settings status<\/td><td>30 days<\/td><\/tr><tr><td>_GRECAPTCHA<\/td><td>Google (f)<\/td><td>Recaptcha robot check<\/td><td>6 months<\/td><\/tr><tr><td>pll_language<\/td><td>PolyLang (f)<\/td><td>Language preference<\/td><td>12 months<\/td><\/tr><tr><td>_gid<\/td><td>Google (s)<\/td><td>Used to distinguish users<\/td><td>24 hours<\/td><\/tr><tr><td>_ga<\/td><td>Google (s)<\/td><td>Used to distinguish users<\/td><td>24 months<\/td><\/tr><tr><td>_gat_gtag_[UA-ID]<\/td><td>Google (s)<\/td><td>Throttle request rate<\/td><td>1 minute<\/td><\/tr><\/tbody><\/table><figcaption>(f) functional \/ (s) statistics<\/figcaption><\/figure>\n\n\n\n<h2 class=\"wp-block-heading\">Uporaba va\u0161ih Osobnih podataka<\/h2>\n\n\n\n<p>Dru\u0161tvo mo\u017ee upotrebljavati Osobne podatke u sljede\u0107e svrhe:<\/p>\n\n\n\n<ul class=\"wp-block-list\"><li><strong>Za pru\u017eanje i odr\u017eavanje na\u0161e Usluge<\/strong>, uklju\u010duju\u0107i za pra\u0107enje kori\u0161tenja na\u0161e Usluge.<\/li><li><strong>Za upravljanje va\u0161im Ra\u010dunom:<\/strong> za upravljanje va\u0161om registracijom u svojstvu korisnika Usluge. Osobni podaci koje nam dostavite mogu vam osigurati pristup razli\u010ditim funkcionalnostima Usluge koje su dostupne vama kao registriranom korisniku.<\/li><li><strong>Za izvr\u0161avanje ugovora:<\/strong> sastavljanje, po\u0161tivanje i izvr\u0161avanje kupoprodajnog ugovora za proizvode, artikle ili usluge koje ste kupili ili u odnosu na bilo koji drugi ugovor sklopljen s nama putem Usluge.<\/li><li><strong>Kako bismo vas kontaktirali:<\/strong>&nbsp;Kako bismo vas kontaktirali putem e-po\u0161te, telefonskog poziva, SMS-a ili ekvivalentnog oblika elektroni\u010dke komunikacije, kao \u0161to su automatske obavijesti mobilne aplikacije u vezi s a\u017euriranjem ili informacijama vezanim za funkcionalnosti, proizvode ili ugovorene usluge, uklju\u010duju\u0107i sigurnosna a\u017euriranja, kad je njihova provedba nu\u017ena ili razumna.<\/li><li><strong>Kako bismo vam dostavili<\/strong> vijesti, posebne ponude i op\u0107e informacije o drugoj robi, uslugama i doga\u0111anjima koja nudimo, a koja su sli\u010dna onima koja ste ve\u0107 kupili ili o kojima ste se raspitivali, osim ako ste odabrali da ne \u017eelite primati takve informacije.<\/li><li><strong>Za upravljanje va\u0161im zahtjevima:<\/strong>&nbsp;Kako bismo upravljali va\u0161im zahtjevima.<\/li><li><strong>Za poslovni prijenos:<\/strong>&nbsp;Mo\u017eemo koristiti va\u0161e podatke kako bismo procijenili ili proveli spajanje, otu\u0111enje imovine, restrukturiranje, reorganizaciju, prestanak poslovanja ili drugu vrstu prodaje ili prijenosa na\u0161e cjelokupne imovine ili njezina dijela, bilo kao dru\u0161tvo koje trajno posluje ili kao dio ste\u010dajnog, likvidacijskog ili sli\u010dnog postupka, u kojem su Osobni podaci koje posjedujemo i koji se ti\u010du korisnika na\u0161e Usluge dio imovine koja se prenosi.<\/li><li><strong>U druge svrhe:<\/strong> Mo\u017eemo koristiti va\u0161e podatke u druge svrhe, kao \u0161to je analiza podataka, identificiranje trendova kori\u0161tenja, utvr\u0111ivanje u\u010dinkovitosti na\u0161ih promotivnih kampanja te procjena i pobolj\u0161avanje na\u0161e Usluge, proizvoda, usluga, marketinga i va\u0161eg iskustva.<\/li><\/ul>\n\n\n\n<p>Mo\u017eemo dijeliti va\u0161e osobne podatke u sljede\u0107im situacijama:<\/p>\n\n\n\n<ul class=\"wp-block-list\"><li><strong>S Pru\u017eateljima usluga:<\/strong>&nbsp;Mo\u017eemo dijeliti va\u0161e osobne podatke s Pru\u017eateljima usluga kako bi nadzirali i analizirali uporabu na\u0161e Usluge, kako bi vas kontaktirali.<\/li><li><strong>Za poslovni prijenos:<\/strong>&nbsp;Mo\u017eemo dijeliti ili prenijeti va\u0161e osobne podatke u vezi s ili tijekom pregovora o eventualnom spajanju, prodaji imovine Dru\u0161tva, financiranju ili stjecanju na\u0161eg cjelokupnog poslovanja ili njegova dijela od strane drugog dru\u0161tva.<\/li><li><strong>S povezanim dru\u0161tvima:<\/strong>&nbsp;Mo\u017eemo dijeliti va\u0161e podatke s na\u0161im povezanim dru\u0161tvima. U tom \u0107emo slu\u010daju zahtijevati od takvih povezanih dru\u0161tava da po\u0161tuju ovu Politiku za\u0161tite privatnosti. Povezana dru\u0161tva uklju\u010duju na\u0161e mati\u010dno dru\u0161tvo i bilo koja druga dru\u0161tva k\u0107eri, zajedni\u010dke pothvate ili druga dru\u0161tva koja mi kontroliramo ili koja su pod zajedni\u010dkom kontrolom s nama.<\/li><li><strong>S poslovnim partnerima:<\/strong>&nbsp;Mo\u017eemo dijeliti va\u0161e podatke s na\u0161im poslovnim partnerima kako bismo vam ponudili odre\u0111ene proizvode, usluge ili promocije.<\/li><li><strong>S drugim korisnicima:<\/strong> kad podijelite osobne podatke ili imate drugu interakciju u javnim prostorima s drugim korisnicima, takve podatke mogu vidjeti svi korisnici i mogu se javno distribuirati izvan tog konteksta. Ako imate interakciju s drugim korisnicima ili se registrirate putem Dru\u0161tvenog medija \u2013 tre\u0107e strane, va\u0161i kontakti na Dru\u0161tvenom mediju \u2013 tre\u0107oj strani mogu vidjeti va\u0161e ime, profil, slike i opis va\u0161e aktivnosti. Sli\u010dno tome, drugi \u0107e korisnici mo\u0107i vidjeti opise va\u0161e aktivnosti, komunicirati s vama i vidjeti va\u0161 profil.<\/li><li><strong>Uz va\u0161u privolu:<\/strong> Mo\u017eemo otkriti va\u0161e osobne podatke u bilo koju drugu svrhu ako imamo va\u0161u privolu.<\/li><\/ul>\n\n\n\n<h2 class=\"wp-block-heading\">Zadr\u017eavanje va\u0161ih Osobnih podataka<\/h2>\n\n\n\n<p>Ovo \u0107e Dru\u0161tvo zadr\u017eati va\u0161e Osobne podatke isklju\u010divo onoliko dugo koliko je potrebno da se ostvare svrhe navedene u ovoj Politici za\u0161tite privatnosti. Zadr\u017eat \u0107emo i koristiti va\u0161e Osobne podatke u onoj mjeri u kojoj je to nu\u017eno kako bismo ispunili svoje zakonske obveze (npr. ako moramo zadr\u017eati va\u0161e podatke kako bismo postupali u skladu s primjenjivim zakonima), rije\u0161ili sporove i provodili svoje pravne sporazume i politike.<\/p>\n\n\n\n<p>Dru\u0161tvo \u0107e tako\u0111er zadr\u017eati Podatke o kori\u0161tenju u svrhe interne analize. Podaci o kori\u0161tenju op\u0107enito se zadr\u017eavaju na kra\u0107e razdoblje, osim kad se ti podaci koriste za pove\u0107avanje sigurnosti ili pobolj\u0161avanje funkcionalnosti na\u0161e Usluge, ili ako smo zakonski obvezni zadr\u017eati takve podatke tijekom duljeg razdoblja.<\/p>\n\n\n\n<h2 class=\"wp-block-heading\">Prijenos va\u0161ih Osobnih podataka<\/h2>\n\n\n\n<p>Va\u0161i podaci, uklju\u010duju\u0107i Osobne podatke, obra\u0111uju se u uredima u kojima Dru\u0161tvo posluje i na drugim mjestima gdje se nalaze strane uklju\u010dene u obradu. To zna\u010di da se podaci mogu prenijeti \u2013 i dr\u017eati \u2013 na ra\u010dunal(im)a koja se nalaze izvan va\u0161e savezne dr\u017eave, pokrajine, dr\u017eave ili druge nadle\u017enosti, gdje se zakoni o za\u0161titi podataka mogu razlikovati od onih na snazi u nadle\u017enosti u kojoj se vi nalazite.<\/p>\n\n\n\n<p>Va\u0161a suglasnost s ovom Politikom za\u0161tite privatnosti i naknadno davanje takvih podataka predstavlja va\u0161 pristanak na takav prijenos.<\/p>\n\n\n\n<p>Dru\u0161tvo \u0107e poduzeti sve razumno potrebne korake kako bi osiguralo da se prema va\u0161im podacima postupa uz mjere sigurnosti i u skladu s ovom Politikom za\u0161tite privatnosti. Ne\u0107e do\u0107i do prijenosa va\u0161ih Osobnih podataka u organizaciju ili dr\u017eavu ako ne postoje prikladne kontrole koje uklju\u010duju sigurnost va\u0161ih podataka i drugih osobnih informacija.<\/p>\n\n\n\n<h2 class=\"wp-block-heading\">Otkrivanje va\u0161ih Osobnih podataka<\/h2>\n\n\n\n<p><strong>Poslovne transakcije<\/strong><strong><\/strong><\/p>\n\n\n\n<p>Ako je Dru\u0161tvo uklju\u010deno u spajanje, stjecanje ili prodaju imovine, mo\u017ee do\u0107i do prijenosa va\u0161ih osobnih podataka. Obavijestit \u0107emo vas o tome prije nego \u0161to va\u0161i Osobni podaci budu preneseni i postanu podlo\u017eni drugoj Politici za\u0161tite privatnosti.<\/p>\n\n\n\n<p><strong>Provedba zakona<\/strong><strong><\/strong><\/p>\n\n\n\n<p>U odre\u0111enim okolnostima Dru\u0161tvo mo\u017ee biti primorano otkriti va\u0161e Osobne podatke ako se to zahtijeva na temelju zakona ili kao odgovor na valjane zahtjeve tijela javne vlasti (npr. sud ili dr\u017eavna agencija).<\/p>\n\n\n\n<p><strong>Drugi zakonski zahtjevi<\/strong><strong><\/strong><\/p>\n\n\n\n<p>Dru\u0161tvo mo\u017ee otkriti va\u0161e Osobne podatke ako u dobroj vjeri smatra da je takvo postupanje nu\u017eno radi:<\/p>\n\n\n\n<ul class=\"wp-block-list\"><li>ispunjavanja zakonske obveze<\/li><li>za\u0161tite prava ili vlasni\u0161tva Dru\u0161tva<\/li><li>sprje\u010davanja ili istra\u017eivanja potencijalne zlouporabe u vezi s Uslugom<\/li><li>za\u0161tite osobne sigurnosti korisnika Usluge ili javnosti<\/li><li>za\u0161tite od pravne odgovornosti.<\/li><\/ul>\n\n\n\n<h2 class=\"wp-block-heading\">Sigurnost va\u0161ih Osobnih podataka<\/h2>\n\n\n\n<p>Sigurnost va\u0161ih Osobnih podataka va\u017ena nam je, ali nijedna metoda prijenosa preko interneta ili elektroni\u010dke pohrane nije 100&nbsp;% sigurna. Iako nastojimo koristiti komercijalno prihvatljiva sredstva za za\u0161titu va\u0161ih Osobnih podataka, ne mo\u017eemo jam\u010diti njihovu apsolutnu sigurnost.<\/p>\n\n\n\n<h2 class=\"wp-block-heading\">Privatnost djece<\/h2>\n\n\n\n<p>Na\u0161a Usluga nije namijenjena nijednoj osobi mla\u0111oj od 13 godina. Ne prikupljamo svjesno osobne podatke od bilo koje osobe mla\u0111e od 13 godina. Ako ste roditelj ili skrbnik i svjesni ste \u010dinjenice da nam je Va\u0161e dijete dostavilo Osobne podatke, kontaktirajte nas. Ako mi postanemo svjesni da smo prikupili Osobne podatke od osobe mla\u0111e od 13 godina bez provjere suglasnosti roditelja, poduzet \u0107emo korake kako bismo uklonili takve podatke s na\u0161ih servera.<\/p>\n\n\n\n<p>Ako se moramo oslanjati na privolu kao pravnu osnovu za obradu va\u0161ih podataka, a va\u0161a dr\u017eava zahtijeva suglasnost roditelja, mo\u017eemo zatra\u017eiti suglasnost roditelja prije prikupljanja i uporabe takvih podataka.<\/p>\n\n\n\n<h2 class=\"wp-block-heading\">Poveznice na druge mre\u017ene stranice<\/h2>\n\n\n\n<p>Na\u0161a Usluga mo\u017ee sadr\u017eavati poveznice na druge mre\u017ene stranice kojima mi ne upravljamo. Ako kliknete na poveznicu tre\u0107e strane, mo\u017eete biti preusmjereni na mre\u017enu stranicu te tre\u0107e strane. Strogo preporu\u010dujemo da se upoznate s Politikom za\u0161tite privatnosti na svakoj stranici koju posjetite.<\/p>\n\n\n\n<p>Nemamo kontrolu nad sadr\u017eajem, politikama za\u0161tite privatnosti ili praksama na bilo kojim stranicama ili servisima tre\u0107ih strana i ne preuzimamo nikakvu odgovornost u odnosu na njih.<\/p>\n\n\n\n<h2 class=\"wp-block-heading\">Promjene ove Politike za\u0161tite privatnosti<\/h2>\n\n\n\n<p>S vremena na vrijeme mo\u017eemo a\u017eurirati Politiku za\u0161tite privatnosti. Obavijestit \u0107emo vas o bilo kakvim promjenama objavljivanjem nove Politike za\u0161tite privatnosti na ovoj stranici.<\/p>\n\n\n\n<p>Obavijestit \u0107emo vas e-po\u0161tom i\/ili vidljivom obavijesti na na\u0161oj Usluzi prije nego \u0161to promjena stupi na snagu te \u0107emo a\u017eurirati datum \u201ePosljednje a\u017euriranje\u201c na vrhu ove Politike za\u0161tite privatnosti.<\/p>\n\n\n\n<p>Savjetujemo vam da redovito provjeravate ovu Politiku za\u0161tite privatnosti kako biste vidjeli je li do\u0161lo do promjena. Promjene ove Politike za\u0161tite privatnosti stupaju na snagu objavom na ovoj stranici.<\/p>\n\n\n\n<h2 class=\"wp-block-heading\">Kontaktirajte nas<\/h2>\n\n\n\n<p>Ako imate bilo kakvih pitanja o ovoj Politici za\u0161tite privatnosti, kontaktirajte nas:<\/p>\n\n\n\n<ul class=\"wp-block-list\"><li>E-po\u0161tom:&nbsp;<a href=\"mailto:info@adexilis.com\">info@adexilis.com<\/a><\/li><\/ul>\n\n\n\n<p>Nakon toga uputit \u0107emo vas na odgovaraju\u0107u podr\u0161ku na lokalnom jeziku.<\/p>\n\n\n\n<p>Politika za\u0161tite privatnosti za Adexilis.com<\/p>\n\n\n\n<p><strong>Posljednji put a\u017eurirano:<\/strong> 19. o\u017eujka 2021.<\/p>\n","protected":false},"excerpt":{"rendered":"<p>Ova Politika za\u0161tite privatnosti opisuje na\u0161e politike i postupke prilikom prikupljanja, uporabe i otkrivanja va\u0161ih podataka kad koristite Uslugu i obavje\u0161tava vas o va\u0161im pravima u vezi s privatno\u0161\u0107u i o tome kako vas \u0161titi zakon. Upotrebljavamo va\u0161e Osobne podatke kako bismo pru\u017eali i pobolj\u0161ali Uslugu. Kori\u0161tenjem Usluge pristajete na prikupljanje i uporabu podataka u [&hellip;]<\/p>\n","protected":false},"author":1,"featured_media":0,"parent":0,"menu_order":0,"comment_status":"closed","ping_status":"closed","template":"","meta":{"_acf_changed":false,"footnotes":""},"class_list":["post-2031","page","type-page","status-publish","hentry"],"acf":[],"_links":{"self":[{"href":"https:\/\/vsl3.eu\/rs\/wp-json\/wp\/v2\/pages\/2031","targetHints":{"allow":["GET"]}}],"collection":[{"href":"https:\/\/vsl3.eu\/rs\/wp-json\/wp\/v2\/pages"}],"about":[{"href":"https:\/\/vsl3.eu\/rs\/wp-json\/wp\/v2\/types\/page"}],"author":[{"embeddable":true,"href":"https:\/\/vsl3.eu\/rs\/wp-json\/wp\/v2\/users\/1"}],"replies":[{"embeddable":true,"href":"https:\/\/vsl3.eu\/rs\/wp-json\/wp\/v2\/comments?post=2031"}],"version-history":[{"count":5,"href":"https:\/\/vsl3.eu\/rs\/wp-json\/wp\/v2\/pages\/2031\/revisions"}],"predecessor-version":[{"id":2342,"href":"https:\/\/vsl3.eu\/rs\/wp-json\/wp\/v2\/pages\/2031\/revisions\/2342"}],"wp:attachment":[{"href":"https:\/\/vsl3.eu\/rs\/wp-json\/wp\/v2\/media?parent=2031"}],"curies":[{"name":"wp","href":"https:\/\/api.w.org\/{rel}","templated":true}]}}