{"id":2013,"date":"2021-07-05T20:26:27","date_gmt":"2021-07-05T20:26:27","guid":{"rendered":"http:\/\/vsl3.eu\/rs\/?page_id=2013"},"modified":"2022-02-22T22:49:40","modified_gmt":"2022-02-22T21:49:40","slug":"sto-vsl3-cini-drugacijim","status":"publish","type":"page","link":"https:\/\/vsl3.eu\/rs\/sto-vsl3-cini-drugacijim\/","title":{"rendered":"\u0160ta VSL#3 \u010dini druga\u010dijim?"},"content":{"rendered":"","protected":false},"excerpt":{"rendered":"","protected":false},"author":1,"featured_media":0,"parent":0,"menu_order":0,"comment_status":"closed","ping_status":"closed","template":"","meta":{"_acf_changed":false,"footnotes":""},"class_list":["post-2013","page","type-page","status-publish","hentry"],"acf":[],"_links":{"self":[{"href":"https:\/\/vsl3.eu\/rs\/wp-json\/wp\/v2\/pages\/2013","targetHints":{"allow":["GET"]}}],"collection":[{"href":"https:\/\/vsl3.eu\/rs\/wp-json\/wp\/v2\/pages"}],"about":[{"href":"https:\/\/vsl3.eu\/rs\/wp-json\/wp\/v2\/types\/page"}],"author":[{"embeddable":true,"href":"https:\/\/vsl3.eu\/rs\/wp-json\/wp\/v2\/users\/1"}],"replies":[{"embeddable":true,"href":"https:\/\/vsl3.eu\/rs\/wp-json\/wp\/v2\/comments?post=2013"}],"version-history":[{"count":4,"href":"https:\/\/vsl3.eu\/rs\/wp-json\/wp\/v2\/pages\/2013\/revisions"}],"predecessor-version":[{"id":2349,"href":"https:\/\/vsl3.eu\/rs\/wp-json\/wp\/v2\/pages\/2013\/revisions\/2349"}],"wp:attachment":[{"href":"https:\/\/vsl3.eu\/rs\/wp-json\/wp\/v2\/media?parent=2013"}],"curies":[{"name":"wp","href":"https:\/\/api.w.org\/{rel}","templated":true}]}}