{"id":2337,"date":"2022-01-05T01:34:21","date_gmt":"2022-01-04T23:34:21","guid":{"rendered":"https:\/\/vsl3.eu\/ro\/?post_type=product&#038;p=2337"},"modified":"2025-08-18T19:51:28","modified_gmt":"2025-08-18T16:51:28","slug":"vsl3-plic","status":"publish","type":"product","link":"https:\/\/vsl3.eu\/ro\/shop\/vsl3-plic\/","title":{"rendered":"VSL#3 Plic"},"content":{"rendered":"<h3>Cum se administreaz\u0103?<\/h3>\n<p>Se dizolv\u0103 con\u021binutul plicului \u00een ap\u0103, iaurt, suc de mere sau alt lichid rece, necarbonatat \u0219i se bea imediat. Cutia VSL#3\u00ae este u\u0219or de manevrat \u0219i se potrive\u0219te chiar \u0219i \u00een geant\u0103. Poate dura c\u00e2teva zile sau s\u0103pt\u0103m\u00e2ni pentru a regla flora intestinal\u0103; poate dura p\u00e2n\u0103 la 1 lun\u0103 pentru ca procesul de colonizare intestinal\u0103 s\u0103 fie \u00een mod optim stabilizat.<\/p>\n<p>Doza zilnic\u0103 recomandat\u0103 este de 1-2 plicuri (4,4-8,8 g). Nu dep\u0103\u0219i\u021bi doza zilnic\u0103 recomandat\u0103.<\/p>\n<p>VSL#3\u00ae poate fi utilizat p\u00e2n\u0103 la sf\u00e2r\u0219itul datei de expirare.<\/p>\n<p>A nu se l\u0103sa la \u00eendem\u00e2na copiilor. Nerecomandat copiilor cu v\u00e2rsta sub 3 ani!<\/p>\n<h3>Cum se p\u0103streaz\u0103?<\/h3>\n<p>VSL#3\u00ae poate fi \u021binut \u00een afara frigiderului timp de p\u00e2n\u0103 la 7 zile f\u0103r\u0103 a-i afecta calitatea. Cu toate acestea, nu poate fi p\u0103strat la o temperatur\u0103 mai mare de 25\u00b0C.<\/p>\n<h3>Unde gasesc produsul?<\/h3>\n<p>VSL#3\u00ae poate fi g\u0103sit in Farmaciile aprovizionate de Distribuitorii cu care lucram sau online pe site-urile acestora. Distribuitori (\u00een ordine alfabetic\u0103): A&amp;D Pharma \u2013 Dr.Max; Alliance Healthcare \u2013 Alphega; Farmacia Tei \u0219i BebeTei; Pharmafarm.<\/p>\n<p><em>Un supliment alimentar nu trebuie s\u0103 \u00eenlocuiasc\u0103 o diet\u0103 variat\u0103 \u0219i echilibrat\u0103, \u0219i un stil de via\u021b\u0103 s\u0103n\u0103tos!<\/em><\/p>\n","protected":false},"excerpt":{"rendered":"<p>VSL#3\u00ae este un supliment alimentar foarte concentrat care ofer\u0103\u00a0<strong>450 miliarde de bacterii benefice din 8 tulpini diferite \u00een fiecare plic<\/strong>. Fiecare dintre aceste tulpini a fost special selectat\u0103 \u0219i apoi liofilizat\u0103 pentru a supravie\u021bui condi\u021biilor dure din stomac. Acest lucru permite bacteriilor s\u0103 ajung\u0103 la intestin \u0219i s\u0103-l colonizeze, ajut\u00e2nd la men\u021binerea tractului digestiv \u00een stare bun\u0103.<\/p>\n<p><strong>Suplimentul alimentar VSL#3\u00ae con\u021bine bacterii vii liofilizate care pot ajuta la crearea echilibrului bacterian \u00een intestin.<\/strong>\u00a0Corpul uman con\u021bine miliarde de bacterii, at\u00e2t benefice, c\u00e2t \u0219i unele patogene, care tr\u0103iesc \u0219i \u00een tubul digestiv.\u00a0<strong>Digestia este un proces complex pe care corpul \u00eel efectueaz\u0103 pentru a transforma alimentele pe care le consuma\u021bi \u00een substan\u021be nutritive, care sunt apoi absorbite \u00een fluxul sanguin \u0219i transportate \u00een fiecare celul\u0103 din corpul dumneavoastr\u0103.<\/strong><\/p>\n","protected":false},"featured_media":2219,"comment_status":"open","ping_status":"closed","template":"","meta":{"_acf_changed":false},"product_brand":[],"product_cat":[65],"product_tag":[],"class_list":{"0":"post-2337","1":"product","2":"type-product","3":"status-publish","4":"has-post-thumbnail","6":"product_cat-suplimente-alimentare","8":"first","9":"instock","10":"taxable","11":"shipping-taxable","12":"product-type-external"},"acf":[],"_links":{"self":[{"href":"https:\/\/vsl3.eu\/ro\/wp-json\/wp\/v2\/product\/2337","targetHints":{"allow":["GET"]}}],"collection":[{"href":"https:\/\/vsl3.eu\/ro\/wp-json\/wp\/v2\/product"}],"about":[{"href":"https:\/\/vsl3.eu\/ro\/wp-json\/wp\/v2\/types\/product"}],"replies":[{"embeddable":true,"href":"https:\/\/vsl3.eu\/ro\/wp-json\/wp\/v2\/comments?post=2337"}],"wp:featuredmedia":[{"embeddable":true,"href":"https:\/\/vsl3.eu\/ro\/wp-json\/wp\/v2\/media\/2219"}],"wp:attachment":[{"href":"https:\/\/vsl3.eu\/ro\/wp-json\/wp\/v2\/media?parent=2337"}],"wp:term":[{"taxonomy":"product_brand","embeddable":true,"href":"https:\/\/vsl3.eu\/ro\/wp-json\/wp\/v2\/product_brand?post=2337"},{"taxonomy":"product_cat","embeddable":true,"href":"https:\/\/vsl3.eu\/ro\/wp-json\/wp\/v2\/product_cat?post=2337"},{"taxonomy":"product_tag","embeddable":true,"href":"https:\/\/vsl3.eu\/ro\/wp-json\/wp\/v2\/product_tag?post=2337"}],"curies":[{"name":"wp","href":"https:\/\/api.w.org\/{rel}","templated":true}]}}