{"id":3690,"date":"2022-10-02T22:07:03","date_gmt":"2022-10-02T20:07:03","guid":{"rendered":"https:\/\/vsl3.eu\/pt\/?post_type=product&#038;p=3690"},"modified":"2024-05-21T22:00:02","modified_gmt":"2024-05-21T20:00:02","slug":"vsl-balance","status":"publish","type":"product","link":"https:\/\/vsl3.eu\/pt\/shop\/vsl-balance\/","title":{"rendered":"VSL# Balance Probiotikum"},"content":{"rendered":"<p><strong>A VSL# Balance(TM) <\/strong>egy 8 k\u00fcl\u00f6nb\u00f6z\u0151 bakt\u00e9riumt\u00f6rzsb\u0151l \u00e1ll\u00f3 \u00e9trend-kieg\u00e9sz\u00edt\u0151 D3-vitamin hozz\u00e1ad\u00e1s\u00e1val. A term\u00e9k \u00e9l\u0151fl\u00f3r\u00e1j\u00e1nak \u00f6sszet\u00e9tele a VSL#3 \u00e9trend-kieg\u00e9sz\u00edt\u0151ben m\u00e1r \u00e9vtizedek \u00f3ta bizony\u00edt\u00f3 8 bakt\u00e9riumt\u00f6rzsb\u0151l kiindulva megalkotott OttaBac(R) formula alapj\u00e1n \u00e1ll \u00f6ssze, lakto- \u00e9s bifidobakt\u00e9rium t\u00f6rzseket tartalmaz k\u00fcl\u00f6nb\u00f6z\u0151 mennyis\u00e9gben.<\/p>\n<p>A <strong>VSL# Balance\u00a0<\/strong>probiotikum gy\u00e1rt\u00f3ja ugyanaz az Actial Pharmaceuticals, ami az egyed\u00fcl\u00e1ll\u00f3 \u00e9s \u00e9vtizedes kutat\u00e1si h\u00e1tt\u00e9rrel rendelkez\u0151 <a href=\"https:\/\/vsl3.eu\/pt\/\">VSL#3<\/a> probiotikumot is gy\u00e1rtja. A 90 milli\u00e1rd k\u00f3l\u00f3niak\u00e9pz\u0151 egys\u00e9get tartalmaz\u00f3 kapszul\u00e1k a hazai forgalomban kaphat\u00f3 probiotikumokhoz k\u00e9pest 7-10-szer koncentr\u00e1ltabbak. Ha a <strong>VSL# Balance<\/strong>-t v\u00e1lasztod <strong>biztos lehetsz benne, hogy az egyik legkoncentr\u00e1ltabb \u00e9l\u0151fl\u00f3r\u00e1s k\u00e9sz\u00edtm\u00e9nyt kapod.<\/strong><\/p>\n<p><strong>A t\u00f6rzsek egyenk\u00e9nt:<\/strong><\/p>\n<ul>\n<li>Streptococcus thermophilus BT01<\/li>\n<li>Lactobacillus plantarum BP06<\/li>\n<li>Lactobacillus acidophilus BA05<\/li>\n<li>Lactobacillus paracasei BP07<\/li>\n<li>Lactobacillus helveticus BD08<\/li>\n<li>Bifidobacterium animalis subps. lactis BL03<\/li>\n<li>Bifidobacterium animalis subps. lactis BI04<\/li>\n<li>Bifidobacterium breve BB02<\/li>\n<\/ul>\n<p><strong>Az aj\u00e1nlott napi mennyis\u00e9g:<\/strong> 1 kapszula naponta.<\/p>\n<p><strong>Figyelmeztet\u00e9s: <\/strong>gyermekek el\u0151l elz\u00e1rva tartand\u00f3. Ne l\u00e9pje t\u00fal az aj\u00e1nlott napi adagot. Ha \u00d6n terhes, szoptat vagy b\u00e1rmilyen gy\u00f3gyszert szed \/ eg\u00e9szs\u00e9g\u00fcgyi probl\u00e9m\u00e1ja van, k\u00e9rj\u00fck szed\u00e9s el\u0151tt konzult\u00e1ljon orvos\u00e1val.<\/p>\n<p>A term\u00e9ket a legszigor\u00fabb GMP szabv\u00e1nyok alapj\u00e1n gy\u00e1rtj\u00e1k.<\/p>\n<p><strong><em>A VSL# Balance(TM) egy \u00e9trend-kieg\u00e9sz\u00edt\u0151, nem helyettes\u00edti a v\u00e1ltozatos \u00e9s kiegyens\u00falyozott \u00e9trendet \u00e9s eg\u00e9szs\u00e9ges \u00e9letm\u00f3dot.<\/em><\/strong><\/p>\n","protected":false},"excerpt":{"rendered":"<p><em>VSL#3 kapszul\u00e1s form\u00e1ban?! Igen, meg\u00e9rkezett hozz\u00e1nk is, v\u00e9gre!!<\/em><\/p>\n<p>A <strong>VSL# Balance<\/strong> egy 8 k\u00fcl\u00f6nb\u00f6z\u0151 bakt\u00e9riumt\u00f6rzsb\u0151l \u00e1ll\u00f3, rendk\u00edv\u00fcl koncentr\u00e1lt \u00e9l\u0151fl\u00f3r\u00e1t tartalmaz\u00f3 \u00e9trend-kieg\u00e9sz\u00edt\u0151. A kapszul\u00e1nk\u00e9nt <strong>90 milli\u00e1rd CFU<\/strong>-t, kol\u00f3niak\u00e9pz\u0151 egys\u00e9get tartalmaz, mely <strong>az itthon kaphat\u00f3 probiotikumok k\u00f6z\u00f6tt kiemelked\u0151<\/strong>, <strong>nagyj\u00e1b\u00f3l 8-10-szeres mennyis\u00e9g kapszul\u00e1nk\u00e9nt<\/strong>. A VSL# Balance az egyed\u00fcl\u00e1ll\u00f3 \u00e9l\u0151fl\u00f3ra koncentr\u00e1tum mellett D3 vitamint is tartalmaz, amellyel \u00edgy kieg\u00e9sz\u00fclve hat\u00e9konyan j\u00e1rul hozz\u00e1 az immunrendszer norm\u00e1l m\u0171k\u00f6d\u00e9s\u00e9hez, a sejtek anyagcser\u00e9j\u00e9hez \u00e9s a kalcium \u00e9s foszfor norm\u00e1l felsz\u00edv\u00f3d\u00e1s\u00e1hoz.<\/p>\n<p>A <strong>VSL# Balance<\/strong> az OttaBac(R) formul\u00e1t tartalmazza, mely m\u00e1r bizony\u00edtott az \u00e9vtizedes m\u00falt\u00fa \u00e9s sz\u00e1mtalan tudom\u00e1nyos vizsg\u00e1lat \u00e1ltal al\u00e1t\u00e1masztott <a href=\"https:\/\/vsl3.eu\/pt\/\"><strong>VSL#3 probiotikum<\/strong><\/a>ban, annak egy a gy\u00e1rt\u00f3 \u00e1ltal tov\u00e1bbfejlesztett v\u00e1ltozata. \u00d6ssze\u00e1ll\u00edt\u00e1sakor a gy\u00e1rt\u00f3 m\u00e9rn\u00f6kei rendk\u00edv\u00fcl nagy hangs\u00falyt fektettek a megfelel\u0151 biztons\u00e1gra \u00e9s hat\u00e9konys\u00e1gra, alapos vizsg\u00e1latok el\u0151zt\u00e9k meg, hogyan lehetne a m\u00e1r ismert \u00e9s bev\u00e1lt formul\u00e1t tov\u00e1bbfejleszteni \u00e9s kieg\u00e9sz\u00edteni \u00fagy, hogy \u00e9vtizedes, igazolt hat\u00e9konys\u00e1ga ne v\u00e1ltozzon. R\u00e1ad\u00e1sul kapszul\u00e1s, k\u00f6nnyen fogyaszthat\u00f3 form\u00e1ban tudt\u00e1k mindezt megalkotni, a l\u00e9nyegi elemek v\u00e1ltoztat\u00e1sa n\u00e9lk\u00fcl.<\/p>\n<p>\u00d6sszet\u00e9tel\u00e9vel, a VSL#3-hoz hasonl\u00f3an egyed\u00fcl\u00e1ll\u00f3 m\u00f3don hozz\u00e1j\u00e1rulhat a b\u00e9lrendszer norm\u00e1lis m\u0171k\u00f6d\u00e9s\u00e9hez (p\u00e9ld\u00e1ul IBS eset\u00e9n), az immunrendszer norm\u00e1l m\u0171k\u00f6d\u00e9s\u00e9hez, seg\u00edts\u00e9g\u00e9re lehet a sejtek anyagcsere folyamatainak \u00e9s m\u00e9g a kalcium \u00e9s foszfor norm\u00e1l felsz\u00edv\u00f3d\u00e1s\u00e1t is el\u0151seg\u00edti, ezeken k\u00edv\u00fcl pedig sz\u00e1mos olyan esetben lehet hat\u00e1sa, melyek az \u00e9l\u0151fl\u00f3ra-kever\u00e9k eset\u00e9ben m\u00e1r kor\u00e1bban igazol\u00f3dtak. <a href=\"https:\/\/www.ncbi.nlm.nih.gov\/pmc\/articles\/PMC7190945\/\"><strong>Ezekr\u0151l b\u0151vebben itt olvashat\u00a0<\/strong><\/a><\/p>\n<p>A term\u00e9k <strong>NEM <\/strong>tartalmaz glut\u00e9nt \u00e9s lakt\u00f3zt, <strong>vagy b\u00e1rmely m\u00e1s adal\u00e9kanyagot.<\/strong> Csak a sz\u00fcks\u00e9ges alkot\u00f3elemek ker\u00fcltek a kapszul\u00e1ba.<\/p>\n<p>A csomagol\u00e1s 30 kapszul\u00e1t tartalmaz, az aj\u00e1nlott napi adag 1 db kapszula naponta.<\/p>\n","protected":false},"featured_media":3694,"comment_status":"open","ping_status":"closed","template":"","meta":{"_acf_changed":false},"product_brand":[],"product_cat":[65],"product_tag":[],"class_list":{"0":"post-3690","1":"product","2":"type-product","3":"status-publish","4":"has-post-thumbnail","6":"product_cat-etrend-kiegeszito","8":"first","9":"instock","10":"taxable","11":"shipping-taxable","12":"product-type-external"},"acf":[],"_links":{"self":[{"href":"https:\/\/vsl3.eu\/pt\/wp-json\/wp\/v2\/product\/3690","targetHints":{"allow":["GET"]}}],"collection":[{"href":"https:\/\/vsl3.eu\/pt\/wp-json\/wp\/v2\/product"}],"about":[{"href":"https:\/\/vsl3.eu\/pt\/wp-json\/wp\/v2\/types\/product"}],"replies":[{"embeddable":true,"href":"https:\/\/vsl3.eu\/pt\/wp-json\/wp\/v2\/comments?post=3690"}],"wp:featuredmedia":[{"embeddable":true,"href":"https:\/\/vsl3.eu\/pt\/wp-json\/wp\/v2\/media\/3694"}],"wp:attachment":[{"href":"https:\/\/vsl3.eu\/pt\/wp-json\/wp\/v2\/media?parent=3690"}],"wp:term":[{"taxonomy":"product_brand","embeddable":true,"href":"https:\/\/vsl3.eu\/pt\/wp-json\/wp\/v2\/product_brand?post=3690"},{"taxonomy":"product_cat","embeddable":true,"href":"https:\/\/vsl3.eu\/pt\/wp-json\/wp\/v2\/product_cat?post=3690"},{"taxonomy":"product_tag","embeddable":true,"href":"https:\/\/vsl3.eu\/pt\/wp-json\/wp\/v2\/product_tag?post=3690"}],"curies":[{"name":"wp","href":"https:\/\/api.w.org\/{rel}","templated":true}]}}