{"id":4133,"date":"2023-09-05T22:17:53","date_gmt":"2023-09-05T20:17:53","guid":{"rendered":"https:\/\/vsl3.eu\/pt\/?page_id=4133"},"modified":"2024-09-03T11:05:00","modified_gmt":"2024-09-03T09:05:00","slug":"szallitasi-informacio","status":"publish","type":"page","link":"https:\/\/vsl3.eu\/pt\/szallitasi-informacio\/","title":{"rendered":"Sz\u00e1ll\u00edt\u00e1si inform\u00e1ci\u00f3"},"content":{"rendered":"\n<h2 class=\"wp-block-heading\">Milyen sz\u00e1ll\u00edt\u00e1si m\u00f3dok v\u00e1laszthat\u00f3k a VSL3.eu webshopban?<\/h2>\n\n\n\n<p>A<strong>&nbsp;<\/strong>VSL#3<sup>\u00ae<\/sup>&nbsp;\u00e9l\u0151 bakt\u00e9riumokat tartalmaz, ez\u00e9rt gondosan odafigyel\u00fcnk arra, hogy a term\u00e9k a h\u00e1zhozsz\u00e1ll\u00edt\u00e1s alatt semmik\u00e9pp ne vesz\u00edtsen a min\u0151s\u00e9g\u00e9b\u0151l.<\/p>\n\n\n\n<p>Ezt&nbsp;<strong>meleg id\u0151ben kiz\u00e1r\u00f3lag a passz\u00edv H\u0170T\u00c9SES sz\u00e1ll\u00edt\u00e1s<\/strong>&nbsp;teszi lehet\u0151v\u00e9, azonban megfelel\u0151 id\u0151j\u00e1r\u00e1si viszonyok (t\u00f6bbnyire t\u00e9len \u00e9s az \u00e1tmeneti \u00e9vszakokban) eset\u00e9n&nbsp;<strong>ideiglenesen, NORM\u00c1L sz\u00e1ll\u00edt\u00e1ssal&nbsp;<\/strong>is garant\u00e1lni tudjuk, hogy a term\u00e9k 48 \u00f3r\u00e1n bel\u00fcl kisz\u00e1ll\u00edt\u00e1sra ker\u00fclhessen, \u00e9s k\u00f6zben t\u00f6k\u00e9letesen meg\u0151rizze a min\u0151s\u00e9g\u00e9t.<\/p>\n\n\n\n<p>Lehet\u0151s\u00e9g van tov\u00e1bb\u00e1 <strong>szem\u00e9lyes \u00e1tv\u00e9telre a DHL rakt\u00e1r\u00e1ban<\/strong>.<\/p>\n\n\n\n<h2 class=\"wp-block-heading\">Hogyan tudom szem\u00e9lyesen \u00e1tvenni a rendel\u00e9semet?<\/h2>\n\n\n\n<p>Szem\u00e9lyes \u00e1tv\u00e9telre lehet\u0151s\u00e9g van a DHL rakt\u00e1r\u00e1ban (1117 Budafoki \u00fat 60. B60 Business Park \/ DHL rakt\u00e1r [A \u00e9p\u00fclet f\u00f6ldszint \u2013 bej\u00e1rat a bels\u0151 parkol\u00f3 fel\u0151l], H-P: 8:30-16:00, [<a href=\"https:\/\/goo.gl\/maps\/ChmDTxURrWWTELKw9\">T\u00c9RK\u00c9P<\/a>]).<\/p>\n\n\n\n<p>A megrendelt term\u00e9kek <strong>24 \u00f3ra eltelt\u00e9vel<\/strong>, a <strong>rendel\u00e9ssz\u00e1m<\/strong> \u00e9s a rendel\u00e9s sor\u00e1n megadott<strong> telefonsz\u00e1m<\/strong> megad\u00e1s\u00e1val vehet\u0151ek \u00e1t szem\u00e9lyesen a DHL rakt\u00e1r\u00e1ban.<\/p>\n\n\n\n<h2 class=\"wp-block-heading\">Mit \u00e9rdemes m\u00e9g tudnom a passz\u00edv h\u0171t\u00e9ses sz\u00e1ll\u00edt\u00e1sr\u00f3l?<\/h2>\n\n\n\n<p>A VSL#3<sup>\u00ae<\/sup>&nbsp;k\u00e9sz\u00edtm\u00e9nyeket passz\u00edv h\u0171t\u00e9ses sz\u00e1ll\u00edt\u00e1s eset\u00e9n a fut\u00e1rszolg\u00e1lat&nbsp;<strong>\u00fajrahasznos\u00edthat\u00f3 h\u0171t\u0151dobozokban<\/strong>&nbsp;k\u00e9zbes\u00edti. K\u00e9rj\u00fck \u00f3vja vel\u00fcnk egy\u00fctt a k\u00f6rnyezetet \u00e9s az \u00fajrahasznos\u00edthat\u00f3 h\u0171t\u0151dobozt adja vissza a fut\u00e1rnak az \u00e1tv\u00e9telt k\u00f6vet\u0151en!<\/p>\n\n\n\n<p>A ny\u00e1ri, melegebb id\u0151szakokban sz\u00e1ll\u00edt\u00e1si opci\u00f3k\u00e9nt <strong>kiz\u00e1r\u00f3lag<\/strong> a h\u0151m\u00e9rs\u00e9klet-kontroll\u00e1lt (passz\u00edv h\u0171t\u00e9ses) sz\u00e1ll\u00edt\u00e1s el\u00e9rhet\u0151 &#8211; \u00edgy garant\u00e1lhat\u00f3 a term\u00e9k megfelel\u0151 min\u0151s\u00e9ge. A k\u00f6r\u00fclm\u00e9nyekre val\u00f3 tekintettel a csomagokat h\u00e9tf\u0151t\u0151l keddig dolgozzuk fel, teh\u00e1t <strong>szerd\u00e1n reggel k\u00fcldj\u00fck ki az utols\u00f3 csomagokat<\/strong>, az ezt k\u00f6vet\u0151en be\u00e9rkez\u0151 megrendel\u00e9seket csak ism\u00e9telten h\u00e9tf\u0151t\u0151l kezdj\u00fck feldolgozni.<\/p>\n\n\n\n<p>A h\u0151m\u00e9rs\u00e9klet-kontroll\u00e1lt csomag \u00e9rkez\u00e9sekor, a DHL rakt\u00e1rt\u00f3l kapott t\u00e1j\u00e9koztat\u00f3 SMS le\u00edr\u00e1s\u00e1nak megfelel\u0151en k\u00e9rj\u00fck, hogy mindig vegye ki a v\u00e1s\u00e1rolt term\u00e9ke(ke)t, a fut\u00e1rt <strong>NE&nbsp;<\/strong>engedje el, hanem a csomagol\u00f3anyagot adja vissza neki, ez a csere-csomag, amelyet vissza kell sz\u00e1ll\u00edtania a rakt\u00e1runkba. K\u00e9rj\u00fck, hogy esetleges f\u00e9lre\u00e9rt\u00e9s eset\u00e9n k\u00e9rje meg a fut\u00e1rt, hogy egyeztessen a felettes\u00e9vel, a csomagol\u00f3anyagot ugyanis nem hagyhatja \u00d6nn\u00e9l, annak vissza kell jutnia a rakt\u00e1runkba, csere-csomagk\u00e9nt!<\/p>\n\n\n\n<h2 class=\"wp-block-heading\">Mikor sz\u00e1ll\u00edtja ki r\u00e9szemre a fut\u00e1rszolg\u00e1lat a term\u00e9keket?<\/h2>\n\n\n\n<p>A szerda ut\u00e1n leadott rendel\u00e9sek kik\u00fcld\u00e9se csak a k\u00f6vetkez\u0151 h\u00e9t h\u00e9tf\u0151i napj\u00e1n t\u00f6rt\u00e9nik!<\/p>\n","protected":false},"excerpt":{"rendered":"<p>Milyen sz\u00e1ll\u00edt\u00e1si m\u00f3dok v\u00e1laszthat\u00f3k a VSL3.eu webshopban? A&nbsp;VSL#3\u00ae&nbsp;\u00e9l\u0151 bakt\u00e9riumokat tartalmaz, ez\u00e9rt gondosan odafigyel\u00fcnk arra, hogy a term\u00e9k a h\u00e1zhozsz\u00e1ll\u00edt\u00e1s alatt semmik\u00e9pp ne vesz\u00edtsen a min\u0151s\u00e9g\u00e9b\u0151l. Ezt&nbsp;meleg id\u0151ben kiz\u00e1r\u00f3lag a passz\u00edv H\u0170T\u00c9SES sz\u00e1ll\u00edt\u00e1s&nbsp;teszi lehet\u0151v\u00e9, azonban megfelel\u0151 id\u0151j\u00e1r\u00e1si viszonyok (t\u00f6bbnyire t\u00e9len \u00e9s az \u00e1tmeneti \u00e9vszakokban) eset\u00e9n&nbsp;ideiglenesen, NORM\u00c1L sz\u00e1ll\u00edt\u00e1ssal&nbsp;is garant\u00e1lni tudjuk, hogy a term\u00e9k 48 \u00f3r\u00e1n bel\u00fcl kisz\u00e1ll\u00edt\u00e1sra [&hellip;]<\/p>\n","protected":false},"author":1,"featured_media":0,"parent":0,"menu_order":0,"comment_status":"closed","ping_status":"closed","template":"","meta":{"_acf_changed":false,"footnotes":""},"class_list":["post-4133","page","type-page","status-publish","hentry"],"acf":[],"_links":{"self":[{"href":"https:\/\/vsl3.eu\/pt\/wp-json\/wp\/v2\/pages\/4133","targetHints":{"allow":["GET"]}}],"collection":[{"href":"https:\/\/vsl3.eu\/pt\/wp-json\/wp\/v2\/pages"}],"about":[{"href":"https:\/\/vsl3.eu\/pt\/wp-json\/wp\/v2\/types\/page"}],"author":[{"embeddable":true,"href":"https:\/\/vsl3.eu\/pt\/wp-json\/wp\/v2\/users\/1"}],"replies":[{"embeddable":true,"href":"https:\/\/vsl3.eu\/pt\/wp-json\/wp\/v2\/comments?post=4133"}],"version-history":[{"count":4,"href":"https:\/\/vsl3.eu\/pt\/wp-json\/wp\/v2\/pages\/4133\/revisions"}],"predecessor-version":[{"id":5405,"href":"https:\/\/vsl3.eu\/pt\/wp-json\/wp\/v2\/pages\/4133\/revisions\/5405"}],"wp:attachment":[{"href":"https:\/\/vsl3.eu\/pt\/wp-json\/wp\/v2\/media?parent=4133"}],"curies":[{"name":"wp","href":"https:\/\/api.w.org\/{rel}","templated":true}]}}