{"id":1976,"date":"2021-07-05T19:20:00","date_gmt":"2021-07-05T19:20:00","guid":{"rendered":"http:\/\/vsl3.eu\/pt\/?page_id=1976"},"modified":"2024-09-09T08:47:19","modified_gmt":"2024-09-09T06:47:19","slug":"gyik","status":"publish","type":"page","link":"https:\/\/vsl3.eu\/pt\/gyik\/","title":{"rendered":"Gyakran ism\u00e9telt k\u00e9rd\u00e9sek"},"content":{"rendered":"","protected":false},"excerpt":{"rendered":"","protected":false},"author":1,"featured_media":0,"parent":0,"menu_order":0,"comment_status":"closed","ping_status":"closed","template":"","meta":{"_acf_changed":false,"footnotes":""},"class_list":["post-1976","page","type-page","status-publish","hentry"],"acf":[],"_links":{"self":[{"href":"https:\/\/vsl3.eu\/pt\/wp-json\/wp\/v2\/pages\/1976","targetHints":{"allow":["GET"]}}],"collection":[{"href":"https:\/\/vsl3.eu\/pt\/wp-json\/wp\/v2\/pages"}],"about":[{"href":"https:\/\/vsl3.eu\/pt\/wp-json\/wp\/v2\/types\/page"}],"author":[{"embeddable":true,"href":"https:\/\/vsl3.eu\/pt\/wp-json\/wp\/v2\/users\/1"}],"replies":[{"embeddable":true,"href":"https:\/\/vsl3.eu\/pt\/wp-json\/wp\/v2\/comments?post=1976"}],"version-history":[{"count":5,"href":"https:\/\/vsl3.eu\/pt\/wp-json\/wp\/v2\/pages\/1976\/revisions"}],"predecessor-version":[{"id":5423,"href":"https:\/\/vsl3.eu\/pt\/wp-json\/wp\/v2\/pages\/1976\/revisions\/5423"}],"wp:attachment":[{"href":"https:\/\/vsl3.eu\/pt\/wp-json\/wp\/v2\/media?parent=1976"}],"curies":[{"name":"wp","href":"https:\/\/api.w.org\/{rel}","templated":true}]}}