{"id":2426,"date":"2021-12-06T23:57:16","date_gmt":"2021-12-06T22:57:16","guid":{"rendered":"https:\/\/vsl3.eu\/pl\/?post_type=product&#038;p=2426"},"modified":"2025-08-18T22:15:32","modified_gmt":"2025-08-18T20:15:32","slug":"vsl3-suplementy-diety","status":"publish","type":"product","link":"https:\/\/vsl3.eu\/pl\/shop\/vsl3-suplementy-diety\/","title":{"rendered":"VSL#3 Suplementy diety"},"content":{"rendered":"<h3>Jak przyjmowa\u0107?<\/h3>\n<p>Zawarto\u015b\u0107 saszetki rozpu\u015b\u0107 w wodzie, jogurcie, soku jab\u0142kowym lub innym zimnym, niegazowanym p\u0142ynie i natychmiast wypij. Saszetka VSL#3\u00ae jest ma\u0142a i por\u0119czna \u2013 zmie\u015bci si\u0119 nawet w Twojej torbie lub kieszeni. Dostosowanie flory jelitowej mo\u017ce zaj\u0105\u0107 kilka dni lub tygodni. Osi\u0105gni\u0119cie przez bakterie zawarte w VSL#3\u00ae optymalnie stabilnej kolonizacji jelit, mo\u017ce zabra\u0107 do 1 miesi\u0105ca.<\/p>\n<p>Zalecana dzienna porcja to 1-2 saszetki (4,4-8,8 g). Nie przekraczaj zalecanej, dziennej porcji do spo\u017cycia.<\/p>\n<p>Z VSL#3\u00ae mo\u017cna korzysta\u0107 do ko\u0144ca daty wa\u017cno\u015bci.<\/p>\n<p>Trzymaj poza zasi\u0119giem dzieci. Nie mo\u017cna podawa\u0107 dzieciom poni\u017cej 3 roku \u017cycia!<\/p>\n<h3>Jak przechowywa\u0107?<\/h3>\n<p>VSL#3\u00ae mo\u017cna pozostawi\u0107 poza lod\u00f3wk\u0105 do 7 dni bez wp\u0142ywu na jego jako\u015b\u0107. Nie mo\u017cna go jednak przechowywa\u0107 w temperaturze wy\u017cszej ni\u017c 25\u00b0C.<\/p>\n<p><em>Suplementy diety nie mog\u0105 by\u0107 stosowane jako substytut zr\u00f3\u017cnicowanej diety i zdrowego trybu \u017cycia.<\/em><\/p>\n","protected":false},"excerpt":{"rendered":"<p>VSL#3\u00ae to wysoce skoncentrowany, polibiotyczny suplement diety, dostarczaj\u0105cy w ka\u017cdej saszetce\u00a0<strong>450 miliard\u00f3w po\u017cytecznych bakterii z 8 r\u00f3\u017cnych szczep\u00f3w<\/strong>. Ka\u017cdy z tych szczep\u00f3w zosta\u0142 specjalnie wyselekcjonowany, a nast\u0119pnie liofilizowany, aby przetrwa\u0107 trudne warunki, panuj\u0105ce w przewodzie pokarmowym. Pozwala to bakteriom dotrze\u0107 do jelita i je skolonizowa\u0107, pomagaj\u0105c utrzyma\u0107 przew\u00f3d pokarmowy w dobrej kondycji.<\/p>\n<p><strong>Suplement diety VSL#3\u00ae zawiera liofilizowane \u017cywe bakterie, kt\u00f3re mog\u0105 wspiera\u0107 tworzenie r\u00f3wnowagi bakteryjnej w jelitach. Organizm ludzki zawiera miliardy bakterii, zar\u00f3wno po\u017cytecznych, jak i np.<\/strong>\u00a0chorobotw\u00f3rczych, kt\u00f3re r\u00f3wnie\u017c \u017cyj\u0105 w uk\u0142adzie pokarmowym. Ich obecno\u015b\u0107 i namna\u017canie, przy niewystarczaj\u0105cej liczbie po\u017cytecznych bakterii, mo\u017ce zaburza\u0107 procesy trawienne i przyczynia\u0107 si\u0119 do rozwoju r\u00f3\u017cnych stan\u00f3w chorobowych. Samo trawienie to z\u0142o\u017cony proces, kt\u00f3ry organizm przeprowadza w celu przekszta\u0142cenia spo\u017cywanej \u017cywno\u015bci w sk\u0142adniki od\u017cywcze, a nast\u0119pnie wch\u0142aniania do krwioobiegu i przenoszenia do ka\u017cdej kom\u00f3rki w organizmie.\u00a0<strong>Zbalansowana flora bakteryjna jelit odgrywa w tych procesach ogromn\u0105 rol\u0119.<\/strong><\/p>\n[pharmacylogoblock2]\n","protected":false},"featured_media":2246,"comment_status":"open","ping_status":"closed","template":"","meta":{"_acf_changed":false},"product_brand":[],"product_cat":[65],"product_tag":[],"class_list":{"0":"post-2426","1":"product","2":"type-product","3":"status-publish","4":"has-post-thumbnail","6":"product_cat-suplement-diety","8":"first","9":"instock","10":"taxable","11":"shipping-taxable","12":"product-type-external"},"acf":[],"_links":{"self":[{"href":"https:\/\/vsl3.eu\/pl\/wp-json\/wp\/v2\/product\/2426","targetHints":{"allow":["GET"]}}],"collection":[{"href":"https:\/\/vsl3.eu\/pl\/wp-json\/wp\/v2\/product"}],"about":[{"href":"https:\/\/vsl3.eu\/pl\/wp-json\/wp\/v2\/types\/product"}],"replies":[{"embeddable":true,"href":"https:\/\/vsl3.eu\/pl\/wp-json\/wp\/v2\/comments?post=2426"}],"wp:featuredmedia":[{"embeddable":true,"href":"https:\/\/vsl3.eu\/pl\/wp-json\/wp\/v2\/media\/2246"}],"wp:attachment":[{"href":"https:\/\/vsl3.eu\/pl\/wp-json\/wp\/v2\/media?parent=2426"}],"wp:term":[{"taxonomy":"product_brand","embeddable":true,"href":"https:\/\/vsl3.eu\/pl\/wp-json\/wp\/v2\/product_brand?post=2426"},{"taxonomy":"product_cat","embeddable":true,"href":"https:\/\/vsl3.eu\/pl\/wp-json\/wp\/v2\/product_cat?post=2426"},{"taxonomy":"product_tag","embeddable":true,"href":"https:\/\/vsl3.eu\/pl\/wp-json\/wp\/v2\/product_tag?post=2426"}],"curies":[{"name":"wp","href":"https:\/\/api.w.org\/{rel}","templated":true}]}}