{"id":2391,"date":"2023-03-20T14:00:20","date_gmt":"2023-03-20T13:00:20","guid":{"rendered":"https:\/\/vsl3.eu\/hu\/?post_type=product&#038;p=2391"},"modified":"2026-04-01T08:23:17","modified_gmt":"2026-04-01T06:23:17","slug":"vsl3-tasakos","status":"publish","type":"product","link":"https:\/\/vsl3.eu\/hu\/shop\/vsl3-tasakos\/","title":{"rendered":"VSL#3 \u00c9trend-kieg\u00e9sz\u00edt\u0151"},"content":{"rendered":"<p><em>A VSL#3\u00ae egy \u00e9l\u0151fl\u00f3r\u00e1t tartalmaz\u00f3 \u00e9trend-kieg\u00e9sz\u00edt\u0151. Nem helyettes\u00edti a v\u00e1ltozatos \u00e9trendet \u00e9s az eg\u00e9szs\u00e9ges \u00e9letm\u00f3dot. Az \u00e9trend-kieg\u00e9sz\u00edt\u0151k nem alkalmasak betegs\u00e9gek \u00e9s a szervezet m\u0171k\u00f6d\u00e9si zavarainak gy\u00f3gy\u00edt\u00e1s\u00e1ra, kezel\u00e9s\u00e9re, megel\u0151z\u00e9s\u00e9re. Fogyaszt\u00e1sa nem helyettes\u00edti a megfelel\u0151 szakorvosi diagn\u00f3zist \u00e9s a gy\u00f3gyszeres kezel\u00e9st. A le\u00edr\u00e1sban szerepl\u0151 \u00e1ll\u00edt\u00e1sok az \u00f6sszetev\u0151kre vonatkoz\u00f3, szakirodalmi forr\u00e1sokb\u00f3l, a term\u00e9kkel v\u00e9gzett vizsg\u00e1latokb\u00f3l vett id\u00e9zetek. Az \u00e1ll\u00edt\u00e1sok nem a term\u00e9kre vonatkoznak, kiz\u00e1r\u00f3lag az \u00e1ltal\u00e1nos ismeretterjeszt\u00e9st k\u00edv\u00e1nj\u00e1k szolg\u00e1lni az \u00f6sszetev\u0151kkel kapcsolatban.<\/em><\/p>\n<p>A VSL#3\u00ae egy egyed\u00fcl\u00e1ll\u00f3 \u00e9l\u0151fl\u00f3r\u00e1t tartalmaz\u00f3 \u00e9trend-kieg\u00e9sz\u00edt\u0151, amely nyolc k\u00fcl\u00f6nb\u00f6z\u0151 bakt\u00e9riumt\u00f6rzset tartalmaz rendk\u00edv\u00fcl magas koncentr\u00e1ci\u00f3ban. Ezek a fagyasztva sz\u00e1r\u00edtott, j\u00f3t\u00e9kony bakt\u00e9riumok term\u00e9szetes m\u00f3don is el\u0151fordulnak egy eg\u00e9szs\u00e9ges emberi b\u00e9lfl\u00f3r\u00e1ban \u00e9s meghat\u00e1roz\u00f3 alkot\u00f3i annak. Az emberi test t\u00f6bb trilli\u00f3 bakt\u00e9riumnak ad otthont melyek egy r\u00e9sze az em\u00e9szt\u0151rendszerben tal\u00e1lhat\u00f3. Az ott \u00e9l\u0151 bakt\u00e9riumok hozz\u00e1j\u00e1rulnak az \u00e9telek em\u00e9szt\u00e9s\u00e9hez, a t\u00e1panyagok felsz\u00edv\u00f3d\u00e1s\u00e1hoz, az immunrendszer m\u0171k\u00f6d\u00e9s\u00e9hez, valamint a b\u00e9lrendszer eg\u00e9szs\u00e9g\u00e9nek fenntart\u00e1s\u00e1hoz.<\/p>\n<p>A VSL#3\u00ae \u00f6sszet\u00e9tele tudom\u00e1nyos kutat\u00e1sokon alapul, \u00e9s klinikai vizsg\u00e1latokkal al\u00e1t\u00e1masztott. Az elm\u00falt tizen\u00f6t \u00e9vben t\u00f6bb mint 40 tudom\u00e1nyos publik\u00e1ci\u00f3 foglalkozott a VSL#3\u00ae hat\u00e1saival.<\/p>\n<p>A VSL#3\u00ae el\u0151nyei:<\/p>\n<ul>\n<li>Rendk\u00edv\u00fcl magas koncentr\u00e1ci\u00f3: 450 milli\u00e1rd kol\u00f3niak\u00e9pz\u0151 egys\u00e9g (CFU) tasakonk\u00e9nt<\/li>\n<li>8 komplementer bakt\u00e9riumt\u00f6rzs 3 k\u00fcl\u00f6nb\u00f6z\u0151 nemzets\u00e9gb\u0151l<\/li>\n<li>Garant\u00e1lt koncentr\u00e1ci\u00f3 a lej\u00e1rati id\u0151ig, megfelel\u0151 t\u00e1rol\u00e1s eset\u00e9n<\/li>\n<li>H\u0171t\u00f6tt sz\u00e1ll\u00edt\u00e1s a bakt\u00e9riumok \u00e9letk\u00e9pess\u00e9g\u00e9nek meg\u0151rz\u00e9se \u00e9rdek\u00e9ben<\/li>\n<li>T\u00e1mogathatja az eg\u00e9szs\u00e9ges b\u00e9lfl\u00f3ra kialakul\u00e1s\u00e1t \u00e9s fenntart\u00e1s\u00e1t<\/li>\n<li>Hozz\u00e1j\u00e1rulhat az optim\u00e1lis em\u00e9szt\u00e9shez<\/li>\n<li>Seg\u00edthet meger\u0151s\u00edteni a b\u00e9lrendszer v\u00e9dekez\u0151 funkci\u00f3j\u00e1t<\/li>\n<\/ul>\n<h3>Mi\u00e9rt fontos a magas kol\u00f3niak\u00e9pz\u0151 egys\u00e9g (CFU) sz\u00e1m?<\/h3>\n<p>Elfogyaszt\u00e1s ut\u00e1n a b\u00e9lfl\u00f3ra bakt\u00e9riumok beker\u00fclnek az em\u00e9szt\u0151rendszer\u00fcnkbe. Itt azonban sz\u00e1mos folyamat azon dolgozik, hogy a beker\u00fclt elemeket feldolgozza, felsz\u00edvhat\u00f3 t\u00e1panyagg\u00e1 v\u00e1ltoztassa. Nem kiv\u00e9tel ezen folyamatok al\u00f3l a bakt\u00e9riumok sokas\u00e1ga sem, amely akt\u00edvan ki van t\u00e9ve a szervezet bels\u0151, em\u00e9szt\u0151 folyamatainak. A folyamatok sor\u00e1n sz\u00e1mos bakt\u00e9rium elpusztul az eredetileg bevitt mennyis\u00e9gb\u0151l. Ahhoz, hogy a b\u00e9lrendszer\u00fcnkbe val\u00f3ban megfelel\u0151 mennyis\u00e9g\u0171 \u00e9l\u0151fl\u00f3ra jusson el, az a legjobb m\u00f3dszer, ha nagy mennyis\u00e9g\u0171 kol\u00f3niak\u00e9pz\u0151 egys\u00e9ggel rendelkez\u0151 term\u00e9ket v\u00e1lasztunk. Ellenkez\u0151 esetben a megfelel\u0151 b\u00e9ltraktusba \u00e9rve nem marad el\u00e9g CFU ahhoz, hogy megindulhasson a kol\u00f3nia k\u00e9pz\u0151d\u00e9s folyamata.<\/p>\n<p>A hazai forgalomban kaphat\u00f3 \u00e9l\u0151fl\u00f3r\u00e1s \u00e9trend-kieg\u00e9sz\u00edt\u0151k \u00e1tlagosan 3-10 milli\u00e1rd bakt\u00e9riumot tartalmaznak adagonk\u00e9nt, a VSL#3 eset\u00e9ben ez 450 milli\u00e1rd tasakonk\u00e9nt. A k\u00fcl\u00f6nbs\u00e9g ezekkel a term\u00e9kekkel szemben a k\u00f6zel 50-szeres koncentr\u00e1ci\u00f3 &#8211; adagonk\u00e9nt.<\/p>\n<h3>Hogyan kell szedni?<\/h3>\n<p>A term\u00e9k haszn\u00e1lata el\u0151tt konzult\u00e1lj kezel\u0151orvosoddal, k\u00fcl\u00f6n\u00f6sen ha valamilyen gy\u00f3gyszeres kezel\u00e9s alatt \u00e1llsz vagy kr\u00f3nikus betegs\u00e9gben szenvedsz.<\/p>\n<p>H\u00e1rom \u00e9ves kor alatti gyermekeknek gyerekorvos fel\u00fcgyelete mellett adhat\u00f3.<\/p>\n<p><strong>Aj\u00e1nlott adagol\u00e1s:<\/strong><br \/>\nNapi 1-2 tasak (4,4-8,8 g), amennyiben a kezel\u0151orvos nem rendelkezik m\u00e1sk\u00e9pp. Az optim\u00e1lis hat\u00e1s \u00e9rdek\u00e9ben a k\u00fara <strong>legal\u00e1bb 3 h\u00f3napig<\/strong> javasolt. Kr\u00f3nikus probl\u00e9m\u00e1k eset\u00e9n hosszabb t\u00e1v\u00fa alkalmaz\u00e1s is lehets\u00e9ges.<\/p>\n<p>A VSL#3 biztons\u00e1gos hossz\u00fat\u00e1v\u00fa haszn\u00e1lat eset\u00e9n, folyamatos szed\u00e9se 1 \u00e9ven kereszt\u00fcl is lehets\u00e9ges (1 \u00e9v ut\u00e1n 1-2 h\u00f3nap sz\u00fcnet javasolt). NEM SZ\u00dcKS\u00c9GES \u00c9HGYOMORRA SZEDNI.<\/p>\n<p><strong>Haszn\u00e1lat:<\/strong><br \/>\nA tasak tartalm\u00e1t oldd fel v\u00edzben, joghurtban, almal\u00e9ben vagy egy\u00e9b hideg, sz\u00e9nsavmentes folyad\u00e9kban, majd azonnal idd meg.<\/p>\n<h3>Hogyan kell t\u00e1rolni?<\/h3>\n<p>A term\u00e9k hossz\u00fat\u00e1von h\u0171t\u0151szekr\u00e9nyben (2\u00b0C \u2013 8\u00b0C) t\u00e1roland\u00f3. VSL#3\u00ae term\u00e9kek h\u0171t\u00e9se biztos\u00edtja, hogy a bakt\u00e9riumkever\u00e9k meg\u0151rizze min\u0151s\u00e9g\u00e9t a term\u00e9k eltarthat\u00f3s\u00e1gi ideje v\u00e9g\u00e9ig (24 h\u00f3nap). A VSL#3\u00ae <strong>szobah\u0151m\u00e9rs\u00e9kleten legfeljebb 7 napig t\u00e1rolhat\u00f3<\/strong> a hat\u00e1s befoly\u00e1sol\u00e1sa n\u00e9lk\u00fcl. A term\u00e9k t\u00e1rol\u00e1sa sor\u00e1n ker\u00fclj\u00e9k a direkt napf\u00e9nyt \u00e9s a h\u0151m\u00e9rs\u00e9kleti sz\u00e9ls\u0151s\u00e9geket.<\/p>\n<p>Min\u0151s\u00e9g\u00e9t meg\u0151rzi a dobozon jelzett id\u0151pontig.<\/p>\n<p>Gyermekekt\u0151l elz\u00e1rva tartand\u00f3.<\/p>\n<h3>Sz\u00e1ll\u00edt\u00e1si inform\u00e1ci\u00f3k<\/h3>\n<p>A<strong>\u00a0<\/strong>VSL#3<sup>\u00ae<\/sup> \u00e9l\u0151 bakt\u00e9riumokat tartalmaz, ez\u00e9rt gondosan odafigyel\u00fcnk arra, hogy a term\u00e9k a h\u00e1zhozsz\u00e1ll\u00edt\u00e1s alatt semmik\u00e9pp ne vesz\u00edtsen a min\u0151s\u00e9g\u00e9b\u0151l. Ezt\u00a0<strong>meleg id\u0151ben kiz\u00e1r\u00f3lag a passz\u00edv H\u0170T\u00c9SES sz\u00e1ll\u00edt\u00e1s<\/strong>\u00a0teszi lehet\u0151v\u00e9, azonban megfelel\u0151 id\u0151j\u00e1r\u00e1si viszonyok (t\u00f6bbnyire t\u00e9len \u00e9s az \u00e1tmeneti \u00e9vszakokban) eset\u00e9n\u00a0<strong>ideiglenesen, NORM\u00c1L sz\u00e1ll\u00edt\u00e1ssal\u00a0<\/strong>is garant\u00e1lni tudjuk, hogy a term\u00e9k 48 \u00f3r\u00e1n bel\u00fcl kisz\u00e1ll\u00edt\u00e1sra ker\u00fclhessen, \u00e9s k\u00f6zben t\u00f6k\u00e9letesen meg\u0151rizze a min\u0151s\u00e9g\u00e9t.<\/p>\n<p>A VSL#3<sup>\u00ae<\/sup> k\u00e9sz\u00edtm\u00e9nyeket passz\u00edv h\u0171t\u00e9ses sz\u00e1ll\u00edt\u00e1s eset\u00e9n a GLS fut\u00e1rszolg\u00e1lat\u00a0<strong>h\u0171t\u0151g\u00e9llel ell\u00e1tott, izotermikus kartondobozban<\/strong> k\u00e9zbes\u00edti. A ny\u00e1ri, melegebb id\u0151szakokban sz\u00e1ll\u00edt\u00e1si opci\u00f3k\u00e9nt\u00a0<strong>kiz\u00e1r\u00f3lag<\/strong> a h\u0151m\u00e9rs\u00e9klet-kontroll\u00e1lt (passz\u00edv h\u0171t\u00e9ses) sz\u00e1ll\u00edt\u00e1s el\u00e9rhet\u0151 \u2013 \u00edgy garant\u00e1lhat\u00f3 a term\u00e9k megfelel\u0151 min\u0151s\u00e9ge.<\/p>\n<p>Tov\u00e1bbi inform\u00e1ci\u00f3 a <a href=\"https:\/\/vsl3.eu\/hu\/szallitasi-informacio\/\">sz\u00e1ll\u00edt\u00e1sr\u00f3l sz\u00f3l\u00f3 t\u00e1j\u00e9koztat\u00f3nkban<\/a>!<\/p>\n<h3>[1] Tudom\u00e1nyos H\u00e1tt\u00e9r<\/h3>\n<ul>\n<li class=\"whitespace-normal break-words\">Sood A, et al. The probiotic preparation, VSL#3 induces remission in patients with mild-to-moderately active ulcerative colitis. Clin Gastroenterol Hepatol. 2009;7(11):1202-1209. <a href=\"https:\/\/pubmed.ncbi.nlm.nih.gov\/19631292\/\">https:\/\/pubmed.ncbi.nlm.nih.gov\/19631292\/<\/a><\/li>\n<li class=\"whitespace-normal break-words\">Tursi A, et al. Treatment of relapsing mild-to-moderate ulcerative colitis with the probiotic VSL#3 as adjunctive to a standard pharmaceutical treatment: a double-blind, randomized, placebo-controlled study. Am J Gastroenterol. 2010;105(10):2218-2227. <a href=\"https:\/\/pubmed.ncbi.nlm.nih.gov\/20517305\/\">https:\/\/pubmed.ncbi.nlm.nih.gov\/20517305\/<\/a><\/li>\n<li class=\"whitespace-normal break-words\">Miele E, et al. Effect of a probiotic preparation (VSL#3) on induction and maintenance of remission in children with ulcerative colitis. Am J Gastroenterol. 2009;104(2):437-443. <a href=\"https:\/\/pubmed.ncbi.nlm.nih.gov\/19174792\/\">https:\/\/pubmed.ncbi.nlm.nih.gov\/19174792\/<\/a><\/li>\n<li class=\"whitespace-normal break-words\">Gionchetti P, et al. Prophylaxis of pouchitis onset with probiotic therapy: a double-blind, placebo-controlled trial. Gastroenterology. 2003;124(5):1202-1209. <a href=\"https:\/\/pubmed.ncbi.nlm.nih.gov\/12730861\/\">https:\/\/pubmed.ncbi.nlm.nih.gov\/12730861\/<\/a><\/li>\n<li class=\"whitespace-normal break-words\">Kim HJ, et al. A randomized controlled trial of a probiotic combination VSL# 3 and placebo in irritable bowel syndrome with bloating. Neurogastroenterol Motil. 2005;17(5):687-696. <a href=\"https:\/\/pubmed.ncbi.nlm.nih.gov\/16185307\/\">https:\/\/pubmed.ncbi.nlm.nih.gov\/16185307\/<\/a><\/li>\n<li class=\"whitespace-normal break-words\">Guandalini S, et al. VSL#3 improves symptoms in children with irritable bowel syndrome: a multicenter, randomized, placebo-controlled, double-blind, crossover study. J Pediatr Gastroenterol Nutr. 2010;51(1):24-30. <a href=\"https:\/\/pubmed.ncbi.nlm.nih.gov\/20453678\/\">https:\/\/pubmed.ncbi.nlm.nih.gov\/20453678\/<\/a><\/li>\n<li class=\"whitespace-normal break-words\">Brigidi P, et al. Effects of probiotic administration upon the composition and enzymatic activity of human fecal microbiota in patients with irritable bowel syndrome or functional diarrhea. Res Microbiol. 2001;152(8):735-741. <a href=\"https:\/\/pubmed.ncbi.nlm.nih.gov\/11686387\/\">https:\/\/pubmed.ncbi.nlm.nih.gov\/11686387\/<\/a><\/li>\n<li class=\"whitespace-normal break-words\">Pronio A, et al. Probiotic administration in patients with ileal pouch-anal anastomosis for ulcerative colitis is associated with expansion of mucosal regulatory cells. Inflamm Bowel Dis. 2008;14(5):662-668. <a href=\"https:\/\/pubmed.ncbi.nlm.nih.gov\/18240282\/\">https:\/\/pubmed.ncbi.nlm.nih.gov\/18240282\/<\/a><\/li>\n<\/ul>\n","protected":false},"excerpt":{"rendered":"<p><strong>Magas koncentr\u00e1ci\u00f3j\u00fa \u00e9l\u0151fl\u00f3r\u00e1t tartalmaz\u00f3 \u00e9trend-kieg\u00e9sz\u00edt\u0151 az eg\u00e9szs\u00e9ges b\u00e9lfl\u00f3r\u00e1\u00e9rt<\/strong><\/p>\n<p>A VSL#3\u00ae egy rendk\u00edv\u00fcl magas koncentr\u00e1ci\u00f3j\u00fa \u00e9l\u0151fl\u00f3r\u00e1t tartalmaz\u00f3 \u00e9trend-kieg\u00e9sz\u00edt\u0151, amely <strong>450 milli\u00e1rd \u00e9l\u0151 bakt\u00e9riumot<\/strong> tartalmaz tasakonk\u00e9nt, 8 gondosan v\u00e1logatott bakt\u00e9rium t\u00f6rzsb\u0151l. Sz\u00e1mos klinikai vizsg\u00e1lat igazolja hat\u00e9konys\u00e1g\u00e1t az em\u00e9szt\u0151rendszer eg\u00e9szs\u00e9g\u00e9nek t\u00e1mogat\u00e1s\u00e1ban<sup>1<\/sup>.<\/p>\n<p>Az \u00e9l\u0151fl\u00f3r\u00e1t tartalmaz\u00f3 k\u00e9sz\u00edtm\u00e9nyek k\u00fcl\u00f6n\u00f6sen hasznosak lehetnek, ha:<\/p>\n<ul>\n<li>Az irrit\u00e1bilis b\u00e9l szindr\u00f3ma (IBS) t\u00fcneteinek di\u00e9t\u00e1s kezel\u00e9s\u00e9t keresed<\/li>\n<li>A gyullad\u00e1sos b\u00e9lbetegs\u00e9gek (IBD) di\u00e9t\u00e1s kezel\u00e9s\u00e9t t\u00e1mogatn\u00e1d<\/li>\n<li>Em\u00e9szt\u0151rendszeri m\u0171t\u00e9t ut\u00e1n a b\u00e9lfl\u00f3ra helyre\u00e1ll\u00edt\u00e1sa a c\u00e9lod<\/li>\n<li>Antibiotikum-k\u00fara ut\u00e1n szeretn\u00e9d helyre\u00e1ll\u00edtani b\u00e9lfl\u00f3r\u00e1dat<\/li>\n<li>A b\u00e9lrendszer m\u0171k\u00f6d\u00e9s\u00e9vel \u00f6sszef\u00fcgg\u0151 kellemetlens\u00e9geket tapasztalsz: hasmen\u00e9s, sz\u00e9kreked\u00e9s, puffad\u00e1s, \u00e9s hasonl\u00f3 probl\u00e9m\u00e1k<\/li>\n<li>T\u00e1mogatni szeretn\u00e9d az em\u00e9szt\u0151rendszered eg\u00e9szs\u00e9g\u00e9t<\/li>\n<li>\u00c1ltal\u00e1nos j\u00f3ll\u00e9ted \u00e9s immunrendszered t\u00e1mogat\u00e1s\u00e1ra t\u00f6rekszel<\/li>\n<\/ul>\n<p><strong>Orvos-tesztel\u0151nk v\u00e9lem\u00e9nye:<\/strong><\/p>\n<p><em>&#8222;A VSL#3 probiotikum j\u00f3t\u00e9kony hat\u00e1s\u00e1t \u00edrt\u00e1k le az em\u00e9szt\u0151rendszeri betegs\u00e9gek mellett az elh\u00edz\u00e1s \u00e9s cukorbetegs\u00e9g, allergi\u00e1s betegs\u00e9gek, idegrendszeri k\u00f3rk\u00e9pek, \u00e9relmeszesed\u00e9s, csontbetegs\u00e9gek \u00e9s reprodukt\u00edv szervek elt\u00e9r\u00e9seiben is.&#8221;<\/em><\/p>\n<p><strong>Kaphat\u00f3 kiszerel\u00e9sek:<\/strong><\/p>\n<table>\n<tbody>\n<tr>\n<td><span style=\"font-weight: 400;\">Egy doboz<\/span><\/td>\n<td><span style=\"font-weight: 400;\">10 tasak<\/span><\/td>\n<\/tr>\n<tr>\n<td><span style=\"font-weight: 400;\">Duo Pack<\/span><\/td>\n<td><span style=\"font-weight: 400;\">20 tasak<\/span><\/td>\n<\/tr>\n<tr>\n<td><span style=\"font-weight: 400;\">Trio Pack<\/span><\/td>\n<td><span style=\"font-weight: 400;\">30 tasak<\/span><\/td>\n<\/tr>\n<\/tbody>\n<\/table>\n<p><span style=\"font-weight: 400;\"><strong>Aj\u00e1nlott adagol\u00e1s:<\/strong><br \/>\nNapi 1-2 tasak. A megfelel\u0151 hat\u00e1s \u00e9rdek\u00e9ben a k\u00fara <span style=\"text-decoration: underline;\">legal\u00e1bb 3 h\u00f3napig<\/span> javasolt.<\/span><\/p>\n<p><img decoding=\"async\" class=\"wp-image-5283 size-full alignnone\" src=\"https:\/\/vsl3.eu\/hu\/wp-content\/uploads\/sites\/2\/2023\/03\/mindenmentes.png\" alt=\"\" width=\"400\" srcset=\"https:\/\/vsl3.eu\/hu\/wp-content\/uploads\/sites\/2\/2023\/03\/mindenmentes.png 764w, https:\/\/vsl3.eu\/hu\/wp-content\/uploads\/sites\/2\/2023\/03\/mindenmentes-300x98.png 300w, https:\/\/vsl3.eu\/hu\/wp-content\/uploads\/sites\/2\/2023\/03\/mindenmentes-500x164.png 500w, https:\/\/vsl3.eu\/hu\/wp-content\/uploads\/sites\/2\/2023\/03\/mindenmentes-600x196.png 600w\" sizes=\"(max-width: 764px) 100vw, 764px\" \/><\/p>\n<p><a href=\"https:\/\/www.diamondlily.hu\/\" target=\"_blank\" rel=\"noopener\"><img decoding=\"async\" class=\"alignnone wp-image-5285 size-full\" src=\"https:\/\/vsl3.eu\/hu\/wp-content\/uploads\/sites\/2\/2023\/03\/diamondlily-kedvenc.png\" alt=\"\" width=\"300\" srcset=\"https:\/\/vsl3.eu\/hu\/wp-content\/uploads\/sites\/2\/2023\/03\/diamondlily-kedvenc.png 580w, https:\/\/vsl3.eu\/hu\/wp-content\/uploads\/sites\/2\/2023\/03\/diamondlily-kedvenc-300x110.png 300w, https:\/\/vsl3.eu\/hu\/wp-content\/uploads\/sites\/2\/2023\/03\/diamondlily-kedvenc-500x183.png 500w\" sizes=\"(max-width: 580px) 100vw, 580px\" \/><\/a><\/p>\n<h3>V\u00e1s\u00e1rl\u00e1s<\/h3>\n","protected":false},"featured_media":2219,"comment_status":"open","ping_status":"closed","template":"","meta":{"_acf_changed":false},"product_brand":[],"product_cat":[65],"product_tag":[66],"class_list":{"0":"post-2391","1":"product","2":"type-product","3":"status-publish","4":"has-post-thumbnail","6":"product_cat-etrend-kiegeszito","7":"product_tag-premium-shipping","9":"first","10":"instock","11":"taxable","12":"shipping-taxable","13":"purchasable","14":"product-type-variable","15":"has-default-attributes"},"acf":[],"_links":{"self":[{"href":"https:\/\/vsl3.eu\/hu\/wp-json\/wp\/v2\/product\/2391","targetHints":{"allow":["GET"]}}],"collection":[{"href":"https:\/\/vsl3.eu\/hu\/wp-json\/wp\/v2\/product"}],"about":[{"href":"https:\/\/vsl3.eu\/hu\/wp-json\/wp\/v2\/types\/product"}],"replies":[{"embeddable":true,"href":"https:\/\/vsl3.eu\/hu\/wp-json\/wp\/v2\/comments?post=2391"}],"wp:featuredmedia":[{"embeddable":true,"href":"https:\/\/vsl3.eu\/hu\/wp-json\/wp\/v2\/media\/2219"}],"wp:attachment":[{"href":"https:\/\/vsl3.eu\/hu\/wp-json\/wp\/v2\/media?parent=2391"}],"wp:term":[{"taxonomy":"product_brand","embeddable":true,"href":"https:\/\/vsl3.eu\/hu\/wp-json\/wp\/v2\/product_brand?post=2391"},{"taxonomy":"product_cat","embeddable":true,"href":"https:\/\/vsl3.eu\/hu\/wp-json\/wp\/v2\/product_cat?post=2391"},{"taxonomy":"product_tag","embeddable":true,"href":"https:\/\/vsl3.eu\/hu\/wp-json\/wp\/v2\/product_tag?post=2391"}],"curies":[{"name":"wp","href":"https:\/\/api.w.org\/{rel}","templated":true}]}}