{"id":4133,"date":"2023-09-05T22:17:53","date_gmt":"2023-09-05T20:17:53","guid":{"rendered":"https:\/\/vsl3.eu\/hu\/?page_id=4133"},"modified":"2026-03-28T21:40:22","modified_gmt":"2026-03-28T20:40:22","slug":"szallitasi-informacio","status":"publish","type":"page","link":"https:\/\/vsl3.eu\/hu\/szallitasi-informacio\/","title":{"rendered":"Sz\u00e1ll\u00edt\u00e1si inform\u00e1ci\u00f3"},"content":{"rendered":"\n<h2 class=\"wp-block-heading\">Milyen sz\u00e1ll\u00edt\u00e1si m\u00f3dok v\u00e1laszthat\u00f3k a VSL3.eu webshopban?<\/h2>\n\n\n\n<p>A<strong>&nbsp;<\/strong>VSL#3<sup>\u00ae<\/sup>&nbsp;\u00e9l\u0151 bakt\u00e9riumokat tartalmaz, ez\u00e9rt gondosan odafigyel\u00fcnk arra, hogy a term\u00e9k a h\u00e1zhozsz\u00e1ll\u00edt\u00e1s alatt semmik\u00e9pp ne vesz\u00edtsen a min\u0151s\u00e9g\u00e9b\u0151l.<\/p>\n\n\n\n<p>Ezt&nbsp;<strong>meleg id\u0151ben kiz\u00e1r\u00f3lag a passz\u00edv H\u0170T\u00c9SES sz\u00e1ll\u00edt\u00e1s<\/strong>&nbsp;teszi lehet\u0151v\u00e9, azonban megfelel\u0151 id\u0151j\u00e1r\u00e1si viszonyok (t\u00f6bbnyire t\u00e9len \u00e9s az \u00e1tmeneti \u00e9vszakokban) eset\u00e9n&nbsp;<strong>ideiglenesen, NORM\u00c1L sz\u00e1ll\u00edt\u00e1ssal&nbsp;<\/strong>is garant\u00e1lni tudjuk, hogy a term\u00e9k 48 \u00f3r\u00e1n bel\u00fcl kisz\u00e1ll\u00edt\u00e1sra ker\u00fclhessen, \u00e9s k\u00f6zben t\u00f6k\u00e9letesen meg\u0151rizze a min\u0151s\u00e9g\u00e9t.<\/p>\n\n\n\n<h2 class=\"wp-block-heading\">Mit \u00e9rdemes m\u00e9g tudnom a passz\u00edv h\u0171t\u00e9ses sz\u00e1ll\u00edt\u00e1sr\u00f3l?<\/h2>\n\n\n\n<p>A VSL#3<sup>\u00ae<\/sup>\u00a0k\u00e9sz\u00edtm\u00e9nyeket passz\u00edv h\u0171t\u00e9ses sz\u00e1ll\u00edt\u00e1s eset\u00e9n a GLS fut\u00e1rszolg\u00e1lat\u00a0<strong>h\u0171t\u0151g\u00e9llel ell\u00e1tott, izotermikus kartondobozban<\/strong>\u00a0k\u00e9zbes\u00edti.<\/p>\n\n\n\n<p>A ny\u00e1ri, melegebb id\u0151szakokban sz\u00e1ll\u00edt\u00e1si opci\u00f3k\u00e9nt <strong>kiz\u00e1r\u00f3lag<\/strong> a h\u0151m\u00e9rs\u00e9klet-kontroll\u00e1lt (passz\u00edv h\u0171t\u00e9ses) sz\u00e1ll\u00edt\u00e1s el\u00e9rhet\u0151 &#8211; \u00edgy garant\u00e1lhat\u00f3 a term\u00e9k megfelel\u0151 min\u0151s\u00e9ge. A k\u00f6r\u00fclm\u00e9nyekre val\u00f3 tekintettel a csomagokat h\u00e9tf\u0151t\u0151l szerd\u00e1ig dolgozzuk fel, teh\u00e1t <strong>cs\u00fct\u00f6rt\u00f6k reggel k\u00fcldj\u00fck ki az utols\u00f3 csomagokat<\/strong>, az ezt k\u00f6vet\u0151en be\u00e9rkez\u0151 megrendel\u00e9seket csak ism\u00e9telten h\u00e9tf\u0151t\u0151l kezdj\u00fck feldolgozni.<\/p>\n\n\n\n<h2 class=\"wp-block-heading\">Mikor sz\u00e1ll\u00edtja ki r\u00e9szemre a fut\u00e1rszolg\u00e1lat a term\u00e9keket?<\/h2>\n\n\n\n<p>A szerd\u00e1n <strong>13 \u00f3ra ut\u00e1n<\/strong> leadott rendel\u00e9sek kik\u00fcld\u00e9se csak a <strong>k\u00f6vetkez\u0151 h\u00e9t keddi napj\u00e1n<\/strong> t\u00f6rt\u00e9nik!<\/p>\n","protected":false},"excerpt":{"rendered":"<p>Milyen sz\u00e1ll\u00edt\u00e1si m\u00f3dok v\u00e1laszthat\u00f3k a VSL3.eu webshopban? A&nbsp;VSL#3\u00ae&nbsp;\u00e9l\u0151 bakt\u00e9riumokat tartalmaz, ez\u00e9rt gondosan odafigyel\u00fcnk arra, hogy a term\u00e9k a h\u00e1zhozsz\u00e1ll\u00edt\u00e1s alatt semmik\u00e9pp ne vesz\u00edtsen a min\u0151s\u00e9g\u00e9b\u0151l. Ezt&nbsp;meleg id\u0151ben kiz\u00e1r\u00f3lag a passz\u00edv H\u0170T\u00c9SES sz\u00e1ll\u00edt\u00e1s&nbsp;teszi lehet\u0151v\u00e9, azonban megfelel\u0151 id\u0151j\u00e1r\u00e1si viszonyok (t\u00f6bbnyire t\u00e9len \u00e9s az \u00e1tmeneti \u00e9vszakokban) eset\u00e9n&nbsp;ideiglenesen, NORM\u00c1L sz\u00e1ll\u00edt\u00e1ssal&nbsp;is garant\u00e1lni tudjuk, hogy a term\u00e9k 48 \u00f3r\u00e1n bel\u00fcl kisz\u00e1ll\u00edt\u00e1sra [&hellip;]<\/p>\n","protected":false},"author":1,"featured_media":0,"parent":0,"menu_order":0,"comment_status":"closed","ping_status":"closed","template":"","meta":{"_acf_changed":false,"footnotes":""},"class_list":["post-4133","page","type-page","status-publish","hentry"],"acf":[],"_links":{"self":[{"href":"https:\/\/vsl3.eu\/hu\/wp-json\/wp\/v2\/pages\/4133","targetHints":{"allow":["GET"]}}],"collection":[{"href":"https:\/\/vsl3.eu\/hu\/wp-json\/wp\/v2\/pages"}],"about":[{"href":"https:\/\/vsl3.eu\/hu\/wp-json\/wp\/v2\/types\/page"}],"author":[{"embeddable":true,"href":"https:\/\/vsl3.eu\/hu\/wp-json\/wp\/v2\/users\/1"}],"replies":[{"embeddable":true,"href":"https:\/\/vsl3.eu\/hu\/wp-json\/wp\/v2\/comments?post=4133"}],"version-history":[{"count":5,"href":"https:\/\/vsl3.eu\/hu\/wp-json\/wp\/v2\/pages\/4133\/revisions"}],"predecessor-version":[{"id":7594,"href":"https:\/\/vsl3.eu\/hu\/wp-json\/wp\/v2\/pages\/4133\/revisions\/7594"}],"wp:attachment":[{"href":"https:\/\/vsl3.eu\/hu\/wp-json\/wp\/v2\/media?parent=4133"}],"curies":[{"name":"wp","href":"https:\/\/api.w.org\/{rel}","templated":true}]}}