{"id":2530,"date":"2022-03-27T20:22:38","date_gmt":"2022-03-27T18:22:38","guid":{"rendered":"https:\/\/vsl3.eu\/hu\/?page_id=2530"},"modified":"2026-03-19T17:00:43","modified_gmt":"2026-03-19T16:00:43","slug":"bankkartyas-fizetes-tajekoztato","status":"publish","type":"page","link":"https:\/\/vsl3.eu\/hu\/bankkartyas-fizetes-tajekoztato\/","title":{"rendered":"Bankk\u00e1rty\u00e1s fizet\u00e9si t\u00e1j\u00e9koztat\u00f3"},"content":{"rendered":"\n<h2 class=\"wp-block-heading\">Bankk\u00e1rty\u00e1s fizet\u00e9s<\/h2>\n\n\n\n<p>A bankk\u00e1rty\u00e1s fizet\u00e9s r\u00e9v\u00e9n \u00d6n k\u00e9nyelmesen \u00e9s biztons\u00e1gosan v\u00e1s\u00e1rolhat \u00e1ruh\u00e1zunkban. A kiv\u00e1lasztott \u00e1ruk megrendel\u00e9se ut\u00e1n \u00d6nt az <strong>Unicredit Bank<\/strong> fizet\u0151oldal\u00e1ra ir\u00e1ny\u00edtjuk, ahol a jelenleg el\u00e9rhet\u0151 legbiztons\u00e1gosabb, titkos\u00edt\u00e1ssal lebonyol\u00edtott tranzakci\u00f3n kereszt\u00fcl fizethet bankk\u00e1rty\u00e1j\u00e1val. V\u00e1s\u00e1rl\u00f3inknak csak annyi a dolga, hogy a fizet\u00e9si m\u00f3d kiv\u00e1laszt\u00e1s\u00e1n\u00e1l &#8222;<em><strong>Fizet\u00e9s bankk\u00e1rty\u00e1val<\/strong><\/em>&#8221; feliratra kattintsanak, majd a Bank fizet\u00e9si szerver\u00e9n a k\u00e1rtya sz\u00e1m\u00e1t, lej\u00e1rati d\u00e1tum\u00e1t, valamint a h\u00e1toldal\u00e1n tal\u00e1lhat\u00f3 ellen\u0151rz\u0151k\u00f3dot (CVC\/CVV) megadj\u00e1k. A Bank a <strong>dombornyomott VISA \u00e9s Mastercard, Visa Electron<\/strong> (a k\u00e1rty\u00e1t kibocs\u00e1t\u00f3 bank d\u00f6nt\u00e9s\u00e9t\u0151l f\u00fcgg\u0151en), valamint azon <strong>Maestro<\/strong> k\u00e1rty\u00e1kat fogadja el, melyekhez ellen\u0151rz\u0151k\u00f3d (CVC) ker\u00fclt kibocs\u00e1t\u00e1sra.<\/p>\n\n\n\n<p>Amennyiben az \u00d6n Maestro bankk\u00e1rty\u00e1j\u00e1n ilyen nem tal\u00e1lhat\u00f3, \u00e9rdekl\u0151dj\u00f6n Bankj\u00e1n\u00e1l! A kiz\u00e1r\u00f3lag elektronikus haszn\u00e1latra kibocs\u00e1tott bankk\u00e1rty\u00e1kat csak abban az esetben fogadhatjuk el, amennyiben annak haszn\u00e1lat\u00e1t a k\u00e1rty\u00e1t kibocs\u00e1t\u00f3 bank enged\u00e9lyezi! K\u00e9rj\u00fck, \u00e9rdekl\u0151dj\u00f6n bankj\u00e1n\u00e1l, hogy az \u00d6n k\u00e1rty\u00e1ja felhaszn\u00e1lhat\u00f3-e interneten kereszt\u00fcl lebonyol\u00edtand\u00f3 v\u00e1s\u00e1rl\u00e1shoz!<\/p>\n\n\n\n<p>Az UniCredit Bank Hungary Zrt. partnerei sz\u00e9les k\u00f6rben elterjedt \u00e9s elfogadott, minden elem\u00e9ben biztons\u00e1gos virtu\u00e1lis k\u00e1rtyaelfogad\u00e1si rendszert alkalmaznak. A tranzakci\u00f3 valamennyi r\u00e9sztvev\u0151je csak a sz\u00e1m\u00e1ra relev\u00e1ns inform\u00e1ci\u00f3khoz jut.<\/p>\n\n\n\n<h2 class=\"wp-block-heading\">Az online v\u00e1s\u00e1rl\u00e1s tov\u00e1bbi el\u0151nyei:<\/h2>\n\n\n\n<ul class=\"wp-block-list\">\n<li>A v\u00e1s\u00e1rl\u00f3k sz\u00e1m\u00e1ra a k\u00e1rty\u00e1s fizet\u00e9s egyszer\u0171 \u00e9s k\u00e9nyelmes.<\/li>\n\n\n\n<li>Az online tranzakci\u00f3k folyamatosan nyomon k\u00f6vethet\u0151ek.<\/li>\n\n\n\n<li>A keresked\u0151 birtok\u00e1ba kiz\u00e1r\u00f3lag a v\u00e1s\u00e1rl\u00f3val, v\u00e1s\u00e1rl\u00e1ssal, term\u00e9kkel, szolg\u00e1ltat\u00e1ssal kapcsolatos adatok jutnak, m\u00edg a bankk\u00e1rtya adatokat csak az UniCredit Bank Hungary Zrt. kapja meg \u2013 mindez maxim\u00e1lis biztons\u00e1got ny\u00fajt a v\u00e1s\u00e1rl\u00f3nak.<\/li>\n<\/ul>\n\n\n\n<p>A v\u00e1s\u00e1rolt \u00e1ru\/szolg\u00e1ltat\u00e1s ellen\u00e9rt\u00e9ke &#8211; a kifizetett \u00f6sszeg &#8211; azonnal z\u00e1rol\u00e1sra ker\u00fcl k\u00e1rtyasz\u00e1ml\u00e1j\u00e1n.<\/p>\n\n\n\n<p>A banki fizet\u0151oldal a k\u00f6telez\u0151 biztons\u00e1gi elemek mellett alkalmazza az \u00fagynevezett 3D Secure biztons\u00e1gi megold\u00e1st, amelyet a MasterCard \u00e9s a Visa nemzetk\u00f6zi k\u00e1rtyat\u00e1rsas\u00e1gok dolgoztak ki. A 3D Secure, amely a tranzakci\u00f3t kezdem\u00e9nyez\u0151 v\u00e1s\u00e1rl\u00f3nak a Verified by Visa \u00e9s a MasterCard SecureCode embl\u00e9m\u00e1kr\u00f3l azonos\u00edthat\u00f3, a jelenleg el\u00e9rhet\u0151 legnagyobb biztons\u00e1got biztos\u00edtja. A v\u00e1s\u00e1rl\u00f3 ugyanis 3D Secure tranzakci\u00f3 eset\u00e9n &#8211; amennyiben a bankk\u00e1rty\u00e1ja is 3D Secure k\u00e9pes \u2013 megadja az internetes v\u00e1s\u00e1rl\u00e1sokhoz haszn\u00e1land\u00f3 egyedi azonos\u00edt\u00f3 k\u00f3dj\u00e1t. \u00cdgy ezen tranzakci\u00f3k eset\u00e9n a fizet\u00e9si folyamat el\u0151tt a kibocs\u00e1t\u00f3 bank hiteles\u00edt\u00e9se biztos\u00edtja az egy\u00e9rtelm\u0171 azonos\u00edt\u00e1st.<\/p>\n\n\n\n<h2 class=\"wp-block-heading\">Mire \u00e9rdemes odafigyelni v\u00e1s\u00e1rl\u00e1skor?<\/h2>\n\n\n\n<ul class=\"wp-block-list\">\n<li>K\u00e9rj\u00fck, tanulm\u00e1nyozza \u00e1t az Elfogad\u00f3hely internetes v\u00e1s\u00e1rl\u00e1ssal kapcsolatos ismertet\u0151j\u00e9t, a v\u00e1s\u00e1rl\u00e1s kond\u00edci\u00f3it, a fizet\u00e9si, illetve sz\u00e1ll\u00edt\u00e1si felt\u00e9teleket.<\/li>\n\n\n\n<li>Tekintse \u00e1t az Elfogad\u00f3hely biztons\u00e1gi felt\u00e9teleit.<\/li>\n\n\n\n<li>Tartsa nyilv\u00e1n a v\u00e1s\u00e1rl\u00e1s\u00e1val kapcsolatosan az Elfogad\u00f3helyt\u0151l kapott inform\u00e1ci\u00f3kat!<\/li>\n\n\n\n<li>Gondoskodjon r\u00f3la, hogy titkos k\u00e1rtyaadataihoz illet\u00e9ktelen szem\u00e9ly soha ne f\u00e9rhessen hozz\u00e1!<\/li>\n\n\n\n<li>\u00c9rdemes saj\u00e1t b\u00f6ng\u00e9sz\u0151j\u00e9t folyamatosan friss\u00edteni, naprak\u00e9szen tartani.<\/li>\n<\/ul>\n\n\n\n<h2 class=\"wp-block-heading\">Elfogadott k\u00e1rty\u00e1k<\/h2>\n\n\n\n<ul class=\"wp-block-list\">\n<li>VISA dombornyomott k\u00e1rty\u00e1k<\/li>\n\n\n\n<li>VISA Electron k\u00e1rty\u00e1k, (a k\u00e1rty\u00e1t kibocs\u00e1t\u00f3 bank d\u00f6nt\u00e9s\u00e9t\u0151l f\u00fcgg\u0151en)<\/li>\n\n\n\n<li>V PAY k\u00e1rty\u00e1k, (a k\u00e1rty\u00e1t kibocs\u00e1t\u00f3 bank d\u00f6nt\u00e9s\u00e9t\u0151l f\u00fcgg\u0151en)<\/li>\n\n\n\n<li>MasterCard dombornyomott k\u00e1rty\u00e1k<\/li>\n\n\n\n<li>MasterCard Electronic k\u00e1rty\u00e1k, (a k\u00e1rty\u00e1t kibocs\u00e1t\u00f3 bank d\u00f6nt\u00e9s\u00e9t\u0151l f\u00fcgg\u0151en)<\/li>\n\n\n\n<li>Maestro k\u00e1rty\u00e1k (a k\u00e1rty\u00e1t kibocs\u00e1t\u00f3 bank d\u00f6nt\u00e9s\u00e9t\u0151l f\u00fcgg\u0151en)<\/li>\n\n\n\n<li>Kiz\u00e1r\u00f3lag internetes fizet\u00e9sre kibocs\u00e1tott k\u00e1rty\u00e1k<\/li>\n<\/ul>\n\n\n\n<h2 class=\"wp-block-heading\">A biztons\u00e1gr\u00f3l<\/h2>\n\n\n\n<p>A virtu\u00e1lis POS titkos\u00edtott (https:\/\/) csatorn\u00e1n kereszt\u00fcl k\u00e9pes \u00f6sszekapcsolni az Elfogad\u00f3helyet a v\u00e1s\u00e1rl\u00f3kkal, valamint szint\u00e9n biztons\u00e1gos csatorn\u00e1n l\u00e9tes\u00edt kapcsolatot az UniCredit Bank Hungary Zrt. \u00e9s az Elfogad\u00f3hely.<\/p>\n\n\n\n<p>Az internetes k\u00e1rty\u00e1s fizet\u00e9s technikai lebonyol\u00edt\u00e1s\u00e1t az UniCredit Bank Hungary Zrt. megb\u00edzott partnere a SIA Central Europe a.s. hajtja v\u00e9gre, aki a saj\u00e1t platformj\u00e1val \u00e1ll \u00fcgyfeleink rendelkez\u00e9s\u00e9re. A banki fizet\u0151oldal az al\u00e1bbi URL-eket haszn\u00e1lja:<\/p>\n\n\n\n<ul class=\"wp-block-list\">\n<li><a href=\"https:\/\/vpos.sia.eu\/\">https:\/\/vpos.sia.eu<\/a><\/li>\n\n\n\n<li><a href=\"https:\/\/vpos.te.sia.eu\/\">https:\/\/vpos.te.sia.eu<\/a><\/li>\n<\/ul>\n\n\n\n<p>A banki fizet\u0151oldal RSA 2048 bites titkos\u00edt\u00e1ssal ell\u00e1tott tan\u00fas\u00edtv\u00e1nyt (CA) haszn\u00e1l, ami TLS 1.0 csatorn\u00e1n kereszt\u00fcl biztos\u00edtja az ott megad\u00e1sra ker\u00fcl\u0151 adatok teljes k\u00f6r\u0171 biztons\u00e1g\u00e1t.<\/p>\n\n\n\n<h2 class=\"wp-block-heading\">A fizet\u00e9s folyamata<\/h2>\n\n\n\n<ol class=\"wp-block-list\">\n<li>A v\u00e1s\u00e1rl\u00f3 \u00f6ssze\u00e1ll\u00edtja az ig\u00e9ny\u00e9nek megfelel\u0151 term\u00e9kekb\u0151l \u00e1ll\u00f3 kosarat az internet \u00e1ruh\u00e1zban, megadja a sz\u00e1ll\u00edt\u00e1shoz sz\u00fcks\u00e9ges inform\u00e1ci\u00f3kat, majd a fizet\u00e9si m\u00f3dn\u00e1l kiv\u00e1lasztja a bankk\u00e1rty\u00e1s fizet\u00e9st.<\/li>\n\n\n\n<li>A v\u00e1s\u00e1rl\u00f3 ezut\u00e1n \u00e1tir\u00e1ny\u00edt\u00e1sra ker\u00fcl a bank fizet\u00e9si oldal\u00e1ra. Az ekkor megjelen\u0151, az UniCredit Bank embl\u00e9m\u00e1j\u00e1t tartalmaz\u00f3 fizet\u0151i oldalon kell megadni a k\u00e1rtyaadatokat (n\u00e9v, k\u00e1rtyasz\u00e1m, lej\u00e1rat, 3 jegy\u0171 CVC vagy CVV \u00e9rv\u00e9nyes\u00edt\u00e9si k\u00f3d).\n<ol class=\"wp-block-list\">\n<li>Amennyiben a fizet\u00e9sre haszn\u00e1lt k\u00e1rtya 3D Secure k\u00e9pes, meg kell adni a hiteles\u00edt\u00e9shez a kibocs\u00e1t\u00f3 int\u00e9zett\u0151l kapott azonos\u00edt\u00f3t is.<\/li>\n\n\n\n<li>Ezt k\u00f6vet\u0151en megt\u00f6rt\u00e9nik az online enged\u00e9lyk\u00e9r\u00e9s a k\u00e1rtya elfogad\u00e1s\u00e1ra. Ha ez sikeres volt, megt\u00f6rt\u00e9nik a tranzakci\u00f3.<\/li>\n\n\n\n<li>V\u00e9g\u00fcl a rendszer visszair\u00e1ny\u00edtja a v\u00e1s\u00e1rl\u00f3t az internet \u00e1ruh\u00e1zba, ahol a tranzakci\u00f3 eredm\u00e9nyess\u00e9g\u00e9r\u0151l \u00e9rtes\u00edt\u00e9st kap.<\/li>\n<\/ol>\n<\/li>\n<\/ol>\n\n\n\n<p>Amennyiben a v\u00e1s\u00e1rl\u00e1si tranzakci\u00f3 eredm\u00e9ny\u00e9r\u0151l r\u00e9szletesebben k\u00edv\u00e1n t\u00e1j\u00e9koz\u00f3dni, k\u00e9rj\u00fck, vegye fel a kapcsolatot sz\u00e1mlavezet\u0151 bankj\u00e1val.<\/p>\n","protected":false},"excerpt":{"rendered":"<p>Bankk\u00e1rty\u00e1s fizet\u00e9s A bankk\u00e1rty\u00e1s fizet\u00e9s r\u00e9v\u00e9n \u00d6n k\u00e9nyelmesen \u00e9s biztons\u00e1gosan v\u00e1s\u00e1rolhat \u00e1ruh\u00e1zunkban. A kiv\u00e1lasztott \u00e1ruk megrendel\u00e9se ut\u00e1n \u00d6nt az Unicredit Bank fizet\u0151oldal\u00e1ra ir\u00e1ny\u00edtjuk, ahol a jelenleg el\u00e9rhet\u0151 legbiztons\u00e1gosabb, titkos\u00edt\u00e1ssal lebonyol\u00edtott tranzakci\u00f3n kereszt\u00fcl fizethet bankk\u00e1rty\u00e1j\u00e1val. V\u00e1s\u00e1rl\u00f3inknak csak annyi a dolga, hogy a fizet\u00e9si m\u00f3d kiv\u00e1laszt\u00e1s\u00e1n\u00e1l &#8222;Fizet\u00e9s bankk\u00e1rty\u00e1val&#8221; feliratra kattintsanak, majd a Bank fizet\u00e9si szerver\u00e9n a k\u00e1rtya [&hellip;]<\/p>\n","protected":false},"author":1,"featured_media":0,"parent":0,"menu_order":0,"comment_status":"closed","ping_status":"closed","template":"","meta":{"_acf_changed":false,"footnotes":""},"class_list":["post-2530","page","type-page","status-publish","hentry"],"acf":[],"_links":{"self":[{"href":"https:\/\/vsl3.eu\/hu\/wp-json\/wp\/v2\/pages\/2530","targetHints":{"allow":["GET"]}}],"collection":[{"href":"https:\/\/vsl3.eu\/hu\/wp-json\/wp\/v2\/pages"}],"about":[{"href":"https:\/\/vsl3.eu\/hu\/wp-json\/wp\/v2\/types\/page"}],"author":[{"embeddable":true,"href":"https:\/\/vsl3.eu\/hu\/wp-json\/wp\/v2\/users\/1"}],"replies":[{"embeddable":true,"href":"https:\/\/vsl3.eu\/hu\/wp-json\/wp\/v2\/comments?post=2530"}],"version-history":[{"count":4,"href":"https:\/\/vsl3.eu\/hu\/wp-json\/wp\/v2\/pages\/2530\/revisions"}],"predecessor-version":[{"id":7575,"href":"https:\/\/vsl3.eu\/hu\/wp-json\/wp\/v2\/pages\/2530\/revisions\/7575"}],"wp:attachment":[{"href":"https:\/\/vsl3.eu\/hu\/wp-json\/wp\/v2\/media?parent=2530"}],"curies":[{"name":"wp","href":"https:\/\/api.w.org\/{rel}","templated":true}]}}