{"id":2340,"date":"2022-01-05T00:51:21","date_gmt":"2022-01-04T23:51:21","guid":{"rendered":"https:\/\/vsl3.eu\/hr\/?post_type=product&#038;p=2340"},"modified":"2026-04-20T05:56:14","modified_gmt":"2026-04-20T03:56:14","slug":"vsl3-vrecica-pakiranje","status":"publish","type":"product","link":"https:\/\/vsl3.eu\/hr\/shop\/vsl3-vrecica-pakiranje\/","title":{"rendered":"VSL#3 Dodatak prehrani"},"content":{"rendered":"<h3>Kako uzimati?<\/h3>\n<p>Otopite sadr\u017eaj vre\u0107ice u vodi, jogurtu, soku od jabuke ili nekom drugom hladnom, negaziranom napitku te popijte odmah nakon otapanja. VSL#3\u00ae vre\u0107ica jednostavna je za rukovanje i dovoljno je malena da je mo\u017eete ponijeti sa sobom, npr. u torbi ili nov\u010daniku. Vjerojatno \u0107e biti potrebno nekoliko dana ili tjedana kako bi se va\u0161a crijevna flora prilagodila; mogu\u0107e je da \u0107e trebati pro\u0107i i do mjesec dana kako bi se postigla optimalno stabilna kolonizacija bakterija u crijevima.<\/p>\n<p>Preporu\u010dena dnevna doza je 1-2 vre\u0107ice (4,4-8,8g). Nemojte uzimati vi\u0161e od preporu\u010dene dnevne doze.<\/p>\n<p>VSL#3\u00ae mo\u017eete koristiti do isteka roka valjanosti.<\/p>\n<p>\u010cuvajte izvan dosega djece. Ne smije se davati djeci mla\u0111oj od 3 godine.<\/p>\n<h3>Kako \u010duvati?<\/h3>\n<p>VSL#3\u00ae je najbolje dr\u017eati u hladnjaku. Izvan hladnjaka mo\u017ee ga se dr\u017eati do maksimalno 7 dana bez bojazni da \u0107e navedeno utjecati na kvalitetu samog proizvoda. Me\u0111utim, ne smije se dr\u017eati na temperaturi iznad 25 stupnjeva C.<\/p>\n<p>Dodatak prehrani nije zamjena za uravnote\u017eenu, raznoliku prehranu i zdrav na\u010din \u017eivota.<\/p>\n","protected":false},"excerpt":{"rendered":"<p>VSL#3\u00ae je visoko koncentrirani dodatak prehrani koji u svakoj vre\u0107ici sadr\u017ei\u00a0<strong>450 milijardi vrijednih bakterija iz 8 razli\u010ditih sojeva.<\/strong>\u00a0Svaki soj pa\u017eljivo je odabran i onda liofiliziran kako bi pre\u017eivio zahtjevne uvjete \u017eeluca. Zbog navedenog bakterije mogu sti\u0107i do crijeva i tamo se nastaniti te tako mogu pomo\u0107i postizanju i\/ili odr\u017eavanju dobrog stanja probavnog sustava.<\/p>\n<p><strong>VSL#3\u00ae sadr\u017ei liofilizirane \u017eive bakterije koje mogu pomo\u0107i odr\u017eavanju bakterijske ravnote\u017ee u crijevima.<\/strong>\u00a0Ljudski organizam u svom probavnom traktu sadr\u017ei milijarde razli\u010ditih bakterija, kako onih vrijednih tako i onih patogenih. Probava je zahtjevan proces kojim se ono \u0161to kao hranu unesemo u organizam pretvara u hranjive tvari koje se pak kroz krvotok prenose do svake stanice na\u0161eg organizma.<\/p>\n[pharmacylogoblock2]\n","protected":false},"featured_media":2289,"comment_status":"open","ping_status":"closed","template":"","meta":{"_acf_changed":false},"product_brand":[],"product_cat":[65],"product_tag":[],"class_list":{"0":"post-2340","1":"product","2":"type-product","3":"status-publish","4":"has-post-thumbnail","6":"product_cat-dodatak-prehrani","8":"first","9":"instock","10":"taxable","11":"shipping-taxable","12":"product-type-external"},"acf":[],"_links":{"self":[{"href":"https:\/\/vsl3.eu\/hr\/wp-json\/wp\/v2\/product\/2340","targetHints":{"allow":["GET"]}}],"collection":[{"href":"https:\/\/vsl3.eu\/hr\/wp-json\/wp\/v2\/product"}],"about":[{"href":"https:\/\/vsl3.eu\/hr\/wp-json\/wp\/v2\/types\/product"}],"replies":[{"embeddable":true,"href":"https:\/\/vsl3.eu\/hr\/wp-json\/wp\/v2\/comments?post=2340"}],"wp:featuredmedia":[{"embeddable":true,"href":"https:\/\/vsl3.eu\/hr\/wp-json\/wp\/v2\/media\/2289"}],"wp:attachment":[{"href":"https:\/\/vsl3.eu\/hr\/wp-json\/wp\/v2\/media?parent=2340"}],"wp:term":[{"taxonomy":"product_brand","embeddable":true,"href":"https:\/\/vsl3.eu\/hr\/wp-json\/wp\/v2\/product_brand?post=2340"},{"taxonomy":"product_cat","embeddable":true,"href":"https:\/\/vsl3.eu\/hr\/wp-json\/wp\/v2\/product_cat?post=2340"},{"taxonomy":"product_tag","embeddable":true,"href":"https:\/\/vsl3.eu\/hr\/wp-json\/wp\/v2\/product_tag?post=2340"}],"curies":[{"name":"wp","href":"https:\/\/api.w.org\/{rel}","templated":true}]}}