{"id":2391,"date":"2023-03-20T14:00:20","date_gmt":"2023-03-20T13:00:20","guid":{"rendered":"https:\/\/vsl3.eu\/es\/?post_type=product&#038;p=2391"},"modified":"2026-03-25T16:46:23","modified_gmt":"2026-03-25T15:46:23","slug":"vsl3-sobre","status":"publish","type":"product","link":"https:\/\/vsl3.eu\/es\/shop\/vsl3-sobre\/","title":{"rendered":"VSL#3 Suplemento diet\u00e9tico"},"content":{"rendered":"<p><em>VSL#3\u00ae es un complemento alimenticio que contiene flora viva. No sustituye una dieta variada ni un estilo de vida saludable. Los complementos alimenticios no son adecuados para curar, tratar o prevenir enfermedades o disfunciones del organismo. Su consumo no sustituye un diagn\u00f3stico m\u00e9dico adecuado ni el tratamiento farmacol\u00f3gico. Las afirmaciones descritas se toman de referencias bibliogr\u00e1ficas sobre los ingredientes y de estudios realizados con el producto. Las afirmaciones no se refieren al producto en s\u00ed, y su \u00fanico prop\u00f3sito es ofrecer informaci\u00f3n general sobre los ingredientes.<\/em><\/p>\n<p>VSL#3\u00ae es un suplemento diet\u00e9tico \u00fanico que contiene flora viva, incluyendo ocho diferentes cepas de bacterias en una concentraci\u00f3n extremadamente alta. Estas bacterias liofilizadas y beneficiosas tambi\u00e9n se encuentran naturalmente en la flora intestinal de una persona sana y son componentes fundamentales de la misma. El cuerpo humano alberga varios trillones de bacterias, algunas de las cuales se encuentran en el sistema digestivo. Las bacterias que viven all\u00ed contribuyen a la digesti\u00f3n de los alimentos, a la absorci\u00f3n de nutrientes, al funcionamiento del sistema inmunol\u00f3gico y al mantenimiento de la salud intestinal.<\/p>\n<p>La composici\u00f3n de VSL#3\u00ae se basa en investigaciones cient\u00edficas y est\u00e1 respaldada por ensayos cl\u00ednicos. En los \u00faltimos quince a\u00f1os, m\u00e1s de 40 publicaciones cient\u00edficas han tratado los efectos de VSL#3\u00ae.<\/p>\n<p>Las ventajas de VSL#3\u00ae:<\/p>\n<ul>\n<li>Concentraci\u00f3n extremadamente alta: 450 mil millones de unidades formadoras de colonias (UFC) por sobre<\/li>\n<li>8 cepas bacterianas complementarias de 3 g\u00e9neros diferentes<\/li>\n<li>Concentraci\u00f3n garantizada hasta la fecha de caducidad, si se almacena adecuadamente<\/li>\n<li>Transporte refrigerado para preservar la viabilidad de las bacterias<\/li>\n<li>Puede apoyar la formaci\u00f3n y el mantenimiento de una flora intestinal saludable<\/li>\n<li>Puede contribuir a una digesti\u00f3n \u00f3ptima<\/li>\n<li>Puede ayudar a fortalecer la funci\u00f3n defensiva del sistema intestinal<\/li>\n<\/ul>\n<h3>\u00bfPor qu\u00e9 es importante el n\u00famero elevado de unidades formadoras de colonias (UFC)?<\/h3>\n<p>Despu\u00e9s del consumo, las bacterias de la flora intestinal ingresan a nuestro sistema digestivo. Sin embargo, en \u00e9l diversos procesos trabajan para procesar los elementos ingeridos y convertirlos en nutrientes absorbibles. La multitud de bacterias no es una excepci\u00f3n a estos procesos, ya que est\u00e1n activamente expuestas a los procesos internos de digesti\u00f3n del cuerpo. Durante estos procesos, muchas bacterias mueren de la cantidad originalmente ingerida. Para que una cantidad adecuada de flora viva realmente llegue a nuestro intestino, el mejor m\u00e9todo es elegir un producto con un gran n\u00famero de unidades formadoras de colonias. De lo contrario, al llegar al tracto intestinal adecuado, no quedar\u00e1 suficiente UFC para que pueda comenzar el proceso de formaci\u00f3n de colonias.<\/p>\n<p>Los suplementos diet\u00e9ticos con flora viva disponibles en el mercado nacional contienen en promedio de 3 a 10 mil millones de bacterias por porci\u00f3n, mientras que en el caso de VSL#3 son 450 mil millones por sobre. La diferencia con estos productos es la concentraci\u00f3n casi 50 veces mayor por porci\u00f3n.<\/p>\n<h3>C\u00f3mo se debe tomar?<\/h3>\n<p>Consulta con tu m\u00e9dico antes de usar el producto, especialmente si est\u00e1s bajo alg\u00fan tratamiento m\u00e9dico o padeces una enfermedad cr\u00f3nica.<\/p>\n<p>Se puede administrar a ni\u00f1os menores de tres a\u00f1os bajo la supervisi\u00f3n de un pediatra.<\/p>\n<p><strong>Dosis recomendada:<\/strong><\/p>\n<p>1-2 sobres diarios (4,4-8,8 g), salvo que el m\u00e9dico tratante disponga lo contrario. Para un efecto \u00f3ptimo, se recomienda que el tratamiento dure al menos 3 meses. En caso de problemas cr\u00f3nicos, tambi\u00e9n es posible un uso a largo plazo.<\/p>\n<p>VSL#3 es seguro para el uso a largo plazo, y su ingesta continua puede durar hasta 1 a\u00f1o (despu\u00e9s de 1 a\u00f1o se recomienda un descanso de 1-2 meses). NO ES NECESARIO TOMARLO EN AYUNAS.<\/p>\n<p><strong>Uso:<\/strong><br \/>\nDisuelve el contenido del sobre en agua, yogur, zumo de manzana u otro l\u00edquido fr\u00edo sin gas, y b\u00e9belo inmediatamente.<\/p>\n<p>\u00bfC\u00f3mo se debe almacenar?<\/p>\n<p>El producto debe almacenarse a largo plazo en el refrigerador (2\u00b0C \u2013 8\u00b0C). La refrigeraci\u00f3n de los productos VSL#3\u00ae asegura que la mezcla de bacterias mantenga su calidad hasta la fecha de caducidad del producto (24 meses). El VSL#3\u00ae puede almacenarse a temperatura ambiente hasta 7 d\u00edas sin afectar su efectividad. Durante el almacenamiento, evite la luz solar directa y los extremos de temperatura.<\/p>\n<p>Mantener su calidad hasta la fecha indicada en la caja.<\/p>\n<p>Mant\u00e9ngase fuera del alcance de los ni\u00f1os.<\/p>\n<h3>Informaci\u00f3n de env\u00edo<\/h3>\n<p>VSL#3\u00ae contiene bacterias vivas, por lo que nos aseguramos cuidadosamente de que el producto no pierda calidad durante la entrega a domicilio. En clima c\u00e1lido, esto solo es posible mediante transporte PASIVO REFRIGERADO; sin embargo, en condiciones clim\u00e1ticas adecuadas (principalmente en invierno y en las estaciones intermedias), tambi\u00e9n podemos garantizar temporalmente la entrega NORMAL, asegurando que el producto llegue dentro de las 48 horas y mantenga su calidad perfectamente.<\/p>\n<p>Los productos VSL#3\u00ae se entregan mediante servicios de mensajer\u00eda en cajas refrigerantes reutilizables en caso de transporte con enfriamiento pasivo. \u00a1Por favor, ay\u00fadenos a proteger el medio ambiente y devuelva la caja refrigerante reutilizable al mensajero despu\u00e9s de recibirla! Al recibir un paquete con control de temperatura, seg\u00fan las instrucciones enviadas por SMS desde el almac\u00e9n de DHL, por favor, siempre saque los productos comprados y NO deje ir al mensajero, sino devu\u00e9lvale el material de embalaje; este es el paquete de intercambio que debe ser devuelto a nuestro almac\u00e9n. En caso de cualquier malentendido, por favor pida al mensajero que consulte con su superior, ya que el material de embalaje no puede quedarse con usted y debe regresar a nuestro almac\u00e9n como paquete de intercambio.<\/p>\n<p>En el caso del transporte con refrigeraci\u00f3n pasiva, teniendo en cuenta las circunstancias, procesamos los paquetes de lunes a mi\u00e9rcoles, por lo que el jueves por la ma\u00f1ana enviamos los \u00faltimos paquetes, y los pedidos que lleguen despu\u00e9s de esto solo comenzaremos a procesarlos nuevamente a partir del lunes.<\/p>\n<h3>[1] Antecedentes cient\u00edficos<\/h3>\n<ul>\n<li class=\"whitespace-normal break-words\">Sood A, et al. The probiotic preparation, VSL#3 induces remission in patients with mild-to-moderately active ulcerative colitis. Clin Gastroenterol Hepatol. 2009;7(11):1202-1209. <a href=\"https:\/\/pubmed.ncbi.nlm.nih.gov\/19631292\/\">https:\/\/pubmed.ncbi.nlm.nih.gov\/19631292\/<\/a><\/li>\n<li class=\"whitespace-normal break-words\">Tursi A, et al. Treatment of relapsing mild-to-moderate ulcerative colitis with the probiotic VSL#3 as adjunctive to a standard pharmaceutical treatment: a double-blind, randomized, placebo-controlled study. Am J Gastroenterol. 2010;105(10):2218-2227. <a href=\"https:\/\/pubmed.ncbi.nlm.nih.gov\/20517305\/\">https:\/\/pubmed.ncbi.nlm.nih.gov\/20517305\/<\/a><\/li>\n<li class=\"whitespace-normal break-words\">Miele E, et al. Effect of a probiotic preparation (VSL#3) on induction and maintenance of remission in children with ulcerative colitis. Am J Gastroenterol. 2009;104(2):437-443. <a href=\"https:\/\/pubmed.ncbi.nlm.nih.gov\/19174792\/\">https:\/\/pubmed.ncbi.nlm.nih.gov\/19174792\/<\/a><\/li>\n<li class=\"whitespace-normal break-words\">Gionchetti P, et al. Prophylaxis of pouchitis onset with probiotic therapy: a double-blind, placebo-controlled trial. Gastroenterology. 2003;124(5):1202-1209. <a href=\"https:\/\/pubmed.ncbi.nlm.nih.gov\/12730861\/\">https:\/\/pubmed.ncbi.nlm.nih.gov\/12730861\/<\/a><\/li>\n<li class=\"whitespace-normal break-words\">Kim HJ, et al. A randomized controlled trial of a probiotic combination VSL# 3 and placebo in irritable bowel syndrome with bloating. Neurogastroenterol Motil. 2005;17(5):687-696. <a href=\"https:\/\/pubmed.ncbi.nlm.nih.gov\/16185307\/\">https:\/\/pubmed.ncbi.nlm.nih.gov\/16185307\/<\/a><\/li>\n<li class=\"whitespace-normal break-words\">Guandalini S, et al. VSL#3 improves symptoms in children with irritable bowel syndrome: a multicenter, randomized, placebo-controlled, double-blind, crossover study. J Pediatr Gastroenterol Nutr. 2010;51(1):24-30. <a href=\"https:\/\/pubmed.ncbi.nlm.nih.gov\/20453678\/\">https:\/\/pubmed.ncbi.nlm.nih.gov\/20453678\/<\/a><\/li>\n<li class=\"whitespace-normal break-words\">Brigidi P, et al. Effects of probiotic administration upon the composition and enzymatic activity of human fecal microbiota in patients with irritable bowel syndrome or functional diarrhea. Res Microbiol. 2001;152(8):735-741. <a href=\"https:\/\/pubmed.ncbi.nlm.nih.gov\/11686387\/\">https:\/\/pubmed.ncbi.nlm.nih.gov\/11686387\/<\/a><\/li>\n<li class=\"whitespace-normal break-words\">Pronio A, et al. Probiotic administration in patients with ileal pouch-anal anastomosis for ulcerative colitis is associated with expansion of mucosal regulatory cells. Inflamm Bowel Dis. 2008;14(5):662-668. <a href=\"https:\/\/pubmed.ncbi.nlm.nih.gov\/18240282\/\">https:\/\/pubmed.ncbi.nlm.nih.gov\/18240282\/<\/a><\/li>\n<\/ul>\n","protected":false},"excerpt":{"rendered":"<p><strong>Suplemento diet\u00e9tico que contiene flora viva de alta concentraci\u00f3n para la flora intestinal saludable<\/strong><\/p>\n<p>VSL#3\u00ae es un suplemento diet\u00e9tico que contiene flora viva en una concentraci\u00f3n extremadamente alta, con 450 mil millones de bacterias vivas por sobre, de 8 cepas bacterianas cuidadosamente seleccionadas. Numerosos estudios cl\u00ednicos avalan su eficacia en el apoyo a la salud del sistema digestivo<sup>1<\/sup>.<\/p>\n","protected":false},"featured_media":2219,"comment_status":"open","ping_status":"closed","template":"","meta":{"_acf_changed":false},"product_brand":[],"product_cat":[65],"product_tag":[66],"class_list":{"0":"post-2391","1":"product","2":"type-product","3":"status-publish","4":"has-post-thumbnail","6":"product_cat-etrend-kiegeszito","7":"product_tag-premium-shipping","9":"first","10":"instock","11":"taxable","12":"shipping-taxable","13":"purchasable","14":"product-type-variable","15":"has-default-attributes"},"acf":[],"_links":{"self":[{"href":"https:\/\/vsl3.eu\/es\/wp-json\/wp\/v2\/product\/2391","targetHints":{"allow":["GET"]}}],"collection":[{"href":"https:\/\/vsl3.eu\/es\/wp-json\/wp\/v2\/product"}],"about":[{"href":"https:\/\/vsl3.eu\/es\/wp-json\/wp\/v2\/types\/product"}],"replies":[{"embeddable":true,"href":"https:\/\/vsl3.eu\/es\/wp-json\/wp\/v2\/comments?post=2391"}],"wp:featuredmedia":[{"embeddable":true,"href":"https:\/\/vsl3.eu\/es\/wp-json\/wp\/v2\/media\/2219"}],"wp:attachment":[{"href":"https:\/\/vsl3.eu\/es\/wp-json\/wp\/v2\/media?parent=2391"}],"wp:term":[{"taxonomy":"product_brand","embeddable":true,"href":"https:\/\/vsl3.eu\/es\/wp-json\/wp\/v2\/product_brand?post=2391"},{"taxonomy":"product_cat","embeddable":true,"href":"https:\/\/vsl3.eu\/es\/wp-json\/wp\/v2\/product_cat?post=2391"},{"taxonomy":"product_tag","embeddable":true,"href":"https:\/\/vsl3.eu\/es\/wp-json\/wp\/v2\/product_tag?post=2391"}],"curies":[{"name":"wp","href":"https:\/\/api.w.org\/{rel}","templated":true}]}}