{"id":5312,"date":"2024-08-26T20:53:15","date_gmt":"2024-08-26T18:53:15","guid":{"rendered":"https:\/\/vsl3.eu\/es\/?page_id=5312"},"modified":"2024-09-02T11:59:08","modified_gmt":"2024-09-02T09:59:08","slug":"irritabilis-bel-szindroma-vedd-kezedbe-az-iranyitast","status":"publish","type":"page","link":"https:\/\/vsl3.eu\/es\/irritabilis-bel-szindroma-vedd-kezedbe-az-iranyitast\/","title":{"rendered":"Irrit\u00e1bilis b\u00e9l szindr\u00f3ma? Vedd kezedbe az ir\u00e1ny\u00edt\u00e1st!"},"content":{"rendered":"","protected":false},"excerpt":{"rendered":"","protected":false},"author":10,"featured_media":0,"parent":0,"menu_order":0,"comment_status":"closed","ping_status":"closed","template":"","meta":{"_acf_changed":false,"footnotes":""},"class_list":["post-5312","page","type-page","status-publish","hentry"],"acf":[],"_links":{"self":[{"href":"https:\/\/vsl3.eu\/es\/wp-json\/wp\/v2\/pages\/5312","targetHints":{"allow":["GET"]}}],"collection":[{"href":"https:\/\/vsl3.eu\/es\/wp-json\/wp\/v2\/pages"}],"about":[{"href":"https:\/\/vsl3.eu\/es\/wp-json\/wp\/v2\/types\/page"}],"author":[{"embeddable":true,"href":"https:\/\/vsl3.eu\/es\/wp-json\/wp\/v2\/users\/10"}],"replies":[{"embeddable":true,"href":"https:\/\/vsl3.eu\/es\/wp-json\/wp\/v2\/comments?post=5312"}],"version-history":[{"count":5,"href":"https:\/\/vsl3.eu\/es\/wp-json\/wp\/v2\/pages\/5312\/revisions"}],"predecessor-version":[{"id":5399,"href":"https:\/\/vsl3.eu\/es\/wp-json\/wp\/v2\/pages\/5312\/revisions\/5399"}],"wp:attachment":[{"href":"https:\/\/vsl3.eu\/es\/wp-json\/wp\/v2\/media?parent=5312"}],"curies":[{"name":"wp","href":"https:\/\/api.w.org\/{rel}","templated":true}]}}