{"id":2031,"date":"2021-07-05T20:47:56","date_gmt":"2021-07-05T20:47:56","guid":{"rendered":"http:\/\/vsl3.eu\/es\/?page_id=2031"},"modified":"2026-04-01T13:10:29","modified_gmt":"2026-04-01T11:10:29","slug":"politica-de-privacidad","status":"publish","type":"page","link":"https:\/\/vsl3.eu\/es\/politica-de-privacidad\/","title":{"rendered":"Pol\u00edtica de privacidad"},"content":{"rendered":"\n<p>Esta pol\u00edtica de privacidad contiene nuestras directrices y procedimientos para la recopilaci\u00f3n, el uso y la divulgaci\u00f3n de sus datos cuando utiliza el Servicio, y le informa sobre sus derechos de privacidad y sobre c\u00f3mo la ley lo protege.<\/p>\n\n\n\n<p>Utilizamos sus datos personales para prestar el Servicio y mejorar la experiencia del usuario. Al utilizar el Servicio, usted acepta la recopilaci\u00f3n y el uso de los datos conforme a esta Pol\u00edtica de Privacidad.<\/p>\n\n\n\n<h2 class=\"wp-block-heading\">Interpretaciones y definiciones<\/h2>\n\n\n\n<p><strong>Interpretaciones<\/strong><\/p>\n\n\n\n<p>Las palabras que comienzan con una letra may\u00fascula se definen de acuerdo con las siguientes condiciones. Las siguientes definiciones significan lo mismo, ya sea que aparezcan en singular o en plural.<\/p>\n\n\n\n<p><strong>Definiciones<\/strong><\/p>\n\n\n\n<p>En el reglamento de protecci\u00f3n de datos:<\/p>\n\n\n\n<ul class=\"wp-block-list\">\n<li><strong>Cuenta:<\/strong> se refiere a una cuenta personal que se ha creado para acceder a nuestro Servicio o a partes del mismo.<\/li>\n\n\n\n<li><strong>Empresa:<\/strong> (denominada en este Contrato como \u00abEmpresa\u00bb, \u00abNosotros\u00bb o la \u00abCompa\u00f1\u00eda\u00bb) Adexilis Healthcare, Calle Miner\u00eda 1, 08038-Barcelona.<\/li>\n\n\n\n<li><strong>Cookies: <\/strong>peque\u00f1os archivos que el sitio web coloca en su computadora, dispositivo m\u00f3vil o cualquier otro dispositivo y que contienen detalles de su historial de navegaci\u00f3n en dicho sitio web y otra informaci\u00f3n.<\/li>\n\n\n\n<li><strong>Pa\u00eds: <\/strong>Espa\u00f1a, Hungr\u00eda, Suiza, Austria, Rep\u00fablica Checa, Eslovaquia, Polonia, Ruman\u00eda, Croacia, Eslovenia, Serbia, Bosnia y Herzegovina, Montenegro.<\/li>\n\n\n\n<li><strong>Dispositivo: <\/strong>cualquier dispositivo que pueda acceder al Servicio, como computadora, tel\u00e9fono m\u00f3vil o tableta digital.<\/li>\n\n\n\n<li><strong>Datos personales: <\/strong>cualquier informaci\u00f3n relativa a una persona identificada o identificable.<\/li>\n\n\n\n<li><strong>Servicio:<\/strong> el Sitio Web.<\/li>\n\n\n\n<li><strong>Proveedor: <\/strong>cualquier persona f\u00edsica o jur\u00eddica que procese los datos en nombre de la Compa\u00f1\u00eda. Esto tambi\u00e9n se aplica a empresas o individuos terceros contratados por la Compa\u00f1\u00eda para facilitar o proporcionar el Servicio en nombre de la Compa\u00f1\u00eda, realizar tareas relacionadas con el Servicio o ayudar a la Compa\u00f1\u00eda a analizar el uso del Servicio.<\/li>\n\n\n\n<li><strong>Servicio de medios sociales de terceros:<\/strong> se refiere a cualquier sitio web o red social a trav\u00e9s del cual el usuario puede iniciar sesi\u00f3n o crear una cuenta para usar el servicio.<\/li>\n\n\n\n<li><strong>Datos de uso: <\/strong>se refiere a los datos que se recopilan autom\u00e1ticamente, ya sea por el uso del Servicio o por la propia infraestructura del Servicio (por ejemplo, la duraci\u00f3n de una visita a la p\u00e1gina).<\/li>\n\n\n\n<li><strong>Sitio web:<\/strong> se refiere al sitio vsl3.eu\/es, accesible en https:\/\/www.vsl3.eu\/es<\/li>\n\n\n\n<li><strong>Usted:<\/strong> significa la persona f\u00edsica que accede o utiliza el Servicio, o la empresa u otra entidad legal en cuyo nombre dicha persona accede o utiliza el Servicio.<\/li>\n<\/ul>\n\n\n\n<h2 class=\"wp-block-heading\">Recopilaci\u00f3n y uso de datos personales<\/h2>\n\n\n\n<p><strong>Tipos de datos recopilados<\/strong><\/p>\n\n\n\n<p><strong><strong>Datos personales<\/strong><\/strong><\/p>\n\n\n\n<p>Durante el uso de nuestro servicio, podemos solicitarle que nos proporcione ciertos datos de identificaci\u00f3n personal que puedan ser utilizados para contactarlo o identificarlo. Los datos de identificaci\u00f3n personal pueden incluir, entre otros:<\/p>\n\n\n\n<ul class=\"wp-block-list\">\n<li>Correo electr\u00f3nico<\/li>\n\n\n\n<li>Nombre y apellido<\/li>\n\n\n\n<li>Datos de uso<\/li>\n<\/ul>\n\n\n\n<p><strong>Datos de uso<\/strong><\/p>\n\n\n\n<p>Recopilamos autom\u00e1ticamente datos de uso durante el uso del Servicio.<\/p>\n\n\n\n<p>Los datos de uso pueden incluir informaci\u00f3n como la direcci\u00f3n de protocolo de Internet del dispositivo (por ejemplo, la direcci\u00f3n IP), el tipo de navegador, la versi\u00f3n del navegador, las p\u00e1ginas de nuestro sitio web que visita, la hora y fecha de la visita, el tiempo pasado en esas p\u00e1ginas, identificadores \u00fanicos de dispositivos y otros datos de an\u00e1lisis.<\/p>\n\n\n\n<p>Cuando accede al Servicio a trav\u00e9s de un dispositivo m\u00f3vil o con un dispositivo m\u00f3vil, podemos recopilar autom\u00e1ticamente cierta informaci\u00f3n, incluyendo, pero no limit\u00e1ndose a, el tipo de dispositivo m\u00f3vil que utiliza, el identificador \u00fanico del dispositivo m\u00f3vil, la direcci\u00f3n IP del dispositivo m\u00f3vil, la informaci\u00f3n del sistema operativo que se ejecuta en su m\u00f3vil, el tipo de navegador de internet m\u00f3vil que utiliza, identificadores \u00fanicos de dispositivos y otros datos de an\u00e1lisis.<\/p>\n\n\n\n<p>Tambi\u00e9n podemos recopilar informaci\u00f3n que su navegador env\u00eda cuando visita nuestro Servicio o cuando inicia sesi\u00f3n en nuestro Servicio desde un dispositivo m\u00f3vil o accede a \u00e9l a trav\u00e9s del mismo.<\/p>\n\n\n\n<p><strong>C\u00f3digos de seguimiento y cookies<\/strong><\/p>\n\n\n\n<p>Usamos cookies y c\u00f3digos de seguimiento similares para rastrear las actividades realizadas en nuestro Servicio y para almacenar cierta informaci\u00f3n. Los c\u00f3digos de seguimiento son balizas, etiquetas y scripts utilizados para recopilar y rastrear informaci\u00f3n, as\u00ed como para desarrollar y analizar el Servicio. Las tecnolog\u00edas que utilizamos pueden incluir:<\/p>\n\n\n\n<ul class=\"wp-block-list\">\n<li><strong>Cookies o cookies del navegador: <\/strong>Una cookie es un peque\u00f1o paquete de datos que se coloca en su dispositivo. Puede configurar su navegador para que rechace todas las cookies o para que le notifique cuando se env\u00ede una cookie. Sin embargo, si no acepta las cookies, es posible que no pueda utilizar algunas partes de nuestro Servicio. A menos que haya modificado la configuraci\u00f3n de su navegador para rechazar las cookies, nuestro Servicio puede usar cookies.<\/li>\n\n\n\n<li><strong>Cookies Flash: <\/strong>Algunas funciones de nuestro Servicio pueden utilizar elementos almacenados localmente (o cookies Flash) para recopilar y almacenar informaci\u00f3n sobre sus preferencias o sobre su actividad relacionada con nuestro Servicio. Las cookies Flash no son gestionadas por la misma configuraci\u00f3n del navegador que las cookies del navegador. Para obtener m\u00e1s informaci\u00f3n sobre c\u00f3mo eliminar las cookies Flash, consulte \u00ab\u00bfD\u00f3nde puedo modificar la configuraci\u00f3n para deshabilitar o eliminar elementos compartidos localmente?\u00bb disponible en <a href=\"https:\/\/www.adobe.com\/products\/flashplayer\/end-of-life.html\" target=\"_blank\" rel=\"noreferrer noopener\">https:\/\/www.adobe.com\/products\/flashplayer\/end-of-life.html<\/a>.<\/li>\n\n\n\n<li><strong>Indicadores web: <\/strong>Algunas partes de nuestro servicio y nuestros correos electr\u00f3nicos pueden contener peque\u00f1os archivos electr\u00f3nicos, llamados indicadores web (tambi\u00e9n conocidos como gifs transparentes, etiquetas de p\u00edxeles o gifs de un solo p\u00edxel), que permiten, por ejemplo, a la Compa\u00f1\u00eda contar cu\u00e1ntos usuarios han visitado estas p\u00e1ginas o han abierto un correo electr\u00f3nico, u obtener otras estad\u00edsticas relacionadas con el sitio web (como registrar la popularidad de una secci\u00f3n espec\u00edfica, as\u00ed como verificar la integridad del sistema y del servidor).<\/li>\n<\/ul>\n\n\n\n<p>Las cookies pueden ser cookies \u00abpersistentes\u00bb o \u00abde sesi\u00f3n\u00bb. Las cookies persistentes permanecen en su computadora personal o dispositivo m\u00f3vil cuando est\u00e1 fuera de l\u00ednea, mientras que las cookies de sesi\u00f3n se eliminan tan pronto como cierra el navegador web.<\/p>\n\n\n\n<p>Utilizamos tanto cookies de sesi\u00f3n como persistentes para los fines que se indican a continuaci\u00f3n:<\/p>\n\n\n\n<p><strong>Cookies necesarias \/ esenciales<\/strong><\/p>\n\n\n\n<ul class=\"wp-block-list\">\n<li><strong>Tipo:<\/strong> Cookies de sesi\u00f3n (temporales)<\/li>\n\n\n\n<li><strong>Administrador:<\/strong> Nosotros<\/li>\n\n\n\n<li><strong>Prop\u00f3sito:<\/strong> Estas cookies son esenciales para proporcionar los servicios disponibles a trav\u00e9s del Sitio web y permitir el uso de ciertas funciones. Ayudan a autenticar a los usuarios y evitan que las cuentas de usuario caigan en manos no autorizadas. Sin estas cookies, no se pueden proporcionar los servicios que solicita y estas cookies solo se utilizan para poder ofrecerle dichos servicios.<\/li>\n<\/ul>\n\n\n\n<p><strong>Pol\u00edtica de cookies \/ Aceptaci\u00f3n de cookies de los comunicados<\/strong><\/p>\n\n\n\n<ul class=\"wp-block-list\">\n<li><strong>Tipo:<\/strong> Cookies permanentes<\/li>\n\n\n\n<li><strong>Administrador:<\/strong> Nosotros<\/li>\n\n\n\n<li><strong>Prop\u00f3sito: <\/strong>Estas cookies identifican si los usuarios han aceptado el uso de cookies en el sitio web.<\/li>\n<\/ul>\n\n\n\n<p><strong>Cookies funcionales<\/strong><\/p>\n\n\n\n<ul class=\"wp-block-list\">\n<li><strong>Tipo:<\/strong> Cookies permanentes<\/li>\n\n\n\n<li><strong>Administrador:<\/strong> Nosotros<\/li>\n\n\n\n<li><strong>Prop\u00f3sito: <\/strong>Estas cookies nos permiten recordar las configuraciones utilizadas durante el uso del sitio web, como la informaci\u00f3n de inicio de sesi\u00f3n o las preferencias de idioma. El objetivo de estas cookies es ofrecerle una experiencia m\u00e1s personalizada y evitar que tenga que volver a ingresar sus preferencias cada vez que use el sitio web.<\/li>\n<\/ul>\n\n\n\n<p><strong>Cookies de Google Analytics<\/strong><\/p>\n\n\n\n<ul class=\"wp-block-list\">\n<li><strong>Tipo: <\/strong>Cookies permanentes<\/li>\n\n\n\n<li><strong>Administrador: <\/strong>Nosotros<\/li>\n\n\n\n<li><strong>Prop\u00f3sito: <\/strong>Estas cookies nos permiten recordar sus elecciones, sus pasos, la ubicaci\u00f3n, el tiempo que pasa en el sitio web, los datos de inicio de sesi\u00f3n o la configuraci\u00f3n del idioma. El objetivo de estas cookies es ofrecerle una experiencia m\u00e1s personalizada y evitar que tenga que volver a introducir sus preferencias cada vez que utilice el sitio web, as\u00ed como mejorar la experiencia y la eficiencia de nuestros visitantes a trav\u00e9s de su an\u00e1lisis estad\u00edstico. Los datos se almacenan de forma an\u00f3nima. Si desea obtener m\u00e1s informaci\u00f3n sobre las cookies que utilizamos y sobre sus opciones relacionadas con las cookies, visite nuestra pol\u00edtica de cookies o la secci\u00f3n de cookies de nuestra pol\u00edtica de privacidad.<\/li>\n<\/ul>\n\n\n\n<p><strong><strong>Cookies de marketing de Google Ads<\/strong><\/strong><\/p>\n\n\n\n<ul class=\"wp-block-list\">\n<li><strong>Tipo: <\/strong>Cookies permanentes<\/li>\n\n\n\n<li><strong>Administrador: <\/strong>Nosotros<\/li>\n\n\n\n<li><strong>Objetivo: <\/strong>Estas cookies vinculan de manera an\u00f3nima las acciones que realiza en el sitio web con los clics publicitarios previos (con par\u00e1metros de URL gclid). Adem\u00e1s, su objetivo es brindar al visitante una experiencia de cliente m\u00e1s personalizada y mostrarle anuncios acordes a sus preferencias. Las cookies identifican el navegador del usuario y el clic publicitario. Puede encontrar m\u00e1s informaci\u00f3n en los t\u00e9rminos de uso de Google.<\/li>\n<\/ul>\n\n\n\n<p><strong>Cookies de marketing de Facebook Pixel<\/strong><\/p>\n\n\n\n<ul class=\"wp-block-list\">\n<li><strong>Tipo:<\/strong> Cookies permanentes<\/li>\n\n\n\n<li><strong>Administrador:<\/strong> Yo<\/li>\n\n\n\n<li><strong>Objetivo:<\/strong> Estas cookies vinculan de manera an\u00f3nima las acciones que realiza en el sitio web con los clics publicitarios previos. Adem\u00e1s, su objetivo es ofrecer al visitante una experiencia de cliente m\u00e1s personalizada y mostrar anuncios que se ajusten a sus propias preferencias. Las cookies identifican el navegador del usuario y el clic publicitario. Puede encontrar m\u00e1s informaci\u00f3n en los t\u00e9rminos de uso de Facebook.<\/li>\n<\/ul>\n\n\n\n<p><strong>Las cookies utilizadas en el sitio VSL3.eu:<\/strong><\/p>\n\n\n\n<figure class=\"wp-block-table\"><table><thead><tr><th>Cookie name<\/th><th>Provider<\/th><th>Content<\/th><th>Expiration<\/th><\/tr><\/thead><tbody><tr><td>store_notice<\/td><td>VSL3.eu (f)<\/td><td>Notice acceptance status<\/td><td>Session<\/td><\/tr><tr><td>gdlr-core-privacy-box<\/td><td>VSL3.eu (f)<\/td><td>Cookies acceptance status<\/td><td>30 days<\/td><\/tr><tr><td>gdlr-core-privacy-settings<\/td><td>VSL3.eu (f)<\/td><td>Cookie settings status<\/td><td>30 days<\/td><\/tr><tr><td>_GRECAPTCHA<\/td><td>Google (f)<\/td><td>Recaptcha robot check<\/td><td>6 months<\/td><\/tr><tr><td>_gid<\/td><td>Google (s)<\/td><td>Used to distinguish users<\/td><td>24 hours<\/td><\/tr><tr><td>_ga<\/td><td>Google (s)<\/td><td>Used to distinguish users<\/td><td>24 months<\/td><\/tr><tr><td>_gat_gtag_[UA-ID]<\/td><td>Google (s)<\/td><td>Throttle request rate<\/td><td>1 minute<\/td><\/tr><tr><td>_gcl_au<\/td><td>Google (m)<\/td><td>Conversion linker<\/td><td>3 months<\/td><\/tr><tr><td>_fbp<\/td><td>Facebook (m)<\/td><td>Used to distinguish users<\/td><td>3 months<\/td><\/tr><tr><td>_fbc<\/td><td>Facebook (m)<\/td><td>Used to track ad clicks<\/td><td>3 months<\/td><\/tr><\/tbody><\/table><figcaption class=\"wp-element-caption\">(f) functional \/ (s) statistics \/ (m) marketing<\/figcaption><\/figure>\n\n\n\n<p><strong>Puede darse de baja en cualquier momento de las soluciones de seguimiento estad\u00edstico y de marketing en la configuraci\u00f3n de cookies, a la cual puede acceder f\u00e1cilmente en el pie de p\u00e1gina de vsl3.eu incluso despu\u00e9s de aceptar el aviso de cookies.<\/strong> Para eliminar de forma definitiva las cookies que ya han sido almacenadas por su navegador, encontrar\u00e1 ayuda en la secci\u00f3n anterior de la pol\u00edtica o en la documentaci\u00f3n del navegador que usted utiliza.<\/p>\n\n\n\n<h2 class=\"wp-block-heading\">Uso de sus datos personales<\/h2>\n\n\n\n<ul class=\"wp-block-list\">\n<li>La Compa\u00f1\u00eda puede utilizar los datos personales para los siguientes prop\u00f3sitos:<\/li>\n\n\n\n<li>Proporcionar y mantener nuestro Servicio, incluyendo el seguimiento del uso de nuestro Servicio.<\/li>\n\n\n\n<li>Gesti\u00f3n de su cuenta: gesti\u00f3n de su registro como usuario del Servicio. Los datos personales proporcionados pueden dar acceso a diversas funciones del Servicio disponibles para usuarios registrados.<\/li>\n\n\n\n<li>Cumplimiento del contrato: elaboraci\u00f3n, cumplimiento y asunci\u00f3n de cualquier contrato de compra de productos, bienes o servicios adquiridos por usted a trav\u00e9s del Servicio, o de cualquier otro contrato que tenga con nosotros.<\/li>\n\n\n\n<li>Contacto con usted: podemos comunicarnos con usted por correo electr\u00f3nico, tel\u00e9fono, SMS u otra forma de comunicaci\u00f3n electr\u00f3nica equivalente, como una notificaci\u00f3n push de una aplicaci\u00f3n m\u00f3vil, con actualizaciones o informaci\u00f3n sobre funciones, productos o servicios contractuales, incluyendo actualizaciones de seguridad, si es necesario informarle o es razonable para su implementaci\u00f3n.<\/li>\n\n\n\n<li>Proporcionar noticias, ofertas especiales e informaci\u00f3n general sobre otros bienes, servicios y eventos que pueda estar buscando y que sean similares a los que ya ha comprado o sobre los que ha mostrado inter\u00e9s, salvo que haya decidido no recibir dicha informaci\u00f3n.<\/li>\n\n\n\n<li>Gesti\u00f3n de sus solicitudes: en el caso de gestionar las solicitudes que nos dirija.<\/li>\n\n\n\n<li>En caso de transferencia comercial: Podemos usar sus datos para evaluar o llevar a cabo fusiones de empresas, la uni\u00f3n o separaci\u00f3n o reorganizaci\u00f3n, disoluci\u00f3n u otra venta o transferencia de nuestras divisiones, ya sea como empresa en marcha o en el marco de quiebra o liquidaci\u00f3n. O en un procedimiento similar, en el que los datos personales que mantenemos sobre los usuarios del Servicio est\u00e9n incluidos entre los activos transferidos.<\/li>\n\n\n\n<li>Para otros fines: Tambi\u00e9n podemos usar sus datos para otros fines, como an\u00e1lisis de datos para identificar patrones, determinar la efectividad de nuestras campa\u00f1as promocionales, as\u00ed como evaluar y determinar nuestro Servicio, productos y marketing basado en su experiencia.<\/li>\n<\/ul>\n\n\n\n<p><strong>Podemos compartir sus datos personales en los siguientes casos:<\/strong><\/p>\n\n\n\n<ul class=\"wp-block-list\">\n<li>Con proveedores de servicios: Podemos compartir sus datos personales con proveedores de servicios para monitorear y analizar el uso de nuestro Servicio y para comunicarnos con usted.<\/li>\n\n\n\n<li>En transacciones comerciales: Podemos compartir o transferir sus datos personales a otra empresa en el contexto de una colaboraci\u00f3n, venta de los activos de la Compa\u00f1\u00eda, financiaci\u00f3n o adquisici\u00f3n de toda o parte de nuestras operaciones comerciales, o durante negociaciones.<\/li>\n\n\n\n<li>Con subsidiarias: Podemos compartir sus datos con nuestras subsidiarias, en cuyo caso exigiremos que dichas subsidiarias cumplan con esta pol\u00edtica de privacidad. Las empresas afiliadas incluyen nuestra empresa matriz y cualquier otra subsidiaria, empresa conjunta asociada u otra entidad bajo nuestro control o bajo control conjunto con nosotros.<\/li>\n\n\n\n<li>Con socios comerciales: Podemos compartir sus datos con nuestros socios comerciales para ofrecerle ciertos productos, servicios o promociones.<\/li>\n\n\n\n<li>Con otros usuarios: cuando comparte datos personales de manera p\u00fablica o de otra forma se conecta con otros usuarios, esa informaci\u00f3n puede ser vista por todos los usuarios y difundida p\u00fablicamente fuera del Servicio. Si se conecta con otros usuarios o se registra a trav\u00e9s de un servicio de redes sociales de un tercero, sus socios en ese servicio de redes sociales de terceros pueden ver su nombre, perfil, fotos y actividades. De manera similar, otros usuarios pueden ver la descripci\u00f3n de sus actividades, comunicarse con usted y ver su perfil.<\/li>\n\n\n\n<li>Con su consentimiento: Con su permiso, podemos divulgar sus datos personales para cualquier otro prop\u00f3sito.<\/li>\n<\/ul>\n\n\n\n<h2 class=\"wp-block-heading\">Conservaci\u00f3n de sus datos personales<\/h2>\n\n\n\n<p>La Compa\u00f1\u00eda solo conservar\u00e1 sus datos personales mientras sea necesario para los fines establecidos en estas pol\u00edticas de privacidad. Conservaremos y utilizaremos sus datos personales en la medida necesaria para cumplir con nuestras obligaciones legales (por ejemplo, si debemos conservar sus datos para cumplir con la legislaci\u00f3n aplicable), resolver disputas y hacer cumplir nuestros acuerdos y pol\u00edticas.<\/p>\n\n\n\n<p>La Compa\u00f1\u00eda tambi\u00e9n conserva los datos de uso con fines de an\u00e1lisis internos. Por lo general, los datos de uso se conservan por per\u00edodos m\u00e1s cortos, a menos que se utilicen para fines de seguridad o para mejorar el funcionamiento de nuestro Servicio, o si estamos legalmente obligados a conservar estos datos por m\u00e1s tiempo.<\/p>\n\n\n\n<h2 class=\"wp-block-heading\">Transferencia de sus datos personales<\/h2>\n\n\n\n<p>Sus datos, incluidos los datos personales, se procesan en las oficinas de la Compa\u00f1\u00eda y en otros lugares donde se encuentren las partes involucradas en el procesamiento. Esto significa que esta informaci\u00f3n puede ser transferida a computadoras fuera de su pa\u00eds, provincia u otra jurisdicci\u00f3n gubernamental y mantenida all\u00ed, donde las leyes de protecci\u00f3n de datos pueden diferir de las de su jurisdicci\u00f3n.<\/p>\n\n\n\n<p>En caso de que usted acepte la pol\u00edtica de privacidad, consiente la transferencia de los datos proporcionados por usted.<\/p>\n\n\n\n<p>La Compa\u00f1\u00eda tomar\u00e1 todas las medidas razonables necesarias para asegurar que sus datos se manejen de manera segura y de acuerdo con esta Pol\u00edtica de Privacidad, y que sus datos personales no se transfieran a ninguna organizaci\u00f3n o pa\u00eds, a menos que se cuente con la seguridad adecuada para proteger sus datos personales.<\/p>\n\n\n\n<h2 class=\"wp-block-heading\">Divulgaci\u00f3n de sus datos personales<\/h2>\n\n\n\n<p><strong>Transacciones comerciales<\/strong><\/p>\n\n\n\n<p>Si la Compa\u00f1\u00eda participa en una fusi\u00f3n, adquisici\u00f3n o venta de activos, su informaci\u00f3n personal podr\u00eda ser transferida. Le notificaremos antes de cualquier transferencia de su informaci\u00f3n personal, la cual estar\u00e1 sujeta a pol\u00edticas de privacidad independientes.<\/p>\n\n\n\n<p><strong>Cumplimiento de la ley<\/strong><\/p>\n\n\n\n<p>En determinadas circunstancias, la Compa\u00f1\u00eda podr\u00eda verse obligada a divulgar su informaci\u00f3n personal si as\u00ed lo exige la ley o para cumplir con solicitudes v\u00e1lidas de autoridades p\u00fablicas (como un tribunal o una agencia gubernamental).<\/p>\n\n\n\n<p><strong>Otros requisitos legales<\/strong><\/p>\n\n\n\n<p>La Compa\u00f1\u00eda podr\u00eda divulgar su informaci\u00f3n personal si considera de buena fe que dicha acci\u00f3n es necesaria para:<\/p>\n\n\n\n<ul class=\"wp-block-list\">\n<li>Cumplir con nuestras obligaciones legales<\/li>\n\n\n\n<li>Proteger los derechos o la propiedad de la Compa\u00f1\u00eda<\/li>\n\n\n\n<li>Prevenir o investigar posibles infracciones del Servicio<\/li>\n\n\n\n<li>Proteger la seguridad personal de los usuarios del Servicio (o del p\u00fablico)<\/li>\n\n\n\n<li>Protegerse de la responsabilidad legal<\/li>\n<\/ul>\n\n\n\n<h2 class=\"wp-block-heading\">Seguridad de sus datos personales<\/h2>\n\n\n\n<p>La seguridad de su informaci\u00f3n personal es importante para nosotros, pero recuerde que ning\u00fan m\u00e9todo de transmisi\u00f3n por internet o almacenamiento electr\u00f3nico es 100 % seguro. Si bien nos esforzamos por utilizar medios comercialmente aceptables para proteger su informaci\u00f3n personal, no podemos garantizar su seguridad absoluta.<\/p>\n\n\n\n<h2 class=\"wp-block-heading\">Privacidad de los ni\u00f1os<\/h2>\n\n\n\n<p>Nuestro Servicio no est\u00e1 dirigido a menores de 13 a\u00f1os. No recopilamos deliberadamente informaci\u00f3n personal identificable de menores de 13 a\u00f1os. Si usted es padre, madre o tutor y sabe que su hijo nos ha proporcionado informaci\u00f3n personal, p\u00f3ngase en contacto con nosotros. Si detectamos que hemos recopilado informaci\u00f3n personal de menores de 13 a\u00f1os sin verificar el consentimiento parental, tomaremos las medidas necesarias para eliminarla de nuestros servidores.<\/p>\n\n\n\n<p>Si el consentimiento es la base legal para procesar la informaci\u00f3n y su pa\u00eds exige el consentimiento parental, podr\u00edamos solicitarlo antes de recopilarla y utilizarla.<\/p>\n\n\n\n<h2 class=\"wp-block-heading\">Enlaces a otros sitios web<\/h2>\n\n\n\n<p>Nuestro Servicio puede contener enlaces a otros sitios web no operados por nosotros. Si hace clic en un enlace de un tercero, ser\u00e1 redirigido a dicho sitio web. Le recomendamos encarecidamente que revise las pol\u00edticas de privacidad de cada sitio web que visite.<\/p>\n\n\n\n<p>No tenemos control ni nos responsabilizamos del contenido, las pol\u00edticas de privacidad ni las pr\u00e1cticas de ning\u00fan sitio web o servicio de terceros.<\/p>\n\n\n\n<h2 class=\"wp-block-heading\">Cambios en la Pol\u00edtica de Privacidad<\/h2>\n\n\n\n<p>Podemos actualizar nuestra Pol\u00edtica de Privacidad ocasionalmente. Le notificaremos cualquier cambio cuando publiquemos una nueva Pol\u00edtica de Privacidad en esta p\u00e1gina.<\/p>\n\n\n\n<p>Le notificaremos por correo electr\u00f3nico o mediante un aviso destacado en nuestro Servicio antes de que el cambio entre en vigor y actualizaremos la fecha de \u00ab\u00daltima actualizaci\u00f3n\u00bb en la parte superior de la Pol\u00edtica de Privacidad.<\/p>\n\n\n\n<p>Le recomendamos que revise esta Pol\u00edtica de Privacidad peri\u00f3dicamente para estar al tanto de cualquier cambio. Los cambios a la Pol\u00edtica de Privacidad entrar\u00e1n en vigor cuando se publiquen en esta p\u00e1gina.<\/p>\n\n\n\n<h2 class=\"wp-block-heading\">Cont\u00e1ctanos<\/h2>\n\n\n\n<p>Si tiene alguna pregunta sobre esta pol\u00edtica de privacidad, cont\u00e1ctenos:<\/p>\n\n\n\n<p>Correo electronico: <a href=\"mailto:info@adexilis.com\">info@adexilis.com<\/a><\/p>\n\n\n\n<p>Luego lo dirigiremos al colega de soporte en el idioma local apropiado.<\/p>\n\n\n\n<p>Pol\u00edtica de privacidad de Adexilis.com<\/p>\n\n\n\n<p><em>\u00daltima actualizaci\u00f3n: 19 de marzo de 2021.<\/em><\/p>\n\n\n\n<p><\/p>\n","protected":false},"excerpt":{"rendered":"<p>Esta pol\u00edtica de privacidad contiene nuestras directrices y procedimientos para la recopilaci\u00f3n, el uso y la divulgaci\u00f3n de sus datos cuando utiliza el Servicio, y le informa sobre sus derechos de privacidad y sobre c\u00f3mo la ley lo protege. Utilizamos sus datos personales para prestar el Servicio y mejorar la experiencia del usuario. Al utilizar [&hellip;]<\/p>\n","protected":false},"author":1,"featured_media":0,"parent":0,"menu_order":0,"comment_status":"closed","ping_status":"closed","template":"","meta":{"_acf_changed":false,"footnotes":""},"class_list":["post-2031","page","type-page","status-publish","hentry"],"acf":[],"_links":{"self":[{"href":"https:\/\/vsl3.eu\/es\/wp-json\/wp\/v2\/pages\/2031","targetHints":{"allow":["GET"]}}],"collection":[{"href":"https:\/\/vsl3.eu\/es\/wp-json\/wp\/v2\/pages"}],"about":[{"href":"https:\/\/vsl3.eu\/es\/wp-json\/wp\/v2\/types\/page"}],"author":[{"embeddable":true,"href":"https:\/\/vsl3.eu\/es\/wp-json\/wp\/v2\/users\/1"}],"replies":[{"embeddable":true,"href":"https:\/\/vsl3.eu\/es\/wp-json\/wp\/v2\/comments?post=2031"}],"version-history":[{"count":5,"href":"https:\/\/vsl3.eu\/es\/wp-json\/wp\/v2\/pages\/2031\/revisions"}],"predecessor-version":[{"id":7534,"href":"https:\/\/vsl3.eu\/es\/wp-json\/wp\/v2\/pages\/2031\/revisions\/7534"}],"wp:attachment":[{"href":"https:\/\/vsl3.eu\/es\/wp-json\/wp\/v2\/media?parent=2031"}],"curies":[{"name":"wp","href":"https:\/\/api.w.org\/{rel}","templated":true}]}}