{"id":2322,"date":"2022-01-05T00:00:36","date_gmt":"2022-01-04T23:00:36","guid":{"rendered":"https:\/\/vsl3.eu\/cz\/?post_type=product&#038;p=2322"},"modified":"2025-09-01T12:17:31","modified_gmt":"2025-09-01T10:17:31","slug":"vsl3-sacek","status":"publish","type":"product","link":"https:\/\/vsl3.eu\/cz\/shop\/vsl3-sacek\/","title":{"rendered":"VSL#3 Sacek"},"content":{"rendered":"<h3>Jak u\u017e\u00edvat?<\/h3>\n<p>Obsah s\u00e1\u010dku rozpus\u0165te ve vod\u011b, jogurtu, jable\u010dn\u00e9 \u0161\u0165\u00e1v\u011b nebo jin\u00e9 studen\u00e9, nesycen\u00e9 tekutin\u011b a ihned vypijte. Se s\u00e1\u010dkem VSL#3\u00ae se snadno manipuluje. \u00daprava st\u0159evn\u00ed fl\u00f3ry m\u016f\u017ee trvat n\u011bkolik dn\u00ed nebo t\u00fddn\u016f; m\u016f\u017ee trvat a\u017e 1 m\u011bs\u00edc, ne\u017e bude kolonizace st\u0159ev optim\u00e1ln\u011b stabiln\u00ed.<\/p>\n<p>Doporu\u010den\u00e1 denn\u00ed d\u00e1vka je 1\u20132 s\u00e1\u010dky (4,4\u20138,8 g). Nep\u0159ekra\u010dujte doporu\u010denou denn\u00ed d\u00e1vku.<\/p>\n<p>VSL#3\u00ae lze pou\u017e\u00edt do konce data pou\u017eitelnosti.<\/p>\n<p>Uchov\u00e1vejte mimo dosah d\u011bt\u00ed. Nen\u00ed ur\u010deno d\u011btem do 3 let!<\/p>\n<h3>Jak uchov\u00e1vat?<\/h3>\n<p>V chladni\u010dce p\u0159i 2-8 \u00b0C. VSL#3\u00ae lze mimo chladni\u010dku ponechat a\u017e 7 dn\u00ed, ani\u017e by byla ovlivn\u011bna jeho kvalita. Nelze jej v\u0161ak uchov\u00e1vat p\u0159i teplot\u011b vy\u0161\u0161\u00ed ne\u017e 25 \u00b0C. Dopln\u011bk stravy nenahrazuje vyv\u00e1\u017eenou, sm\u00ed\u0161enou stravu a zdrav\u00fd \u017eivotn\u00ed styl!<\/p>\n","protected":false},"excerpt":{"rendered":"<p>VSL#3\u00ae je vysoce koncentrovan\u00fd dopln\u011bk stravy poskytuj\u00edc\u00ed\u00a0<strong>450 miliard prosp\u011b\u0161n\u00fdch bakteri\u00ed 8 r\u016fzn\u00fdch kmen\u016f v ka\u017ed\u00e9m s\u00e1\u010dku<\/strong>. Ka\u017ed\u00fd z t\u011bchto kmen\u016f byl speci\u00e1ln\u011b vybr\u00e1n a pot\u00e9 lyofilizov\u00e1n, aby p\u0159e\u017eil drsn\u00e9 podm\u00ednky \u017ealudku. To umo\u017e\u0148uje bakteri\u00edm dos\u00e1hnout st\u0159eva a kolonizovat jej, co\u017e pom\u00e1h\u00e1 udr\u017eovat tr\u00e1vic\u00ed trakt v dobr\u00e9m stavu.<\/p>\n<p><strong>Dopln\u011bk stravy VSL#3\u00ae obsahuje lyofilizovan\u00e9 \u017eiv\u00e9 bakterie, kter\u00e9 mohou pomoci vytvo\u0159it bakteri\u00e1ln\u00ed rovnov\u00e1hu ve st\u0159ev\u011b.<\/strong>\u00a0Lidsk\u00e9 t\u011blo obsahuje miliardy bakteri\u00ed, prosp\u011b\u0161n\u00fdch i nap\u0159\u00edklad patogenn\u00edch, kter\u00e9 tak\u00e9 \u017eij\u00ed v tr\u00e1vic\u00edm syst\u00e9mu. Tr\u00e1ven\u00ed je slo\u017eit\u00fd proces, kter\u00fd Va\u0161e t\u011blo prov\u00e1d\u00ed za \u00fa\u010delem p\u0159em\u011bny j\u00eddla, kter\u00e9 j\u00edte, na \u017eiviny, kter\u00e9 se pot\u00e9 vst\u0159eb\u00e1vaj\u00ed do Va\u0161eho krevn\u00edho ob\u011bhu a p\u0159en\u00e1\u0161\u00ed do v\u0161ech bun\u011bk Va\u0161eho t\u011bla.<\/p>\n[pharmacylogoblock2]\n","protected":false},"featured_media":2216,"comment_status":"open","ping_status":"closed","template":"","meta":{"_acf_changed":false},"product_brand":[],"product_cat":[65],"product_tag":[],"class_list":{"0":"post-2322","1":"product","2":"type-product","3":"status-publish","4":"has-post-thumbnail","6":"product_cat-doplnek-stravy","8":"first","9":"instock","10":"taxable","11":"shipping-taxable","12":"product-type-external"},"acf":[],"_links":{"self":[{"href":"https:\/\/vsl3.eu\/cz\/wp-json\/wp\/v2\/product\/2322","targetHints":{"allow":["GET"]}}],"collection":[{"href":"https:\/\/vsl3.eu\/cz\/wp-json\/wp\/v2\/product"}],"about":[{"href":"https:\/\/vsl3.eu\/cz\/wp-json\/wp\/v2\/types\/product"}],"replies":[{"embeddable":true,"href":"https:\/\/vsl3.eu\/cz\/wp-json\/wp\/v2\/comments?post=2322"}],"wp:featuredmedia":[{"embeddable":true,"href":"https:\/\/vsl3.eu\/cz\/wp-json\/wp\/v2\/media\/2216"}],"wp:attachment":[{"href":"https:\/\/vsl3.eu\/cz\/wp-json\/wp\/v2\/media?parent=2322"}],"wp:term":[{"taxonomy":"product_brand","embeddable":true,"href":"https:\/\/vsl3.eu\/cz\/wp-json\/wp\/v2\/product_brand?post=2322"},{"taxonomy":"product_cat","embeddable":true,"href":"https:\/\/vsl3.eu\/cz\/wp-json\/wp\/v2\/product_cat?post=2322"},{"taxonomy":"product_tag","embeddable":true,"href":"https:\/\/vsl3.eu\/cz\/wp-json\/wp\/v2\/product_tag?post=2322"}],"curies":[{"name":"wp","href":"https:\/\/api.w.org\/{rel}","templated":true}]}}